{"id":7081,"date":"2018-01-18T13:26:18","date_gmt":"2018-01-18T12:26:18","guid":{"rendered":"https:\/\/baselle.com\/?post_type=product&#038;p=7081"},"modified":"2019-02-22T16:43:53","modified_gmt":"2019-02-22T15:43:53","slug":"louis-vuitton-neverfull-mm","status":"publish","type":"product","link":"https:\/\/baselle.com\/en\/product\/louis-vuitton-neverfull-mm\/","title":{"rendered":"Louis Vuitton Neverfull MM"},"content":{"rendered":"<p>\nVery good condition:<br \/>\nDas Monogram Canvas sowie die naturbelassenen Lederbes\u00e4tze sind in einem hervorragenden Zustand. Das Tascheninnere ist sauber und weist keine L\u00f6cher\/Risse auf. Die goldene Hardware ist in einem einwandfreien Zustand.\n<\/p>\n<p>\nStil: Schulter\/Shopper<br \/>\nHandtaschengr\u00f6\u00dfe: MM<br \/>\nMa\u00dfe (ca.): B32cm*H29cm*T17cm\n<\/p>\n<p>\nObermaterial: Monogram Canvas; Besatz aus Rindsleder<br \/>\nInnenmaterial: Textilinnenfutter\n<\/p>\n<p>\nDie Neverfull ist DIE ikonische Tasche von Louis Vuitton; Dieses limitierte Modell war ausschlie\u00dflich auf Capri erh\u00e4ltlich und sofort ausverkauft. Mit diesem zeitlosen Modell liegst Du immer richtig. Die Tasche ist sehr leicht und ger\u00e4umig &#8211; perfekt f\u00fcr den Alltag &#8211; und sie verf\u00fcgt neben einem gro\u00dfen Innenfach \u00fcber eine abnehmbare Pochette.<\/p>","protected":false},"excerpt":{"rendered":"<table class=\"mlb-product-details\">\n<tbody>\n<tr>\n<td class=\"mlb-details-caption\">Model<\/td>\n<td class=\"mlb-details-value\">Neverfull MM &#8211; Monogram Canvas V Capri<\/td>\n<\/tr>\n<tr>\n<td class=\"mlb-details-caption\">Colour<\/td>\n<td class=\"mlb-details-value\">Monogram Canvas\/Braun\/Rosa<\/td>\n<\/tr>\n<tr>\n<td class=\"mlb-details-caption\">Hardware<\/td>\n<td class=\"mlb-details-value\">Gold<\/td>\n<\/tr>\n<tr>\n<td class=\"mlb-details-caption\">Year<\/td>\n<td class=\"mlb-details-value\">2015<\/td>\n<\/tr>\n<tr>\n<td class=\"mlb-details-caption\">Accessoires<\/td>\n<td class=\"mlb-details-value\">Staubbeutel, LV-Materialinfo, LV-Produktinfo<\/td>\n<\/tr>\n<tr>\n<td class=\"mlb-details-caption\">Condition<\/td>\n<td class=\"mlb-details-value\">Very good condition<\/td>\n<\/tr>\n<\/tbody>\n<\/table>","protected":false},"featured_media":7094,"template":"","meta":[],"product_brand":[],"product_cat":[154,1431,85,99],"product_tag":[],"class_list":{"0":"post-7081","1":"product","2":"type-product","3":"status-publish","4":"has-post-thumbnail","6":"product_cat-designer","7":"product_cat-louisvuitton","8":"product_cat-schultertaschen","9":"product_cat-taschen","10":"product_shipping_class-bis1000","12":"first","13":"outofstock","14":"sold-individually","15":"shipping-taxable","16":"purchasable","17":"product-type-simple"},"_links":{"self":[{"href":"https:\/\/baselle.com\/en\/wp-json\/wp\/v2\/product\/7081","targetHints":{"allow":["GET"]}}],"collection":[{"href":"https:\/\/baselle.com\/en\/wp-json\/wp\/v2\/product"}],"about":[{"href":"https:\/\/baselle.com\/en\/wp-json\/wp\/v2\/types\/product"}],"wp:featuredmedia":[{"embeddable":true,"href":"https:\/\/baselle.com\/en\/wp-json\/wp\/v2\/media\/7094"}],"wp:attachment":[{"href":"https:\/\/baselle.com\/en\/wp-json\/wp\/v2\/media?parent=7081"}],"wp:term":[{"taxonomy":"product_brand","embeddable":true,"href":"https:\/\/baselle.com\/en\/wp-json\/wp\/v2\/product_brand?post=7081"},{"taxonomy":"product_cat","embeddable":true,"href":"https:\/\/baselle.com\/en\/wp-json\/wp\/v2\/product_cat?post=7081"},{"taxonomy":"product_tag","embeddable":true,"href":"https:\/\/baselle.com\/en\/wp-json\/wp\/v2\/product_tag?post=7081"}],"curies":[{"name":"wp","href":"https:\/\/api.w.org\/{rel}","templated":true}]}}