{"id":7029,"date":"2017-11-10T14:52:07","date_gmt":"2017-11-10T13:52:07","guid":{"rendered":"https:\/\/baselle.com\/?post_type=product&#038;p=7029"},"modified":"2020-02-27T12:14:04","modified_gmt":"2020-02-27T11:14:04","slug":"louis-vuitton-lockme-cabas","status":"publish","type":"product","link":"https:\/\/baselle.com\/en\/product\/louis-vuitton-lockme-cabas\/","title":{"rendered":"Louis Vuitton Lockme"},"content":{"rendered":"<p>\nNeuwertig:<br \/>\nDas Leder ist in einem hervorragenden Zustand. Das Tascheninnere ist sauber und weist keine L\u00f6cher\/Risse auf. Die silberne Hardware ist noch mit Schutzfolie bedeckt und daher ebenfalls in einem sehr guten Zustand.\n<\/p>\n<p>\nStil: Schulter\/Shopper\/Tote Bag<br \/>\nHandtaschengr\u00f6\u00dfe: MM<br \/>\nMa\u00dfe (ca.): B43cm*H28cm*T17cm\n<\/p>\n<p>\nObermaterial: Kalbsleder<br \/>\nInnenmaterial: Mikrofaserinnenfutter\n<\/p>\n<p>\nDiese Tote Bag ist eine Tasche, die sich sowohl f\u00fcr das B\u00fcro als auch f\u00fcr Shopping-Tage bestens eignet. Sie ist sehr leicht und ger\u00e4umig und kann bequem \u00fcber der Schulter oder an der Hand getragen werden.<br \/> <br \/>\nDie Lockme Cabas ist aufgeteilt in ein Hauptfach, ein Rei\u00dfverschlussinnenfach sowie zwei darauf aufgestzte Steckf\u00e4cher.<\/p>","protected":false},"excerpt":{"rendered":"<table class=\"mlb-product-details\">\n<tbody>\n<tr>\n<td class=\"mlb-details-caption\">Model<\/td>\n<td class=\"mlb-details-value\">Louis Vuitton Lockme Cabas (M42291)<\/td>\n<\/tr>\n<tr>\n<td class=\"mlb-details-caption\">Colour<\/td>\n<td class=\"mlb-details-value\">Black<\/td>\n<\/tr>\n<tr>\n<td class=\"mlb-details-caption\">Hardware<\/td>\n<td class=\"mlb-details-value\">Silver<\/td>\n<\/tr>\n<tr>\n<td class=\"mlb-details-caption\">Year<\/td>\n<td class=\"mlb-details-value\">2017<\/td>\n<\/tr>\n<tr>\n<td class=\"mlb-details-caption\">Accessoires<\/td>\n<td class=\"mlb-details-value\">Originalrechnung, Staubbeutel, Clochette + Schl\u00fcsselring, Materialinfo, LV-Booklet<\/td>\n<\/tr>\n<tr>\n<td class=\"mlb-details-caption\">Condition<\/td>\n<td class=\"mlb-details-value\">Mint condition<\/td>\n<\/tr>\n<\/tbody>\n<\/table>","protected":false},"featured_media":7057,"template":"","meta":[],"product_brand":[],"product_cat":[154,1431,85,99],"product_tag":[],"class_list":{"0":"post-7029","1":"product","2":"type-product","3":"status-publish","4":"has-post-thumbnail","6":"product_cat-designer","7":"product_cat-louisvuitton","8":"product_cat-schultertaschen","9":"product_cat-taschen","10":"product_shipping_class-bis1000","12":"first","13":"outofstock","14":"sold-individually","15":"shipping-taxable","16":"purchasable","17":"product-type-simple"},"_links":{"self":[{"href":"https:\/\/baselle.com\/en\/wp-json\/wp\/v2\/product\/7029","targetHints":{"allow":["GET"]}}],"collection":[{"href":"https:\/\/baselle.com\/en\/wp-json\/wp\/v2\/product"}],"about":[{"href":"https:\/\/baselle.com\/en\/wp-json\/wp\/v2\/types\/product"}],"wp:featuredmedia":[{"embeddable":true,"href":"https:\/\/baselle.com\/en\/wp-json\/wp\/v2\/media\/7057"}],"wp:attachment":[{"href":"https:\/\/baselle.com\/en\/wp-json\/wp\/v2\/media?parent=7029"}],"wp:term":[{"taxonomy":"product_brand","embeddable":true,"href":"https:\/\/baselle.com\/en\/wp-json\/wp\/v2\/product_brand?post=7029"},{"taxonomy":"product_cat","embeddable":true,"href":"https:\/\/baselle.com\/en\/wp-json\/wp\/v2\/product_cat?post=7029"},{"taxonomy":"product_tag","embeddable":true,"href":"https:\/\/baselle.com\/en\/wp-json\/wp\/v2\/product_tag?post=7029"}],"curies":[{"name":"wp","href":"https:\/\/api.w.org\/{rel}","templated":true}]}}