{"id":7025,"date":"2017-11-05T11:32:46","date_gmt":"2017-11-05T10:32:46","guid":{"rendered":"https:\/\/baselle.com\/?post_type=product&#038;p=7025"},"modified":"2020-02-27T12:03:54","modified_gmt":"2020-02-27T11:03:54","slug":"chanel-in-seoul-large-backpack-purple","status":"publish","type":"product","link":"https:\/\/baselle.com\/en\/product\/chanel-in-seoul-large-backpack-purple\/","title":{"rendered":"CHANEL In Seoul Backpack"},"content":{"rendered":"<p>\n<strong>CHANEL In Seoul Large Backpack Rucksack Beschreibung<\/strong><\/p>\n<p>Der originale CHANEL In Seoul Large Backpack Rucksack aus der CHANEL Cruise Collection 2016 vereint elegantes Design mit l\u00e4ssigem Tragekomfort. Er ist aus weichem Lammleder gefertigt und verf\u00fcgt \u00fcber gewebte Kettenriemen, eine aufgesetzte Stecktasche mit CC-Turnlock sowie champagner-goldfarbene Hardware. Die klassischen Details des typischen CHANEL-Stils werden gekonnt mit Funktionalit\u00e4t in diesem Rucksack vereint. In der gro\u00dfen Version bietet der In Seoul Backpack zudem ausreichend Stauraum, um alle wichtigen Dinge des t\u00e4glichen Bedarfs komfortabel zu verstauen.     <\/p>\n<p>Durch den Kordelzug \u00f6ffnet sich der CHANEL In Seoul Backpack zu einem lilafarbenen Innenfutter mit zwei Steckf\u00e4chern. Ein weiteres aufgesetztes Steckfack auf dem Rucksackr\u00fccken und eine Au\u00dfentasche auf der Vorderseite bieten zus\u00e4tzlichen Stauraum. Dieser zeitlose Rucksack ist die perfekte Erg\u00e4nzung und Abwechslung in der Garderobe eines jeden CHANEL Liebhabers.\n<\/p>\n<p>\n<strong>Mint condition<\/strong><br \/>\nDieser CHANEL In Seoul Large Backpack Rucksack aus zweiter Hand ist ungetragen. Dementsprechend ist er in einem neuwertigen Zustand ohne Gebrauchspuren. Das Lammleder, das Tascheninnere sowie die goldfarbene Hardware sind daher in einem einwandfreien Zustand.\n<\/p>\n<p>\n<strong>Style:<\/strong> Backpack<br \/>\n<strong>Size:<\/strong> Large<br \/>\n<strong>Dimensions (approx.):<\/strong> Breite 24 cm * H\u00f6he 37 cm * Tiefe 7,5 cm\n<\/p>\n<p>\n<strong>Exterior material:<\/strong> Lambskin leather<br \/>\n<strong>Interior Material<\/strong> fabric lining\n<\/p>\n<p>Die Bilder stellen den angebotenen Rucksack dar und sind Eigentum von MyLovelyBoutique.com. <\/p>\n<p>Follow us on <a href=\"https:\/\/www.instagram.com\/mylovelyboutique.de\/\" rel=\"noopener noreferrer\" target=\"_blank\"><span style=\"color: #e0adea;\">Instagram<\/span><\/a> und lass Dich von unseren Outfit-Ideen inspirieren. <\/p>","protected":false},"excerpt":{"rendered":"<table class=\"mlb-product-details\">\n<tbody>\n<tr>\n<td class=\"mlb-details-caption\">Model<\/td>\n<td class=\"mlb-details-value\">Large In Seoul Backpack<\/td>\n<\/tr>\n<tr>\n<td class=\"mlb-details-caption\">Colour<\/td>\n<td class=\"mlb-details-value\">Lila<\/td>\n<\/tr>\n<tr>\n<td class=\"mlb-details-caption\">Hardware<\/td>\n<td class=\"mlb-details-value\">Champagner Gold<\/td>\n<\/tr>\n<tr>\n<td class=\"mlb-details-caption\">Year<\/td>\n<td class=\"mlb-details-value\">2016<\/td>\n<\/tr>\n<tr>\n<td class=\"mlb-details-caption\">Accessoires<\/td>\n<td class=\"mlb-details-value\">Dustbag, serialnumber with hologram<\/td>\n<\/tr>\n<tr>\n<td class=\"mlb-details-caption\">Condition<\/td>\n<td class=\"mlb-details-value\">Mint condition<\/td>\n<\/tr>\n<\/tbody>\n<\/table>","protected":false},"featured_media":7031,"template":"","meta":[],"product_brand":[],"product_cat":[1430,154,88,99],"product_tag":[102],"class_list":{"0":"post-7025","1":"product","2":"type-product","3":"status-publish","4":"has-post-thumbnail","6":"product_cat-chanel","7":"product_cat-designer","8":"product_cat-rucksaecke","9":"product_cat-taschen","10":"product_tag-sale","12":"first","13":"outofstock","14":"sale","15":"sold-individually","16":"shipping-taxable","17":"purchasable","18":"product-type-simple"},"_links":{"self":[{"href":"https:\/\/baselle.com\/en\/wp-json\/wp\/v2\/product\/7025","targetHints":{"allow":["GET"]}}],"collection":[{"href":"https:\/\/baselle.com\/en\/wp-json\/wp\/v2\/product"}],"about":[{"href":"https:\/\/baselle.com\/en\/wp-json\/wp\/v2\/types\/product"}],"wp:featuredmedia":[{"embeddable":true,"href":"https:\/\/baselle.com\/en\/wp-json\/wp\/v2\/media\/7031"}],"wp:attachment":[{"href":"https:\/\/baselle.com\/en\/wp-json\/wp\/v2\/media?parent=7025"}],"wp:term":[{"taxonomy":"product_brand","embeddable":true,"href":"https:\/\/baselle.com\/en\/wp-json\/wp\/v2\/product_brand?post=7025"},{"taxonomy":"product_cat","embeddable":true,"href":"https:\/\/baselle.com\/en\/wp-json\/wp\/v2\/product_cat?post=7025"},{"taxonomy":"product_tag","embeddable":true,"href":"https:\/\/baselle.com\/en\/wp-json\/wp\/v2\/product_tag?post=7025"}],"curies":[{"name":"wp","href":"https:\/\/api.w.org\/{rel}","templated":true}]}}