{"id":6978,"date":"2017-10-18T14:28:13","date_gmt":"2017-10-18T12:28:13","guid":{"rendered":"https:\/\/baselle.com\/?post_type=product&#038;p=6978"},"modified":"2020-02-27T12:13:42","modified_gmt":"2020-02-27T11:13:42","slug":"louis-vuitton-speedy-35-watercolor","status":"publish","type":"product","link":"https:\/\/baselle.com\/en\/product\/louis-vuitton-speedy-35-watercolor\/","title":{"rendered":"Louis Vuitton Speedy 35"},"content":{"rendered":"<p>\nVery good condition:<br \/>\nDas Canvas sowie die Lederbes\u00e4tze sind in einem sehr guten Zustand. Das Tascheninnere weist weder L\u00f6cher\/Risse noch Ger\u00fcche auf. Die goldene Hardware ist ebenfalls in einem guten Zustand.\n<\/p>\n<p>\nStil: Handtasche<br \/>\nHandtaschengr\u00f6\u00dfe: GM<br \/>\nMa\u00dfe (ca.): B35cm*H23cm*T18cm\n<\/p>\n<p>\nObermaterial: Canvas, Bes\u00e4tze aus Leder<br \/>\nInnenmaterial: Textilinnenfutter\n<\/p>\n<p>\nDie wundersch\u00f6ne Speedy Watercolor Aquarelle by Richard Prince war als limitierte Edition sofort ausverkauft und ist nach wie vor eine der begehrtesten und Most-Wanted-Bags unter den Louis Vuitton Speedy Modellen. Durch ihre Farbvielfalt l\u00e4sst sich dieses Sch\u00e4tzchen zu unz\u00e4hligen Outfits kombinieren und verleiht jeder noch so schlichten Garderobe den letzten  Schliff.<\/p>\n<p>Die Speedy geh\u00f6rt zu den Klassikern unter den Louis Vuitton Taschen &#8211; sie ist ein zeitloser, luxuri\u00f6ser und zugleich praktischer Alltagsbegleiter. Die Speedy 35 ist als die Gr\u00f6\u00dfte ihrer Version sehr ger\u00e4umig. Im Tascheninneren befindet sich ein D-Ring sowie ein Steckfach.<\/p>","protected":false},"excerpt":{"rendered":"<table class=\"mlb-product-details\">\n<tbody>\n<tr>\n<td class=\"mlb-details-caption\">Model<\/td>\n<td class=\"mlb-details-value\">Speedy 35 &#8211; Monogram Watercolor Aquarelle (M95752)<\/td>\n<\/tr>\n<tr>\n<td class=\"mlb-details-caption\">Colour<\/td>\n<td class=\"mlb-details-value\">Wei\u00df\/Bunt<\/td>\n<\/tr>\n<tr>\n<td class=\"mlb-details-caption\">Hardware<\/td>\n<td class=\"mlb-details-value\">Gold<\/td>\n<\/tr>\n<tr>\n<td class=\"mlb-details-caption\">Year<\/td>\n<td class=\"mlb-details-value\">2008<\/td>\n<\/tr>\n<tr>\n<td class=\"mlb-details-caption\">Accessoires<\/td>\n<td class=\"mlb-details-value\">Staubbeutel, Schloss + Schl\u00fcssel<\/td>\n<\/tr>\n<tr>\n<td class=\"mlb-details-caption\">Condition<\/td>\n<td class=\"mlb-details-value\">Very good condition<\/td>\n<\/tr>\n<\/tbody>\n<\/table>","protected":false},"featured_media":6994,"template":"","meta":[],"product_brand":[],"product_cat":[154,68,1431,99],"product_tag":[],"class_list":{"0":"post-6978","1":"product","2":"type-product","3":"status-publish","4":"has-post-thumbnail","6":"product_cat-designer","7":"product_cat-handtaschen","8":"product_cat-louisvuitton","9":"product_cat-taschen","10":"product_shipping_class-bis1000","12":"first","13":"outofstock","14":"sold-individually","15":"shipping-taxable","16":"purchasable","17":"product-type-simple"},"_links":{"self":[{"href":"https:\/\/baselle.com\/en\/wp-json\/wp\/v2\/product\/6978","targetHints":{"allow":["GET"]}}],"collection":[{"href":"https:\/\/baselle.com\/en\/wp-json\/wp\/v2\/product"}],"about":[{"href":"https:\/\/baselle.com\/en\/wp-json\/wp\/v2\/types\/product"}],"wp:featuredmedia":[{"embeddable":true,"href":"https:\/\/baselle.com\/en\/wp-json\/wp\/v2\/media\/6994"}],"wp:attachment":[{"href":"https:\/\/baselle.com\/en\/wp-json\/wp\/v2\/media?parent=6978"}],"wp:term":[{"taxonomy":"product_brand","embeddable":true,"href":"https:\/\/baselle.com\/en\/wp-json\/wp\/v2\/product_brand?post=6978"},{"taxonomy":"product_cat","embeddable":true,"href":"https:\/\/baselle.com\/en\/wp-json\/wp\/v2\/product_cat?post=6978"},{"taxonomy":"product_tag","embeddable":true,"href":"https:\/\/baselle.com\/en\/wp-json\/wp\/v2\/product_tag?post=6978"}],"curies":[{"name":"wp","href":"https:\/\/api.w.org\/{rel}","templated":true}]}}