{"id":6956,"date":"2017-10-15T18:56:45","date_gmt":"2017-10-15T16:56:45","guid":{"rendered":"https:\/\/baselle.com\/?post_type=product&#038;p=6956"},"modified":"2020-02-27T12:16:02","modified_gmt":"2020-02-27T11:16:02","slug":"louis-vuitton-citadine-pm","status":"publish","type":"product","link":"https:\/\/baselle.com\/en\/product\/louis-vuitton-citadine-pm\/","title":{"rendered":"Louis Vuitton Citadine PM"},"content":{"rendered":"<p>\nVery good condition:<br \/>\nDas Monogram Empreinte Leder ist in einem sehr guten Zustand. Die Ecken weisen minimale Gebrauchspuren auf. Das Tascheninnere ist sauber und hat weder L\u00f6cher\/Risse noch Ger\u00fcche. Die goldene Hardware ist ebenfalls in einem guten Zustand.\n<\/p>\n<p>\nStil: Schulter\/Shopper<br \/>\nHandtaschengr\u00f6\u00dfe: PM<br \/>\nMa\u00dfe (ca.): B33cm*H27cm*T15cm\n<\/p>\n<p>\nObermaterial: Kalbsleder<br \/>\nInnenmaterial: Textilinnenfutter\n<\/p>\n<p>\nDie Citadine ist ein zeitloser, luxuri\u00f6ser und zugleich praktischer Alltagsbegleiter. Das Rei\u00dfverschlussfach mit zwei innenliegenden Steckf\u00e4chern sowie ein D-Ring sorgen f\u00fcr Ordnung in der Tasche. Die abnehmbare Pochette kann gleichzeitig separat als Clutch verwendet werden.<\/p>","protected":false},"excerpt":{"rendered":"<table class=\"mlb-product-details\">\n<tbody>\n<tr>\n<td class=\"mlb-details-caption\">Model<\/td>\n<td class=\"mlb-details-value\">Citadine PM &#8211; Monogram Empreinte Leder (M40516)<\/td>\n<\/tr>\n<tr>\n<td class=\"mlb-details-caption\">Colour<\/td>\n<td class=\"mlb-details-value\">Ombre\/Taupe<\/td>\n<\/tr>\n<tr>\n<td class=\"mlb-details-caption\">Hardware<\/td>\n<td class=\"mlb-details-value\">Gold<\/td>\n<\/tr>\n<tr>\n<td class=\"mlb-details-caption\">Year<\/td>\n<td class=\"mlb-details-value\">2011<\/td>\n<\/tr>\n<tr>\n<td class=\"mlb-details-caption\">Accessoires<\/td>\n<td class=\"mlb-details-value\">LV-Materialinfo<\/td>\n<\/tr>\n<tr>\n<td class=\"mlb-details-caption\">Condition<\/td>\n<td class=\"mlb-details-value\">Very good condition<\/td>\n<\/tr>\n<\/tbody>\n<\/table>","protected":false},"featured_media":6968,"template":"","meta":[],"product_brand":[],"product_cat":[154,1431,85,99],"product_tag":[102],"class_list":{"0":"post-6956","1":"product","2":"type-product","3":"status-publish","4":"has-post-thumbnail","6":"product_cat-designer","7":"product_cat-louisvuitton","8":"product_cat-schultertaschen","9":"product_cat-taschen","10":"product_tag-sale","11":"product_shipping_class-bis1000","13":"first","14":"outofstock","15":"sale","16":"sold-individually","17":"shipping-taxable","18":"purchasable","19":"product-type-simple"},"_links":{"self":[{"href":"https:\/\/baselle.com\/en\/wp-json\/wp\/v2\/product\/6956","targetHints":{"allow":["GET"]}}],"collection":[{"href":"https:\/\/baselle.com\/en\/wp-json\/wp\/v2\/product"}],"about":[{"href":"https:\/\/baselle.com\/en\/wp-json\/wp\/v2\/types\/product"}],"wp:featuredmedia":[{"embeddable":true,"href":"https:\/\/baselle.com\/en\/wp-json\/wp\/v2\/media\/6968"}],"wp:attachment":[{"href":"https:\/\/baselle.com\/en\/wp-json\/wp\/v2\/media?parent=6956"}],"wp:term":[{"taxonomy":"product_brand","embeddable":true,"href":"https:\/\/baselle.com\/en\/wp-json\/wp\/v2\/product_brand?post=6956"},{"taxonomy":"product_cat","embeddable":true,"href":"https:\/\/baselle.com\/en\/wp-json\/wp\/v2\/product_cat?post=6956"},{"taxonomy":"product_tag","embeddable":true,"href":"https:\/\/baselle.com\/en\/wp-json\/wp\/v2\/product_tag?post=6956"}],"curies":[{"name":"wp","href":"https:\/\/api.w.org\/{rel}","templated":true}]}}