{"id":6955,"date":"2017-10-15T18:19:44","date_gmt":"2017-10-15T16:19:44","guid":{"rendered":"https:\/\/baselle.com\/?post_type=product&#038;p=6955"},"modified":"2020-02-27T12:13:52","modified_gmt":"2020-02-27T11:13:52","slug":"chanel-fantasy-tweed","status":"publish","type":"product","link":"https:\/\/baselle.com\/en\/product\/chanel-fantasy-tweed\/","title":{"rendered":"CHANEL Fantasy Tweed"},"content":{"rendered":"<p>\nVery good condition:<br \/>\nDer Tweed-Stoff ist in einem sehr guten Zustand. Das Tascheninnere ist sauber und weist keine L\u00f6cher\/Risse auf. Auch die silberne Hardware ist in einem guten Zustand.\n<\/p>\n<p>\nStil: Schulter<br \/>\nHandtaschengr\u00f6\u00dfe: Small<br \/>\nMa\u00dfe (ca.): B24cm*H13cm*T7cm<br \/>\nTr\u00e4ger (ca.): einfach=94cm; doppelt=57cm\n<\/p>\n<p>\nObermaterial: Tweed<br \/>\nInnenmaterial: Textilinnenfutter\/Leder\n<\/p>\n<p>\nDie Fantasy Tweed Flap Bag ist ein elegantes und feminines Accessoire f\u00fcr jede Chanel-Liebhaberin und Sammlerin. Das traumhafte Mulitcolor-Tweed l\u00e4sst sich zu unz\u00e4hligen Outfits und Farben kombinieren &#8211; ob im Fr\u00fchjahr, Sommer oder im Winter.\n<\/p>\n<p>\nDie Tasche kann lang oder kurz \u00fcber der Schulter getragen werden. Das Tascheninnere teilt sich auf in ein gro\u00dfes Hauptfach und ein Steckfach. \u00d6ffnen l\u00e4sst sich die Tasche durch einen \u00dcberschlag und verschlossen wird sie durch das typische CC-Turnlock.<\/p>","protected":false},"excerpt":{"rendered":"<table class=\"mlb-product-details\">\n<tbody>\n<tr>\n<td class=\"mlb-details-caption\">Model<\/td>\n<td class=\"mlb-details-value\">Fantasy Tweed Flap Bag<\/td>\n<\/tr>\n<tr>\n<td class=\"mlb-details-caption\">Colour<\/td>\n<td class=\"mlb-details-value\">Bunt\/Elfenbein\/Hellbraun\/Beige\/Anthrazit<\/td>\n<\/tr>\n<tr>\n<td class=\"mlb-details-caption\">Hardware<\/td>\n<td class=\"mlb-details-value\">Silver<\/td>\n<\/tr>\n<tr>\n<td class=\"mlb-details-caption\">Year<\/td>\n<td class=\"mlb-details-value\">2005<\/td>\n<\/tr>\n<tr>\n<td class=\"mlb-details-caption\">Accessoires<\/td>\n<td class=\"mlb-details-value\">Dustbag, serialnumber with hologram<\/td>\n<\/tr>\n<tr>\n<td class=\"mlb-details-caption\">Condition<\/td>\n<td class=\"mlb-details-value\">Very good condition<\/td>\n<\/tr>\n<\/tbody>\n<\/table>","protected":false},"featured_media":7154,"template":"","meta":[],"product_brand":[],"product_cat":[1430,154,85,99],"product_tag":[],"class_list":{"0":"post-6955","1":"product","2":"type-product","3":"status-publish","4":"has-post-thumbnail","6":"product_cat-chanel","7":"product_cat-designer","8":"product_cat-schultertaschen","9":"product_cat-taschen","10":"product_shipping_class-bis1000","12":"first","13":"outofstock","14":"sold-individually","15":"shipping-taxable","16":"purchasable","17":"product-type-simple"},"_links":{"self":[{"href":"https:\/\/baselle.com\/en\/wp-json\/wp\/v2\/product\/6955","targetHints":{"allow":["GET"]}}],"collection":[{"href":"https:\/\/baselle.com\/en\/wp-json\/wp\/v2\/product"}],"about":[{"href":"https:\/\/baselle.com\/en\/wp-json\/wp\/v2\/types\/product"}],"wp:featuredmedia":[{"embeddable":true,"href":"https:\/\/baselle.com\/en\/wp-json\/wp\/v2\/media\/7154"}],"wp:attachment":[{"href":"https:\/\/baselle.com\/en\/wp-json\/wp\/v2\/media?parent=6955"}],"wp:term":[{"taxonomy":"product_brand","embeddable":true,"href":"https:\/\/baselle.com\/en\/wp-json\/wp\/v2\/product_brand?post=6955"},{"taxonomy":"product_cat","embeddable":true,"href":"https:\/\/baselle.com\/en\/wp-json\/wp\/v2\/product_cat?post=6955"},{"taxonomy":"product_tag","embeddable":true,"href":"https:\/\/baselle.com\/en\/wp-json\/wp\/v2\/product_tag?post=6955"}],"curies":[{"name":"wp","href":"https:\/\/api.w.org\/{rel}","templated":true}]}}