{"id":6913,"date":"2017-10-18T11:53:04","date_gmt":"2017-10-18T09:53:04","guid":{"rendered":"https:\/\/baselle.com\/?post_type=product&#038;p=6913"},"modified":"2020-02-27T12:03:17","modified_gmt":"2020-02-27T11:03:17","slug":"louis-vuitton-speedy-25-monogram-empreinte-bandouliere-handtasche","status":"publish","type":"product","link":"https:\/\/baselle.com\/en\/product\/louis-vuitton-speedy-25-monogram-empreinte-bandouliere-handtasche\/","title":{"rendered":"Louis Vuitton Speedy 25"},"content":{"rendered":"<p>\n<strong>Louis Vuitton Speedy 25 Mon. Empreinte Bandouli\u00e8re Handtasche Beschreibung<\/strong><\/p>\n<p>Die originale Louis Vuitton Speedy 25 Mon. Empreinte Bandouli\u00e8re Handtasche ist eine stilvolle Schultertasche mit Kultstatus. Die Speedy geh\u00f6rt zu den zeitlosen Klassikern unter den Louis Vuitton Taschen. Sie ist aus luxuri\u00f6sem Empreinte-Leder mit braunem Monogram gefertigt und verf\u00fcgt \u00fcber doppelt gerollte Ledergriffe, einen abnehmbaren Schulterriemen, sch\u00fctzende Taschenf\u00fc\u00dfe und goldfarbene Hardware. Die weichen Ledergriffe sowie der vielfach verstellbare Schultergurt garantieren Dir maximalen Tragekomfort im Alltag. Die Louis Vuitton Speedy Bandouli\u00e8re kann daher sowohl als Handtasche, kurz bzw. lang \u00fcber der Schulter oder Crossbody getragen werden.<\/p>\n<p>Der Zwei-Wege-Rei\u00dfverschluss an der Oberseite \u00f6ffnet sich zu einem mit dunkelbraunem Stoff gef\u00fctterten Innenraum mit seitlicher Rei\u00dfverschlusstasche sowie zwei Steckf\u00e4chern, in denen wichtige Dinge des t\u00e4glichen Bedarfs untergebracht sind. <\/p>\n<p>Der Neupreis dieser Tasche (altes Design) lag bei 1880,00\u20ac. In diesem Design ist die Speedy Monogram Empreinte Leder bei Louis Vuitton nicht mehr verf\u00fcgbar.\n<\/p>\n<p>\n<strong>Very good condition:<\/strong><br \/>\nDiese Louis Vuitton Speedy 25 Mon. Empreinte Bandouli\u00e8re Handtasche aus zweiter Hand ist insgesamt in einem sehr guten Zustand. Sie wurde wenig getragen und pfleglich behandelt. Dementsprechend sind das Empreinte-Leder sowie die goldenen Hardware-Akzente in einem sehr guten Zustand. Auch das Tascheninnere ist sauber und weist keine L\u00f6cher\/Risse auf.\n<\/p>\n<p>\n<strong>Style:<\/strong> Schulter-\/Handtasche\/Crossbody<br \/>\n<strong>Size:<\/strong> Small<br \/>\n<strong>Dimensions (approx.):<\/strong> Breite 25 cm * H\u00f6he 19 cm * Tiefe 17 cm\n<\/p>\n<p>\n<strong>Exterior material:<\/strong> calfskin leather<br \/>\n<strong>Interior Material<\/strong> fabric lining\n<\/p>\n<p>\nThe pictures represent the offered bag. The picture rights are held by MyLovelyBoutique.com.<\/p>\n<p>Follow us on <a href=\"https:\/\/www.instagram.com\/mylovelyboutique.de\/\" target=\"_blank\" rel=\"noopener noreferrer\"><span style=\"color: #e0adea;\">Instagram<\/span><\/a> und lass Dich von unseren Outfit-Ideen inspirieren.<\/p>","protected":false},"excerpt":{"rendered":"<table class=\"mlb-product-details\">\n<tbody>\n<tr>\n<td class=\"mlb-details-caption\">Model<\/td>\n<td class=\"mlb-details-value\">Speedy 25 &#8211; Monogram Empreinte Bandouli\u00e8re (M40762)<\/td>\n<\/tr>\n<tr>\n<td class=\"mlb-details-caption\">Colour<\/td>\n<td class=\"mlb-details-value\">Terre\/Braun<\/td>\n<\/tr>\n<tr>\n<td class=\"mlb-details-caption\">Hardware<\/td>\n<td class=\"mlb-details-value\">Gold<\/td>\n<\/tr>\n<tr>\n<td class=\"mlb-details-caption\">Year<\/td>\n<td class=\"mlb-details-value\">2012<\/td>\n<\/tr>\n<tr>\n<td class=\"mlb-details-caption\">Accessoires<\/td>\n<td class=\"mlb-details-value\">Box, LV-Materialinfo, Schloss + Schl\u00fcssel, Clochette<\/td>\n<\/tr>\n<tr>\n<td class=\"mlb-details-caption\">Condition<\/td>\n<td class=\"mlb-details-value\">Very good condition<\/td>\n<\/tr>\n<\/tbody>\n<\/table>","protected":false},"featured_media":6985,"template":"","meta":[],"product_brand":[],"product_cat":[87,154,68,1431,85,99],"product_tag":[],"class_list":{"0":"post-6913","1":"product","2":"type-product","3":"status-publish","4":"has-post-thumbnail","6":"product_cat-crossbodytaschen","7":"product_cat-designer","8":"product_cat-handtaschen","9":"product_cat-louisvuitton","10":"product_cat-schultertaschen","11":"product_cat-taschen","12":"product_shipping_class-bis1000","14":"first","15":"outofstock","16":"sold-individually","17":"shipping-taxable","18":"purchasable","19":"product-type-simple"},"_links":{"self":[{"href":"https:\/\/baselle.com\/en\/wp-json\/wp\/v2\/product\/6913","targetHints":{"allow":["GET"]}}],"collection":[{"href":"https:\/\/baselle.com\/en\/wp-json\/wp\/v2\/product"}],"about":[{"href":"https:\/\/baselle.com\/en\/wp-json\/wp\/v2\/types\/product"}],"wp:featuredmedia":[{"embeddable":true,"href":"https:\/\/baselle.com\/en\/wp-json\/wp\/v2\/media\/6985"}],"wp:attachment":[{"href":"https:\/\/baselle.com\/en\/wp-json\/wp\/v2\/media?parent=6913"}],"wp:term":[{"taxonomy":"product_brand","embeddable":true,"href":"https:\/\/baselle.com\/en\/wp-json\/wp\/v2\/product_brand?post=6913"},{"taxonomy":"product_cat","embeddable":true,"href":"https:\/\/baselle.com\/en\/wp-json\/wp\/v2\/product_cat?post=6913"},{"taxonomy":"product_tag","embeddable":true,"href":"https:\/\/baselle.com\/en\/wp-json\/wp\/v2\/product_tag?post=6913"}],"curies":[{"name":"wp","href":"https:\/\/api.w.org\/{rel}","templated":true}]}}