{"id":6912,"date":"2017-10-11T12:41:10","date_gmt":"2017-10-11T10:41:10","guid":{"rendered":"https:\/\/baselle.com\/?post_type=product&#038;p=6912"},"modified":"2019-02-22T16:46:40","modified_gmt":"2019-02-22T15:46:40","slug":"louis-vuitton-heart-purse","status":"publish","type":"product","link":"https:\/\/baselle.com\/en\/product\/louis-vuitton-heart-purse\/","title":{"rendered":"Louis Vuitton Heart Purse"},"content":{"rendered":"<p>\nVery good condition:<br \/>\nDas Monogram Vernis Leder ist in einem sehr guten Zustand. Das Leder im Inneren des Etuis ist sauber und ohne L\u00f6cher\/Risse. Die goldfarbenen Messingbeschl\u00e4ge sind ebenfalls in einem sehr guten Zustand.\n<\/p>\n<p>\nStil: M\u00fcnzgeldtasche<br \/>\nMa\u00dfe (ca.): B10,25cm*H9,5cm*T1,5cm\n<\/p>\n<p>\nObermaterial: Vernis Leder<br \/>\nInnenmaterial: Leder\n<\/p>\n<p>\nDiese wundersch\u00f6ne M\u00fcnztasche kann durch Ihre Verl\u00e4ngerung am D-Ring einer Tasche angebracht werden und ist so immer sofort zur Hand. Auch au\u00dferhalb der Tasche ist das M\u00fcnzetui in seiner Herzform ein toller Hingucker.<\/p>","protected":false},"excerpt":{"rendered":"<table class=\"mlb-product-details\">\n<tbody>\n<tr>\n<td class=\"mlb-details-caption\">Model<\/td>\n<td class=\"mlb-details-value\">Portemonnaie Coeur &#8211; Mono. Vernis Heart Coin Purse (M93660)<\/td>\n<\/tr>\n<tr>\n<td class=\"mlb-details-caption\">Colour<\/td>\n<td class=\"mlb-details-value\">Blue Galactic<\/td>\n<\/tr>\n<tr>\n<td class=\"mlb-details-caption\">Hardware<\/td>\n<td class=\"mlb-details-value\">Gold<\/td>\n<\/tr>\n<tr>\n<td class=\"mlb-details-caption\">Year<\/td>\n<td class=\"mlb-details-value\">2008<\/td>\n<\/tr>\n<tr>\n<td class=\"mlb-details-caption\">Accessoires<\/td>\n<td class=\"mlb-details-value\">Box, Staubbeutel, LV-Materialinfo<\/td>\n<\/tr>\n<tr>\n<td class=\"mlb-details-caption\">Condition<\/td>\n<td class=\"mlb-details-value\">Very good condition<\/td>\n<\/tr>\n<\/tbody>\n<\/table>","protected":false},"featured_media":6948,"template":"","meta":[],"product_brand":[],"product_cat":[57,154,90,1431,89],"product_tag":[],"class_list":{"0":"post-6912","1":"product","2":"type-product","3":"status-publish","4":"has-post-thumbnail","6":"product_cat-accessories","7":"product_cat-designer","8":"product_cat-kleinlederwaren","9":"product_cat-louisvuitton","10":"product_cat-portemonnaie","11":"product_shipping_class-0-500","13":"first","14":"outofstock","15":"sold-individually","16":"shipping-taxable","17":"purchasable","18":"product-type-simple"},"_links":{"self":[{"href":"https:\/\/baselle.com\/en\/wp-json\/wp\/v2\/product\/6912","targetHints":{"allow":["GET"]}}],"collection":[{"href":"https:\/\/baselle.com\/en\/wp-json\/wp\/v2\/product"}],"about":[{"href":"https:\/\/baselle.com\/en\/wp-json\/wp\/v2\/types\/product"}],"wp:featuredmedia":[{"embeddable":true,"href":"https:\/\/baselle.com\/en\/wp-json\/wp\/v2\/media\/6948"}],"wp:attachment":[{"href":"https:\/\/baselle.com\/en\/wp-json\/wp\/v2\/media?parent=6912"}],"wp:term":[{"taxonomy":"product_brand","embeddable":true,"href":"https:\/\/baselle.com\/en\/wp-json\/wp\/v2\/product_brand?post=6912"},{"taxonomy":"product_cat","embeddable":true,"href":"https:\/\/baselle.com\/en\/wp-json\/wp\/v2\/product_cat?post=6912"},{"taxonomy":"product_tag","embeddable":true,"href":"https:\/\/baselle.com\/en\/wp-json\/wp\/v2\/product_tag?post=6912"}],"curies":[{"name":"wp","href":"https:\/\/api.w.org\/{rel}","templated":true}]}}