{"id":6906,"date":"2017-10-10T17:57:18","date_gmt":"2017-10-10T15:57:18","guid":{"rendered":"https:\/\/baselle.com\/?post_type=product&#038;p=6906"},"modified":"2020-02-27T12:16:07","modified_gmt":"2020-02-27T11:16:07","slug":"chanel-chevron-tote-bag","status":"publish","type":"product","link":"https:\/\/baselle.com\/en\/product\/chanel-chevron-tote-bag\/","title":{"rendered":"CHANEL Chevron Tote Bag"},"content":{"rendered":"<p>\nVery good condition:<br \/>\nDas Leder ist rundum in einem hervorragenden Zustand &#8211; keinerlei Abrieb, auch nicht an den Ecken der Tasche. Das Tascheninnere ist sauber und weist keine L\u00f6cher\/Risse auf. Die schwarze Hardware ist ebenfalls in einem hervorragenden Zustand.\n<\/p>\n<p>\nStil: Schulter\/Crossbody<br \/>\nHandtaschengr\u00f6\u00dfe: Large<br \/>\nMa\u00dfe (ca.): B38cm*H31cm*T12cm<br \/>\nTr\u00e4gerl\u00e4nge: einfach114=cm; doppelt=72cm\n<\/p>\n<p>\nObermaterial: Gestepptes Leder<br \/>\nInnenmaterial: Textilinnenfutter\n<\/p>\n<p>\nDie Chevron Tote Bag ist aus der limitierten, begehrten und sofort ausverkauften &#8220;So Black&#8221;-Edition von CHANEL.<br \/> <br \/>\nSchlicht und elegant zugleich wird diese Tasche zum Alltags-Favoriten, da sie sich komplett in Schwarz zu nahezu jedem Outfit kombinieren l\u00e4sst. Die Tasche ist bequem \u00fcber der Schulter oder Corssbody zu tragen. \u00d6ffnen l\u00e4sst sie sich durch das typische CC-Turnlock.\n<\/p>\n<p>\nDie Tasche bietet sehr viel Platz und Ordnung durch mehrere F\u00e4cher:<br \/>\n&#8211; eine vorne aufgesetzte Tasche unter der Lasche;<br \/>\n&#8211; ein Hauptfach mit zwei aufgesetzten Steckf\u00e4chern und einem Rei\u00dfverschlussinnenfach;<br \/>\n&#8211; ein Lederband mit Karabiner im Hauptfach;<br \/>\n&#8211; ein weiteres Steckfach hinter dem Hauptfach sowie<br \/>\n&#8211; ein aufgesetzes Steckfach am Taschenr\u00fccken.<\/p>","protected":false},"excerpt":{"rendered":"<table class=\"mlb-product-details\">\n<tbody>\n<tr>\n<td class=\"mlb-details-caption\">Model<\/td>\n<td class=\"mlb-details-value\">Chevron So Black Tote Bag<\/td>\n<\/tr>\n<tr>\n<td class=\"mlb-details-caption\">Colour<\/td>\n<td class=\"mlb-details-value\">Black<\/td>\n<\/tr>\n<tr>\n<td class=\"mlb-details-caption\">Hardware<\/td>\n<td class=\"mlb-details-value\">Black<\/td>\n<\/tr>\n<tr>\n<td class=\"mlb-details-caption\">Year<\/td>\n<td class=\"mlb-details-value\">2015<\/td>\n<\/tr>\n<tr>\n<td class=\"mlb-details-caption\">Accessoires<\/td>\n<td class=\"mlb-details-value\">&#8211;<\/td>\n<\/tr>\n<tr>\n<td class=\"mlb-details-caption\">Condition<\/td>\n<td class=\"mlb-details-value\">Very good condition<\/td>\n<\/tr>\n<\/tbody>\n<\/table>","protected":false},"featured_media":6915,"template":"","meta":[],"product_brand":[],"product_cat":[1430,87,154,85,99],"product_tag":[],"class_list":{"0":"post-6906","1":"product","2":"type-product","3":"status-publish","4":"has-post-thumbnail","6":"product_cat-chanel","7":"product_cat-crossbodytaschen","8":"product_cat-designer","9":"product_cat-schultertaschen","10":"product_cat-taschen","12":"first","13":"outofstock","14":"sold-individually","15":"shipping-taxable","16":"purchasable","17":"product-type-simple"},"_links":{"self":[{"href":"https:\/\/baselle.com\/en\/wp-json\/wp\/v2\/product\/6906","targetHints":{"allow":["GET"]}}],"collection":[{"href":"https:\/\/baselle.com\/en\/wp-json\/wp\/v2\/product"}],"about":[{"href":"https:\/\/baselle.com\/en\/wp-json\/wp\/v2\/types\/product"}],"wp:featuredmedia":[{"embeddable":true,"href":"https:\/\/baselle.com\/en\/wp-json\/wp\/v2\/media\/6915"}],"wp:attachment":[{"href":"https:\/\/baselle.com\/en\/wp-json\/wp\/v2\/media?parent=6906"}],"wp:term":[{"taxonomy":"product_brand","embeddable":true,"href":"https:\/\/baselle.com\/en\/wp-json\/wp\/v2\/product_brand?post=6906"},{"taxonomy":"product_cat","embeddable":true,"href":"https:\/\/baselle.com\/en\/wp-json\/wp\/v2\/product_cat?post=6906"},{"taxonomy":"product_tag","embeddable":true,"href":"https:\/\/baselle.com\/en\/wp-json\/wp\/v2\/product_tag?post=6906"}],"curies":[{"name":"wp","href":"https:\/\/api.w.org\/{rel}","templated":true}]}}