{"id":6861,"date":"2017-09-24T15:08:20","date_gmt":"2017-09-24T13:08:20","guid":{"rendered":"https:\/\/baselle.com\/?post_type=product&#038;p=6861"},"modified":"2020-02-27T12:16:14","modified_gmt":"2020-02-27T11:16:14","slug":"chanel-2-55-reissue","status":"publish","type":"product","link":"https:\/\/baselle.com\/en\/product\/chanel-2-55-reissue\/","title":{"rendered":"CHANEL 2.55 Reissue"},"content":{"rendered":"<p>\nVery good condition:<br \/>\nDas Aged Calfskin Leder ist in einem guten Zustand. Das Tascheninnere ist sauber und weist keine L\u00f6cher\/Risse auf. Die silberne Hardware ist ebenfalls in einem sehr guten Zustand.\n<\/p>\n<p>\nStil: Schulter\/Crossbody<br \/>\nHandtaschengr\u00f6\u00dfe: Medium<br \/>\nMa\u00dfe (ca.): B28cm*H19cm*T6cm<br \/>\nTr\u00e4gerl\u00e4nge: einfach=107cm, doppelt=64cm\n<\/p>\n<p>\nObermaterial: Geknautschtes Kalbsleder<br \/>\nInnenmaterial: Leder\n<\/p>\n<p>\nDie 2.55 geh\u00f6rt zu den Klassikern von CHANEL, und ist in ihrer Metallic-Ausf\u00fchrung wieder top aktuell in dieser Herbst\/Winter Saison. Der aktuelle Boutique-Preis liegt bei 4.990\u20ac. <br \/>\nDie Kette ist in der L\u00e4nge verstellbar, so dass die Tasche lang oder kurz \u00fcber der Schulter getragen werden kann. Das Tascheninnere teilt sich auf in ein gro\u00dfes Hauptfach und zwei Steckf\u00e4cher. Au\u00dferdem befindet sich vor dem Hauptfach ein Steckfach und unter der ersten Klappe ein kleines Rei\u00dfverschlussfach. Eine praktische aufgesetzte Au\u00dfentasche ist am Taschenr\u00fccken vorhanden.<br \/>\nVerschlossen wird die Tasche durch das typische Mademoiselle-Turnlock.<\/p>","protected":false},"excerpt":{"rendered":"<table class=\"mlb-product-details\">\n<tbody>\n<tr>\n<td class=\"mlb-details-caption\">Model<\/td>\n<td class=\"mlb-details-value\">2.55 Reissue Aged Calfskin Double Flap Bag<\/td>\n<\/tr>\n<tr>\n<td class=\"mlb-details-caption\">Colour<\/td>\n<td class=\"mlb-details-value\">Metallic Gold\/Kupfer<\/td>\n<\/tr>\n<tr>\n<td class=\"mlb-details-caption\">Hardware<\/td>\n<td class=\"mlb-details-value\">Silver<\/td>\n<\/tr>\n<tr>\n<td class=\"mlb-details-caption\">Year<\/td>\n<td class=\"mlb-details-value\">2007<\/td>\n<\/tr>\n<tr>\n<td class=\"mlb-details-caption\">Accessoires<\/td>\n<td class=\"mlb-details-value\">Box, Seriennummer mit Hologramm<\/td>\n<\/tr>\n<tr>\n<td class=\"mlb-details-caption\">Condition<\/td>\n<td class=\"mlb-details-value\">Very good condition<\/td>\n<\/tr>\n<\/tbody>\n<\/table>","protected":false},"featured_media":6863,"template":"","meta":[],"product_brand":[],"product_cat":[1430,87,154,85],"product_tag":[],"class_list":{"0":"post-6861","1":"product","2":"type-product","3":"status-publish","4":"has-post-thumbnail","6":"product_cat-chanel","7":"product_cat-crossbodytaschen","8":"product_cat-designer","9":"product_cat-schultertaschen","10":"product_shipping_class-bis1000","12":"first","13":"outofstock","14":"sold-individually","15":"shipping-taxable","16":"purchasable","17":"product-type-simple"},"_links":{"self":[{"href":"https:\/\/baselle.com\/en\/wp-json\/wp\/v2\/product\/6861","targetHints":{"allow":["GET"]}}],"collection":[{"href":"https:\/\/baselle.com\/en\/wp-json\/wp\/v2\/product"}],"about":[{"href":"https:\/\/baselle.com\/en\/wp-json\/wp\/v2\/types\/product"}],"wp:featuredmedia":[{"embeddable":true,"href":"https:\/\/baselle.com\/en\/wp-json\/wp\/v2\/media\/6863"}],"wp:attachment":[{"href":"https:\/\/baselle.com\/en\/wp-json\/wp\/v2\/media?parent=6861"}],"wp:term":[{"taxonomy":"product_brand","embeddable":true,"href":"https:\/\/baselle.com\/en\/wp-json\/wp\/v2\/product_brand?post=6861"},{"taxonomy":"product_cat","embeddable":true,"href":"https:\/\/baselle.com\/en\/wp-json\/wp\/v2\/product_cat?post=6861"},{"taxonomy":"product_tag","embeddable":true,"href":"https:\/\/baselle.com\/en\/wp-json\/wp\/v2\/product_tag?post=6861"}],"curies":[{"name":"wp","href":"https:\/\/api.w.org\/{rel}","templated":true}]}}