{"id":6831,"date":"2017-09-11T16:51:49","date_gmt":"2017-09-11T14:51:49","guid":{"rendered":"https:\/\/baselle.com\/?post_type=product&#038;p=6831"},"modified":"2020-02-27T12:16:47","modified_gmt":"2020-02-27T11:16:47","slug":"chanel-coco-pleats-hobo","status":"publish","type":"product","link":"https:\/\/baselle.com\/en\/product\/chanel-coco-pleats-hobo\/","title":{"rendered":"CHANEL Coco Pleats Hobo"},"content":{"rendered":"<p>\nVery good condition:<br \/>\nDas Leder ist in einem sehr guten Zustand. Das Tascheninnere ist sauber und weist keine L\u00f6cher\/Risse auf. Die silberne Hardware ist in einem einwandfreien Zustand.\n<\/p>\n<p>\nStil: Schulter\/Crossbody<br \/>\nHandtaschengr\u00f6\u00dfe: Medium-Large<br \/>\nMa\u00dfe (ca.): B41cm*H27cm*T4cm<br \/>\nTr\u00e4gerl\u00e4nge: max. 126cm bis min. 84cm\n<\/p>\n<p>\nObermaterial: gestepptes Leder<br \/>\nInnenmaterial: Textilinnenfutter\n<\/p>\n<p>\nDer abnehmbare Trageriemen aus Leder kann zwischen einer Gesamtl\u00e4nge von maximal 125 cm bis zu einer L\u00e4nge von 84 cm variiert werden.<br \/>\nOb crossbody \u00fcber einer dicken Winterjacke oder nur \u00fcber ein T-Shirt, lang oder kurz \u00fcber der Schulter: Der flexible Tragriemen passt die Tasche jedem Outfit super an!<br \/>\nDas Tascheninnere teilt sich auf in ein Hauptfach, ein Rei\u00dfverschlussfach und zwei Steckf\u00e4cher. An einem Lederband mit Karabiner k\u00f6nnen Schl\u00fcssel etc. angebracht werden. Verschlossen wird die Tasche durch einen Magnetverschluss.<\/p>","protected":false},"excerpt":{"rendered":"<table class=\"mlb-product-details\">\n<tbody>\n<tr>\n<td class=\"mlb-details-caption\">Model<\/td>\n<td class=\"mlb-details-value\">Coco Pleats Hobo Bag<\/td>\n<\/tr>\n<tr>\n<td class=\"mlb-details-caption\">Colour<\/td>\n<td class=\"mlb-details-value\">Marine\/Dark Blue<\/td>\n<\/tr>\n<tr>\n<td class=\"mlb-details-caption\">Hardware<\/td>\n<td class=\"mlb-details-value\">Ruthenium<\/td>\n<\/tr>\n<tr>\n<td class=\"mlb-details-caption\">Year<\/td>\n<td class=\"mlb-details-value\">2012<\/td>\n<\/tr>\n<tr>\n<td class=\"mlb-details-caption\">Accessoires<\/td>\n<td class=\"mlb-details-value\">Dustbag, authenticity card, serialnumber with hologram<\/td>\n<\/tr>\n<tr>\n<td class=\"mlb-details-caption\">Condition<\/td>\n<td class=\"mlb-details-value\">Very good condition<\/td>\n<\/tr>\n<\/tbody>\n<\/table>","protected":false},"featured_media":6833,"template":"","meta":[],"product_brand":[],"product_cat":[1430,87,154,85,99],"product_tag":[],"class_list":{"0":"post-6831","1":"product","2":"type-product","3":"status-publish","4":"has-post-thumbnail","6":"product_cat-chanel","7":"product_cat-crossbodytaschen","8":"product_cat-designer","9":"product_cat-schultertaschen","10":"product_cat-taschen","11":"product_shipping_class-bis1000","13":"first","14":"outofstock","15":"sold-individually","16":"shipping-taxable","17":"purchasable","18":"product-type-simple"},"_links":{"self":[{"href":"https:\/\/baselle.com\/en\/wp-json\/wp\/v2\/product\/6831","targetHints":{"allow":["GET"]}}],"collection":[{"href":"https:\/\/baselle.com\/en\/wp-json\/wp\/v2\/product"}],"about":[{"href":"https:\/\/baselle.com\/en\/wp-json\/wp\/v2\/types\/product"}],"wp:featuredmedia":[{"embeddable":true,"href":"https:\/\/baselle.com\/en\/wp-json\/wp\/v2\/media\/6833"}],"wp:attachment":[{"href":"https:\/\/baselle.com\/en\/wp-json\/wp\/v2\/media?parent=6831"}],"wp:term":[{"taxonomy":"product_brand","embeddable":true,"href":"https:\/\/baselle.com\/en\/wp-json\/wp\/v2\/product_brand?post=6831"},{"taxonomy":"product_cat","embeddable":true,"href":"https:\/\/baselle.com\/en\/wp-json\/wp\/v2\/product_cat?post=6831"},{"taxonomy":"product_tag","embeddable":true,"href":"https:\/\/baselle.com\/en\/wp-json\/wp\/v2\/product_tag?post=6831"}],"curies":[{"name":"wp","href":"https:\/\/api.w.org\/{rel}","templated":true}]}}