{"id":6813,"date":"2017-09-03T16:27:04","date_gmt":"2017-09-03T14:27:04","guid":{"rendered":"https:\/\/baselle.com\/?post_type=product&#038;p=6813"},"modified":"2020-02-27T12:17:15","modified_gmt":"2020-02-27T11:17:15","slug":"chanel-quilted-shopping-bag","status":"publish","type":"product","link":"https:\/\/baselle.com\/en\/product\/chanel-quilted-shopping-bag\/","title":{"rendered":"CHANEL Shopping Bag"},"content":{"rendered":"<p>\nVery good condition:<br \/>\nDas Leder ist in einem sehr guten Zustand. Das Tascheninnere ist sauber und weist keine L\u00f6cher\/Risse auf. Die silberne Hardware ist ebenfalls in einem hervorragenden Zustand.\n<\/p>\n<p>\nStil: Schulter\/Crossbody<br \/>\nHandtaschengr\u00f6\u00dfe: Large<br \/>\nMa\u00dfe (ca.): B33cm*H32cm*T11cm<br \/>\nTr\u00e4gerl\u00e4nge: 66cm\n<\/p>\n<p>\nObermaterial: Gestepptes Leder<br \/>\nInnenmaterial: Textilinnenfutter\n<\/p>\n<p>\nDie Tasche ist bequem \u00fcber der Schulter zu tragen. \u00d6ffnen l\u00e4sst sie sich durch das typische CC-Turnlock.\n<\/p>\n<p>\nDas Tascheninnere bietet viele F\u00e4cher und Innentaschen:<br \/>\n&#8211; ein Rei\u00dfverschlussfach trennt die zwei Hauptf\u00e4cher;<br \/>\n&#8211; ein Hauptfach mit zwei aufgesetzten Taschen;<br \/>\n&#8211; ein Hauptfach mit einem Rei\u00dfverschlussinnenfach und<br \/>\n&#8211; Lederband mit Karabiner f\u00fcr z.B. Schl\u00fcssel.<br \/>\nEin weiteres aufgesetztes Steckfach befindet sich am Taschenr\u00fccken.<\/p>","protected":false},"excerpt":{"rendered":"<table class=\"mlb-product-details\">\n<tbody>\n<tr>\n<td class=\"mlb-details-caption\">Model<\/td>\n<td class=\"mlb-details-value\">Quilted Shopping Bag<\/td>\n<\/tr>\n<tr>\n<td class=\"mlb-details-caption\">Colour<\/td>\n<td class=\"mlb-details-value\">Black<\/td>\n<\/tr>\n<tr>\n<td class=\"mlb-details-caption\">Hardware<\/td>\n<td class=\"mlb-details-value\">Ruthenium<\/td>\n<\/tr>\n<tr>\n<td class=\"mlb-details-caption\">Year<\/td>\n<td class=\"mlb-details-value\">2016<\/td>\n<\/tr>\n<tr>\n<td class=\"mlb-details-caption\">Accessoires<\/td>\n<td class=\"mlb-details-value\">Dustbag, authenticity card, serialnumber with hologram<\/td>\n<\/tr>\n<tr>\n<td class=\"mlb-details-caption\">Condition<\/td>\n<td class=\"mlb-details-value\">Very good condition<\/td>\n<\/tr>\n<\/tbody>\n<\/table>","protected":false},"featured_media":6816,"template":"","meta":[],"product_brand":[],"product_cat":[1430,154,85,99],"product_tag":[],"class_list":{"0":"post-6813","1":"product","2":"type-product","3":"status-publish","4":"has-post-thumbnail","6":"product_cat-chanel","7":"product_cat-designer","8":"product_cat-schultertaschen","9":"product_cat-taschen","10":"product_shipping_class-bis1000","12":"first","13":"outofstock","14":"sold-individually","15":"shipping-taxable","16":"purchasable","17":"product-type-simple"},"_links":{"self":[{"href":"https:\/\/baselle.com\/en\/wp-json\/wp\/v2\/product\/6813","targetHints":{"allow":["GET"]}}],"collection":[{"href":"https:\/\/baselle.com\/en\/wp-json\/wp\/v2\/product"}],"about":[{"href":"https:\/\/baselle.com\/en\/wp-json\/wp\/v2\/types\/product"}],"wp:featuredmedia":[{"embeddable":true,"href":"https:\/\/baselle.com\/en\/wp-json\/wp\/v2\/media\/6816"}],"wp:attachment":[{"href":"https:\/\/baselle.com\/en\/wp-json\/wp\/v2\/media?parent=6813"}],"wp:term":[{"taxonomy":"product_brand","embeddable":true,"href":"https:\/\/baselle.com\/en\/wp-json\/wp\/v2\/product_brand?post=6813"},{"taxonomy":"product_cat","embeddable":true,"href":"https:\/\/baselle.com\/en\/wp-json\/wp\/v2\/product_cat?post=6813"},{"taxonomy":"product_tag","embeddable":true,"href":"https:\/\/baselle.com\/en\/wp-json\/wp\/v2\/product_tag?post=6813"}],"curies":[{"name":"wp","href":"https:\/\/api.w.org\/{rel}","templated":true}]}}