{"id":6811,"date":"2017-08-29T09:56:03","date_gmt":"2017-08-29T07:56:03","guid":{"rendered":"https:\/\/baselle.com\/?post_type=product&#038;p=6811"},"modified":"2019-02-22T16:46:44","modified_gmt":"2019-02-22T15:46:44","slug":"louis-vuitton-artsy-ombre-2","status":"publish","type":"product","link":"https:\/\/baselle.com\/en\/product\/louis-vuitton-artsy-ombre-2\/","title":{"rendered":"Louis Vuitton Artsy Ombre"},"content":{"rendered":"<p>\nGood condition:<br \/>\nDas Monogram Empreinte Leder ist in einem sehr guten Zustand. Die Ecken weisen minimale Gebrauchspuren auf. Das Tascheninnere ist sauber und weist keine L\u00f6cher\/Risse auf. Die goldene Hardware ist ebenfalls in einem guten Zustand.\n<\/p>\n<p>\nStil: Schulter\/Shopper<br \/>\nHandtaschengr\u00f6\u00dfe: MM<br \/>\nMa\u00dfe (ca.): B46cm*H32cm*T24cm\n<\/p>\n<p>\nObermaterial: Kalbsleder<br \/>\nInnenmaterial: Textilinnenfutter\n<\/p>\n<p>\nDie Artsy MM geh\u00f6rt zu den Klassikern unter den Louis Vuitton Taschen &#8211; sie ist ein zeitloser, luxuri\u00f6ser und zugleich praktischer Alltagsbegleiter. Die 6 Einsteckf\u00e4cher, ein Rei\u00dfverschlussfach sowie ein D-Ring sorgen f\u00fcr Ordnung in der Tasche. Der abnehmbare Anh\u00e4nger kann sowohl als Schmuck f\u00fcr die Tasche wie auch als Schl\u00fcsselring verwendet werden.<\/p>","protected":false},"excerpt":{"rendered":"<table class=\"mlb-product-details\">\n<tbody>\n<tr>\n<td class=\"mlb-details-caption\">Model<\/td>\n<td class=\"mlb-details-value\">Artsy MM &#8211; Monogram Empreinte (M93447)<\/td>\n<\/tr>\n<tr>\n<td class=\"mlb-details-caption\">Colour<\/td>\n<td class=\"mlb-details-value\">Ombre\/Taupe<\/td>\n<\/tr>\n<tr>\n<td class=\"mlb-details-caption\">Hardware<\/td>\n<td class=\"mlb-details-value\">Gold<\/td>\n<\/tr>\n<tr>\n<td class=\"mlb-details-caption\">Year<\/td>\n<td class=\"mlb-details-value\">2011<\/td>\n<\/tr>\n<tr>\n<td class=\"mlb-details-caption\">Accessoires<\/td>\n<td class=\"mlb-details-value\">&#8211;<\/td>\n<\/tr>\n<tr>\n<td class=\"mlb-details-caption\">Condition<\/td>\n<td class=\"mlb-details-value\">Good condition<\/td>\n<\/tr>\n<\/tbody>\n<\/table>","protected":false},"featured_media":6800,"template":"","meta":[],"product_brand":[],"product_cat":[154,1431,85,99],"product_tag":[],"class_list":{"0":"post-6811","1":"product","2":"type-product","3":"status-publish","4":"has-post-thumbnail","6":"product_cat-designer","7":"product_cat-louisvuitton","8":"product_cat-schultertaschen","9":"product_cat-taschen","10":"product_shipping_class-bis1000","12":"first","13":"outofstock","14":"sold-individually","15":"shipping-taxable","16":"purchasable","17":"product-type-simple"},"_links":{"self":[{"href":"https:\/\/baselle.com\/en\/wp-json\/wp\/v2\/product\/6811","targetHints":{"allow":["GET"]}}],"collection":[{"href":"https:\/\/baselle.com\/en\/wp-json\/wp\/v2\/product"}],"about":[{"href":"https:\/\/baselle.com\/en\/wp-json\/wp\/v2\/types\/product"}],"wp:featuredmedia":[{"embeddable":true,"href":"https:\/\/baselle.com\/en\/wp-json\/wp\/v2\/media\/6800"}],"wp:attachment":[{"href":"https:\/\/baselle.com\/en\/wp-json\/wp\/v2\/media?parent=6811"}],"wp:term":[{"taxonomy":"product_brand","embeddable":true,"href":"https:\/\/baselle.com\/en\/wp-json\/wp\/v2\/product_brand?post=6811"},{"taxonomy":"product_cat","embeddable":true,"href":"https:\/\/baselle.com\/en\/wp-json\/wp\/v2\/product_cat?post=6811"},{"taxonomy":"product_tag","embeddable":true,"href":"https:\/\/baselle.com\/en\/wp-json\/wp\/v2\/product_tag?post=6811"}],"curies":[{"name":"wp","href":"https:\/\/api.w.org\/{rel}","templated":true}]}}