{"id":6761,"date":"2017-08-11T14:53:05","date_gmt":"2017-08-11T12:53:05","guid":{"rendered":"https:\/\/baselle.com\/?post_type=product&#038;p=6761"},"modified":"2020-02-27T12:17:31","modified_gmt":"2020-02-27T11:17:31","slug":"chanel-felt-flap-bag","status":"publish","type":"product","link":"https:\/\/baselle.com\/en\/product\/chanel-felt-flap-bag\/","title":{"rendered":"CHANEL Felt Flap Bag"},"content":{"rendered":"<p>\nVery good condition:<br \/>\nDer Stoff ist in einem sehr guten Zustand. Das Tascheninnere ist sauber und weist keine L\u00f6cher\/Risse auf. Die silberne Hardware ist ebenfalls in einem hervorragenden Zustand.\n<\/p>\n<p>\nStil: Schulter\/Crossbody<br \/>\nHandtaschengr\u00f6\u00dfe: Large<br \/>\nMa\u00dfe (ca.): B32cm*H21cm*T10cm<br \/>\nTr\u00e4gerl\u00e4nge: einfach=101cm, doppelt=60cm\n<\/p>\n<p>\nObermaterial: Wolle<br \/>\nInnenmaterial: Leder\/Textilinnenfutter\n<\/p>\n<p>\nDie Kette ist in der L\u00e4nge verstellbar, so dass die Tasche lang oder kurz \u00fcber der Schulter sowie quer \u00fcber den K\u00f6rper getragen werden kann. Das Tascheninnere teilt sich auf in ein gro\u00dfes Hauptfach und ein gro\u00dfes Steckfach. Verschlossen wird die Tasche durch das typische CC-Turnlock.<\/p>","protected":false},"excerpt":{"rendered":"<table class=\"mlb-product-details\">\n<tbody>\n<tr>\n<td class=\"mlb-details-caption\">Model<\/td>\n<td class=\"mlb-details-value\">Felt Flap Bag<\/td>\n<\/tr>\n<tr>\n<td class=\"mlb-details-caption\">Colour<\/td>\n<td class=\"mlb-details-value\">Anthrazit<\/td>\n<\/tr>\n<tr>\n<td class=\"mlb-details-caption\">Hardware<\/td>\n<td class=\"mlb-details-value\">Ruthenium<\/td>\n<\/tr>\n<tr>\n<td class=\"mlb-details-caption\">Year<\/td>\n<td class=\"mlb-details-value\">2014<\/td>\n<\/tr>\n<tr>\n<td class=\"mlb-details-caption\">Accessoires<\/td>\n<td class=\"mlb-details-value\">Authentizit\u00e4tskarte, Seriennummer mit Hologramm<\/td>\n<\/tr>\n<tr>\n<td class=\"mlb-details-caption\">Condition<\/td>\n<td class=\"mlb-details-value\">Very good condition<\/td>\n<\/tr>\n<\/tbody>\n<\/table>","protected":false},"featured_media":6762,"template":"","meta":[],"product_brand":[],"product_cat":[1430,87,154,85],"product_tag":[],"class_list":{"0":"post-6761","1":"product","2":"type-product","3":"status-publish","4":"has-post-thumbnail","6":"product_cat-chanel","7":"product_cat-crossbodytaschen","8":"product_cat-designer","9":"product_cat-schultertaschen","10":"product_shipping_class-bis1000","12":"first","13":"outofstock","14":"sold-individually","15":"shipping-taxable","16":"purchasable","17":"product-type-simple"},"_links":{"self":[{"href":"https:\/\/baselle.com\/en\/wp-json\/wp\/v2\/product\/6761","targetHints":{"allow":["GET"]}}],"collection":[{"href":"https:\/\/baselle.com\/en\/wp-json\/wp\/v2\/product"}],"about":[{"href":"https:\/\/baselle.com\/en\/wp-json\/wp\/v2\/types\/product"}],"wp:featuredmedia":[{"embeddable":true,"href":"https:\/\/baselle.com\/en\/wp-json\/wp\/v2\/media\/6762"}],"wp:attachment":[{"href":"https:\/\/baselle.com\/en\/wp-json\/wp\/v2\/media?parent=6761"}],"wp:term":[{"taxonomy":"product_brand","embeddable":true,"href":"https:\/\/baselle.com\/en\/wp-json\/wp\/v2\/product_brand?post=6761"},{"taxonomy":"product_cat","embeddable":true,"href":"https:\/\/baselle.com\/en\/wp-json\/wp\/v2\/product_cat?post=6761"},{"taxonomy":"product_tag","embeddable":true,"href":"https:\/\/baselle.com\/en\/wp-json\/wp\/v2\/product_tag?post=6761"}],"curies":[{"name":"wp","href":"https:\/\/api.w.org\/{rel}","templated":true}]}}