{"id":6749,"date":"2017-08-11T14:44:39","date_gmt":"2017-08-11T12:44:39","guid":{"rendered":"https:\/\/baselle.com\/?post_type=product&#038;p=6749"},"modified":"2020-02-27T12:15:50","modified_gmt":"2020-02-27T11:15:50","slug":"chanel-denim-patchwork","status":"publish","type":"product","link":"https:\/\/baselle.com\/en\/product\/chanel-denim-patchwork\/","title":{"rendered":"CHANEL Denim Patchwork"},"content":{"rendered":"<p>\nVery good condition:<br \/>\nDer Denim Stoff ist in einem sehr guten Zustand. Das Tascheninnere ist sauber und weist keine L\u00f6cher\/Risse auf. Die goldene Hardware ist ebenfalls in einem guten Zustand.\n<\/p>\n<p>\nStil: Schulter\/Crossbody<br \/>\nHandtaschengr\u00f6\u00dfe: Medium<br \/>\nMa\u00dfe (ca.): B26cm*H15cm*T7cm<br \/>\nTr\u00e4gerl\u00e4nge: einfach=106cm, doppelt=66cm\n<\/p>\n<p>\nObermaterial: Denim<br \/>\nInnenmaterial: Textilinnenfutter\n<\/p>\n<p>\nDie Denim Patchwork Boy Flap Bag ist ein limitiertes und sehr begehrtes Sammlerst\u00fcck aus der Cruise Collection 2015.<br \/>\nDie Kette ist in der L\u00e4nge verstellbar, so dass die Tasche lang oder kurz \u00fcber der Schulter sowie quer \u00fcber den K\u00f6rper getragen werden kann. Das Tascheninnere teilt sich auf in ein gro\u00dfes Hauptfach und ein Steckfach. Verschlossen wird die Tasche durch das typische CC-Boy Push Lock.<\/p>","protected":false},"excerpt":{"rendered":"<table class=\"mlb-product-details\">\n<tbody>\n<tr>\n<td class=\"mlb-details-caption\">Model<\/td>\n<td class=\"mlb-details-value\">Denim Patchwork Boy Flap Bag<\/td>\n<\/tr>\n<tr>\n<td class=\"mlb-details-caption\">Colour<\/td>\n<td class=\"mlb-details-value\">Blau\/Denim<\/td>\n<\/tr>\n<tr>\n<td class=\"mlb-details-caption\">Hardware<\/td>\n<td class=\"mlb-details-value\">Gold<\/td>\n<\/tr>\n<tr>\n<td class=\"mlb-details-caption\">Year<\/td>\n<td class=\"mlb-details-value\">2015<\/td>\n<\/tr>\n<tr>\n<td class=\"mlb-details-caption\">Accessoires<\/td>\n<td class=\"mlb-details-value\">Dustbag, authenticity card, serialnumber with hologram<\/td>\n<\/tr>\n<tr>\n<td class=\"mlb-details-caption\">Condition<\/td>\n<td class=\"mlb-details-value\">Very good condition<\/td>\n<\/tr>\n<\/tbody>\n<\/table>","protected":false},"featured_media":6754,"template":"","meta":[],"product_brand":[],"product_cat":[1430,87,154,85,99],"product_tag":[102],"class_list":{"0":"post-6749","1":"product","2":"type-product","3":"status-publish","4":"has-post-thumbnail","6":"product_cat-chanel","7":"product_cat-crossbodytaschen","8":"product_cat-designer","9":"product_cat-schultertaschen","10":"product_cat-taschen","11":"product_tag-sale","13":"first","14":"outofstock","15":"sale","16":"sold-individually","17":"shipping-taxable","18":"purchasable","19":"product-type-simple"},"_links":{"self":[{"href":"https:\/\/baselle.com\/en\/wp-json\/wp\/v2\/product\/6749","targetHints":{"allow":["GET"]}}],"collection":[{"href":"https:\/\/baselle.com\/en\/wp-json\/wp\/v2\/product"}],"about":[{"href":"https:\/\/baselle.com\/en\/wp-json\/wp\/v2\/types\/product"}],"wp:featuredmedia":[{"embeddable":true,"href":"https:\/\/baselle.com\/en\/wp-json\/wp\/v2\/media\/6754"}],"wp:attachment":[{"href":"https:\/\/baselle.com\/en\/wp-json\/wp\/v2\/media?parent=6749"}],"wp:term":[{"taxonomy":"product_brand","embeddable":true,"href":"https:\/\/baselle.com\/en\/wp-json\/wp\/v2\/product_brand?post=6749"},{"taxonomy":"product_cat","embeddable":true,"href":"https:\/\/baselle.com\/en\/wp-json\/wp\/v2\/product_cat?post=6749"},{"taxonomy":"product_tag","embeddable":true,"href":"https:\/\/baselle.com\/en\/wp-json\/wp\/v2\/product_tag?post=6749"}],"curies":[{"name":"wp","href":"https:\/\/api.w.org\/{rel}","templated":true}]}}