{"id":6714,"date":"2017-08-05T11:26:20","date_gmt":"2017-08-05T09:26:20","guid":{"rendered":"https:\/\/baselle.com\/?post_type=product&#038;p=6714"},"modified":"2020-02-27T12:17:07","modified_gmt":"2020-02-27T11:17:07","slug":"chanel-sheep-flap-bag","status":"publish","type":"product","link":"https:\/\/baselle.com\/en\/product\/chanel-sheep-flap-bag\/","title":{"rendered":"CHANEL Sheep Flap Bag"},"content":{"rendered":"<p>\nVery good condition:<br \/>\nDas Leder ist in einem sehr guten Zustand. Das Tascheninnere ist sauber und weist keine L\u00f6cher\/Risse auf. Die goldene Hardware ist ebenfalls in einem guten Zustand.\n<\/p>\n<p>\nStil: Schulter\/Crossbody<br \/>\nHandtaschengr\u00f6\u00dfe: Small<br \/>\nMa\u00dfe (ca.): B21cm*H14cm*T6,5cm<br \/>\nTr\u00e4gerl\u00e4nge: einfach=124cm, doppelt=70cm\n<\/p>\n<p>\nObermaterial: Leder<br \/>\nInnenmaterial: Textilinnenfutter\n<\/p>\n<p>\nDie Kette ist in der L\u00e4nge verstellbar, so dass die Tasche lang oder kurz \u00fcber der Schulter getragen werden kann. Das Tascheninnere teilt sich auf in ein gro\u00dfes Hauptfach, ein Rei\u00dfverschlussinnenfach sowie einem weiteren Steckfach zwischen den zwei Klappen. Verschlossen wird die Tasche durch das typische CC-Turnlock.<\/p>","protected":false},"excerpt":{"rendered":"<table class=\"mlb-product-details\">\n<tbody>\n<tr>\n<td class=\"mlb-details-caption\">Model<\/td>\n<td class=\"mlb-details-value\">Iridescent Sheep Flap Bag<\/td>\n<\/tr>\n<tr>\n<td class=\"mlb-details-caption\">Colour<\/td>\n<td class=\"mlb-details-value\">Bordeaux<\/td>\n<\/tr>\n<tr>\n<td class=\"mlb-details-caption\">Hardware<\/td>\n<td class=\"mlb-details-value\">Gold<\/td>\n<\/tr>\n<tr>\n<td class=\"mlb-details-caption\">Year<\/td>\n<td class=\"mlb-details-value\">2016<\/td>\n<\/tr>\n<tr>\n<td class=\"mlb-details-caption\">Accessoires<\/td>\n<td class=\"mlb-details-value\">Box, Kamelia, Staubbeutel, Authentizit\u00e4tskarte, Seriennummer mit Hologramm<\/td>\n<\/tr>\n<tr>\n<td class=\"mlb-details-caption\">Condition<\/td>\n<td class=\"mlb-details-value\">Very good condition<\/td>\n<\/tr>\n<\/tbody>\n<\/table>","protected":false},"featured_media":6715,"template":"","meta":[],"product_brand":[],"product_cat":[1430,87,154,86,85],"product_tag":[],"class_list":{"0":"post-6714","1":"product","2":"type-product","3":"status-publish","4":"has-post-thumbnail","6":"product_cat-chanel","7":"product_cat-crossbodytaschen","8":"product_cat-designer","9":"product_cat-kleinetaschen","10":"product_cat-schultertaschen","12":"first","13":"outofstock","14":"sold-individually","15":"shipping-taxable","16":"purchasable","17":"product-type-simple"},"_links":{"self":[{"href":"https:\/\/baselle.com\/en\/wp-json\/wp\/v2\/product\/6714","targetHints":{"allow":["GET"]}}],"collection":[{"href":"https:\/\/baselle.com\/en\/wp-json\/wp\/v2\/product"}],"about":[{"href":"https:\/\/baselle.com\/en\/wp-json\/wp\/v2\/types\/product"}],"wp:featuredmedia":[{"embeddable":true,"href":"https:\/\/baselle.com\/en\/wp-json\/wp\/v2\/media\/6715"}],"wp:attachment":[{"href":"https:\/\/baselle.com\/en\/wp-json\/wp\/v2\/media?parent=6714"}],"wp:term":[{"taxonomy":"product_brand","embeddable":true,"href":"https:\/\/baselle.com\/en\/wp-json\/wp\/v2\/product_brand?post=6714"},{"taxonomy":"product_cat","embeddable":true,"href":"https:\/\/baselle.com\/en\/wp-json\/wp\/v2\/product_cat?post=6714"},{"taxonomy":"product_tag","embeddable":true,"href":"https:\/\/baselle.com\/en\/wp-json\/wp\/v2\/product_tag?post=6714"}],"curies":[{"name":"wp","href":"https:\/\/api.w.org\/{rel}","templated":true}]}}