{"id":6700,"date":"2017-08-05T11:01:53","date_gmt":"2017-08-05T09:01:53","guid":{"rendered":"https:\/\/baselle.com\/?post_type=product&#038;p=6700"},"modified":"2020-02-27T12:16:35","modified_gmt":"2020-02-27T11:16:35","slug":"chanel-large-boy","status":"publish","type":"product","link":"https:\/\/baselle.com\/en\/product\/chanel-large-boy\/","title":{"rendered":"CHANEL Large Boy"},"content":{"rendered":"<p>\nVery good condition:<br \/>\nDas Kalbsleder ist in einem sehr guten Zustand. Das Tascheninnere ist sauber und weist keine L\u00f6cher\/Risse auf. Die silberne Hardware ist ebenfalls in einem sehr guten Zustand.\n<\/p>\n<p>\nStil: Schulter\/Crossbody<br \/>\nHandtaschengr\u00f6\u00dfe: Large<br \/>\nMa\u00dfe (ca.): B30cm*H22cm*T8cm<br \/>\nTr\u00e4gerl\u00e4nge: einfach=110cm, doppelt=70cm\n<\/p>\n<p>\nObermaterial: gestepptes Kalbsleder<br \/>\nInnenmaterial: Textilinnenfutter\n<\/p>\n<p>\nDieser Traum einer Tasche geh\u00f6rt zu den Klassikern von CHANEL und ist daher ein zeitloser, immer begehrter Alltagsbegleiter. <br \/>\nDie Kette ist in der L\u00e4nge verstellbar, so dass die Tasche lang oder kurz \u00fcber der Schulter getragen werden kann. Das Tascheninnere teilt sich auf in ein gro\u00dfes Hauptfach, zwei kleinere und ein gro\u00dfes Steckfach sowie ein Rei\u00dfverschlussinnenfach. Verschlossen wird die Tasche durch das typische CC-Boy Push Lock.<\/p>","protected":false},"excerpt":{"rendered":"<table class=\"mlb-product-details\">\n<tbody>\n<tr>\n<td class=\"mlb-details-caption\">Model<\/td>\n<td class=\"mlb-details-value\">Large Boy Bag<\/td>\n<\/tr>\n<tr>\n<td class=\"mlb-details-caption\">Colour<\/td>\n<td class=\"mlb-details-value\">Dunkelbraun<\/td>\n<\/tr>\n<tr>\n<td class=\"mlb-details-caption\">Hardware<\/td>\n<td class=\"mlb-details-value\">Ruthenium<\/td>\n<\/tr>\n<tr>\n<td class=\"mlb-details-caption\">Year<\/td>\n<td class=\"mlb-details-value\">2013<\/td>\n<\/tr>\n<tr>\n<td class=\"mlb-details-caption\">Accessoires<\/td>\n<td class=\"mlb-details-value\">Kopie der Originalrechnung, Box, Staubbeutel, Seriennummer mit Hologramm<\/td>\n<\/tr>\n<tr>\n<td class=\"mlb-details-caption\">Condition<\/td>\n<td class=\"mlb-details-value\">Very good condition<\/td>\n<\/tr>\n<\/tbody>\n<\/table>","protected":false},"featured_media":6701,"template":"","meta":[],"product_brand":[],"product_cat":[1430,87,154,85],"product_tag":[],"class_list":{"0":"post-6700","1":"product","2":"type-product","3":"status-publish","4":"has-post-thumbnail","6":"product_cat-chanel","7":"product_cat-crossbodytaschen","8":"product_cat-designer","9":"product_cat-schultertaschen","11":"first","12":"outofstock","13":"sold-individually","14":"shipping-taxable","15":"purchasable","16":"product-type-simple"},"_links":{"self":[{"href":"https:\/\/baselle.com\/en\/wp-json\/wp\/v2\/product\/6700","targetHints":{"allow":["GET"]}}],"collection":[{"href":"https:\/\/baselle.com\/en\/wp-json\/wp\/v2\/product"}],"about":[{"href":"https:\/\/baselle.com\/en\/wp-json\/wp\/v2\/types\/product"}],"wp:featuredmedia":[{"embeddable":true,"href":"https:\/\/baselle.com\/en\/wp-json\/wp\/v2\/media\/6701"}],"wp:attachment":[{"href":"https:\/\/baselle.com\/en\/wp-json\/wp\/v2\/media?parent=6700"}],"wp:term":[{"taxonomy":"product_brand","embeddable":true,"href":"https:\/\/baselle.com\/en\/wp-json\/wp\/v2\/product_brand?post=6700"},{"taxonomy":"product_cat","embeddable":true,"href":"https:\/\/baselle.com\/en\/wp-json\/wp\/v2\/product_cat?post=6700"},{"taxonomy":"product_tag","embeddable":true,"href":"https:\/\/baselle.com\/en\/wp-json\/wp\/v2\/product_tag?post=6700"}],"curies":[{"name":"wp","href":"https:\/\/api.w.org\/{rel}","templated":true}]}}