{"id":6520,"date":"2017-06-16T16:19:49","date_gmt":"2017-06-16T14:19:49","guid":{"rendered":"https:\/\/baselle.com\/?post_type=product&#038;p=6520"},"modified":"2021-11-14T21:36:56","modified_gmt":"2021-11-14T20:36:56","slug":"louis-vuitton-petite-malle-taschenschmuck","status":"publish","type":"product","link":"https:\/\/baselle.com\/en\/product\/louis-vuitton-petite-malle-taschenschmuck\/","title":{"rendered":"Louis Vuitton Petite Malle"},"content":{"rendered":"<p>\n<strong>Louis Vuitton Petite Malle Bag Charm Taschenschmuck Beschreibung<\/strong> <\/p>\n<p>Der originale Louis Vuitton Petite Malle Bag Charm Taschenschmuck ist die kleine Ausf\u00fchrung der ikonischen Petite Malle Handtasche des Hauses Louis Vuittons. Er ist aus Kalbsleder gefertigt und verf\u00fcgt \u00fcber raffinierte Details aus gold- und silberfarbenen Messing, versehen mit perfekt zierlicher LV-Gravur. Ob an Deiner Tasche befestigt oder als Schl\u00fcsselanh\u00e4nger &#8211; der Petite Malle Taschenschmuck ist immer ein Hingucker!\n<\/p>\n<p>\n<strong>Excellent condition<\/strong><br \/>\nDieser Louis Vuitton Petite Malle Taschenschmuck aus zweiter Hand ist in einem hervorragenden Zustand. Er wurde lediglich ein paar Mal getragen und daher \u00fcberwiegend im Staubbeutel aufbewahrt.<br \/>\nDementsprechend sind das goldfarbene Messing sowie das Kalbsleder in einem einwandfreien Zustand.\n<\/p>\n<p>\n<strong>Dimensions (approx.):<\/strong> 7 cm * 4,5 cm\n<\/p>\n<p>\n<strong>Materials:<\/strong> Messing mit gold- und silberfarbenen Finish; Kalbsleder\n<\/p>\n<p>The pictures represent the offered bag charm. The picture rights are held by MyLovelyBoutique.com. <\/p>\n<p>Follow us on <a href=\"https:\/\/www.instagram.com\/mylovelyboutique.de\/\" rel=\"noopener noreferrer\" target=\"_blank\"><span style=\"color: #e0adea;\">Instagram<\/span><\/a> und lass Dich von unseren Outfit-Ideen inspirieren. <\/p>","protected":false},"excerpt":{"rendered":"<table class=\"mlb-product-details\">\n<tbody>\n<tr>\n<td class=\"mlb-details-caption\">Model<\/td>\n<td class=\"mlb-details-value\">Petite Malle Taschenschmuck (M00004)<\/td>\n<\/tr>\n<tr>\n<td class=\"mlb-details-caption\">Colour<\/td>\n<td class=\"mlb-details-value\">Schwarz\/Wei\u00df<\/td>\n<\/tr>\n<tr>\n<td class=\"mlb-details-caption\">Hardware<\/td>\n<td class=\"mlb-details-value\">Messing mit Gold- &#038; Palladium-Finish<\/td>\n<\/tr>\n<tr>\n<td class=\"mlb-details-caption\">Year<\/td>\n<td class=\"mlb-details-value\">2017<\/td>\n<\/tr>\n<tr>\n<td class=\"mlb-details-caption\">Accessoires<\/td>\n<td class=\"mlb-details-value\">Staubbeutel, Kopie der Originalrechnung<\/td>\n<\/tr>\n<tr>\n<td class=\"mlb-details-caption\">Condition<\/td>\n<td class=\"mlb-details-value\">Excellent condition<\/td>\n<\/tr>\n<\/tbody>\n<\/table>","protected":false},"featured_media":9589,"template":"","meta":[],"product_brand":[],"product_cat":[57,154,1431,92],"product_tag":[],"class_list":{"0":"post-6520","1":"product","2":"type-product","3":"status-publish","4":"has-post-thumbnail","6":"product_cat-accessories","7":"product_cat-designer","8":"product_cat-louisvuitton","9":"product_cat-taschenschmuck","10":"product_shipping_class-0-500","12":"first","13":"outofstock","14":"sold-individually","15":"shipping-taxable","16":"purchasable","17":"product-type-simple"},"_links":{"self":[{"href":"https:\/\/baselle.com\/en\/wp-json\/wp\/v2\/product\/6520","targetHints":{"allow":["GET"]}}],"collection":[{"href":"https:\/\/baselle.com\/en\/wp-json\/wp\/v2\/product"}],"about":[{"href":"https:\/\/baselle.com\/en\/wp-json\/wp\/v2\/types\/product"}],"wp:featuredmedia":[{"embeddable":true,"href":"https:\/\/baselle.com\/en\/wp-json\/wp\/v2\/media\/9589"}],"wp:attachment":[{"href":"https:\/\/baselle.com\/en\/wp-json\/wp\/v2\/media?parent=6520"}],"wp:term":[{"taxonomy":"product_brand","embeddable":true,"href":"https:\/\/baselle.com\/en\/wp-json\/wp\/v2\/product_brand?post=6520"},{"taxonomy":"product_cat","embeddable":true,"href":"https:\/\/baselle.com\/en\/wp-json\/wp\/v2\/product_cat?post=6520"},{"taxonomy":"product_tag","embeddable":true,"href":"https:\/\/baselle.com\/en\/wp-json\/wp\/v2\/product_tag?post=6520"}],"curies":[{"name":"wp","href":"https:\/\/api.w.org\/{rel}","templated":true}]}}