{"id":6480,"date":"2017-06-01T17:24:59","date_gmt":"2017-06-01T15:24:59","guid":{"rendered":"https:\/\/baselle.com\/?post_type=product&#038;p=6480"},"modified":"2019-02-22T16:48:36","modified_gmt":"2019-02-22T15:48:36","slug":"chanel-double-flap-medium","status":"publish","type":"product","link":"https:\/\/baselle.com\/en\/product\/chanel-double-flap-medium\/","title":{"rendered":"CHANEL Timeless Medium"},"content":{"rendered":"<p>\nVery good condition:<br \/>\nDas Kaviar Leder ist in einem hervorragenden Zustand. Das Tascheninnere ist sauber und weist keine L\u00f6cher\/Risse auf. Die silberne Hardware ist ebenfalls in einem sehr guten Zustand.\n<\/p>\n<p>\nStil: Schulter\/Crossbody<br \/>\nHandtaschengr\u00f6\u00dfe: Medium<br \/>\nMa\u00dfe (ca.): B26cm*H16cm*T7cm<br \/>\nTr\u00e4gerl\u00e4nge: einfach=89cm, doppelt=55cm\n<\/p>\n<p>\nObermaterial: Genarbtes Leder<br \/>\nInnenmaterial: Leder\n<\/p>\n<p>\nDieser Traum einer Tasche ist DER Klassiker von CHANEL, in dieser Kombination aus Kaviar Leder und silberner Hardware wahnsinnig beliebt und daher st\u00e4ndig ausverkauft! <br \/>\nDie Kette ist in der L\u00e4nge verstellbar, so dass die Tasche lang oder kurz \u00fcber der Schulter getragen werden kann. Das Tascheninnere teilt sich auf in ein gro\u00dfes Hauptfach und zwei Steckf\u00e4cher. Au\u00dferdem befindet sich vor dem Hauptfach ein Steckfach und unter der ersten Klappe ein kleines Rei\u00dfverschlussfach. Eine praktische aufgesetzte Au\u00dfentasche ist am Taschenr\u00fccken vorhanden.<br \/>\nVerschlossen wird die Tasche durch das typische CC-Turnlock.<\/p>","protected":false},"excerpt":{"rendered":"<table class=\"mlb-product-details\">\n<tbody>\n<tr>\n<td class=\"mlb-details-caption\">Model<\/td>\n<td class=\"mlb-details-value\">Timeless Medium Double Flap Kaviar<\/td>\n<\/tr>\n<tr>\n<td class=\"mlb-details-caption\">Colour<\/td>\n<td class=\"mlb-details-value\">Black<\/td>\n<\/tr>\n<tr>\n<td class=\"mlb-details-caption\">Hardware<\/td>\n<td class=\"mlb-details-value\">Silver<\/td>\n<\/tr>\n<tr>\n<td class=\"mlb-details-caption\">Year<\/td>\n<td class=\"mlb-details-value\">2009<\/td>\n<\/tr>\n<tr>\n<td class=\"mlb-details-caption\">Accessoires<\/td>\n<td class=\"mlb-details-value\">Box, Staubbeutel, Seriennummer mit Hologramm, CC-Booklet, Cam\u00e9lia, Staub-\/Reinigungstuch<\/td>\n<\/tr>\n<tr>\n<td class=\"mlb-details-caption\">Condition<\/td>\n<td class=\"mlb-details-value\">Very good condition<\/td>\n<\/tr>\n<\/tbody>\n<\/table>","protected":false},"featured_media":6493,"template":"","meta":[],"product_brand":[],"product_cat":[1430,154,85,99],"product_tag":[],"class_list":{"0":"post-6480","1":"product","2":"type-product","3":"status-publish","4":"has-post-thumbnail","6":"product_cat-chanel","7":"product_cat-designer","8":"product_cat-schultertaschen","9":"product_cat-taschen","11":"first","12":"outofstock","13":"sold-individually","14":"shipping-taxable","15":"purchasable","16":"product-type-simple"},"_links":{"self":[{"href":"https:\/\/baselle.com\/en\/wp-json\/wp\/v2\/product\/6480","targetHints":{"allow":["GET"]}}],"collection":[{"href":"https:\/\/baselle.com\/en\/wp-json\/wp\/v2\/product"}],"about":[{"href":"https:\/\/baselle.com\/en\/wp-json\/wp\/v2\/types\/product"}],"wp:featuredmedia":[{"embeddable":true,"href":"https:\/\/baselle.com\/en\/wp-json\/wp\/v2\/media\/6493"}],"wp:attachment":[{"href":"https:\/\/baselle.com\/en\/wp-json\/wp\/v2\/media?parent=6480"}],"wp:term":[{"taxonomy":"product_brand","embeddable":true,"href":"https:\/\/baselle.com\/en\/wp-json\/wp\/v2\/product_brand?post=6480"},{"taxonomy":"product_cat","embeddable":true,"href":"https:\/\/baselle.com\/en\/wp-json\/wp\/v2\/product_cat?post=6480"},{"taxonomy":"product_tag","embeddable":true,"href":"https:\/\/baselle.com\/en\/wp-json\/wp\/v2\/product_tag?post=6480"}],"curies":[{"name":"wp","href":"https:\/\/api.w.org\/{rel}","templated":true}]}}