{"id":6462,"date":"2017-05-30T10:06:46","date_gmt":"2017-05-30T08:06:46","guid":{"rendered":"https:\/\/baselle.com\/?post_type=product&#038;p=6462"},"modified":"2020-02-27T12:31:17","modified_gmt":"2020-02-27T11:31:17","slug":"louis-vuitton-speedy-25","status":"publish","type":"product","link":"https:\/\/baselle.com\/en\/product\/louis-vuitton-speedy-25\/","title":{"rendered":"Louis Vuitton Speedy 25"},"content":{"rendered":"<p>\nVery good condition:<br \/>\nDas Monogram Empreinte Leder ist in einem sehr guten Zustand. Das Tascheninnere ist sauber und weist keine L\u00f6cher\/Risse auf. Die goldene Hardware ist ebenfalls in einem guten Zustand. Der Schultergurt, die Taschenhenkel sowie die Clochette sind neuwertig, da sie 2017 von Louis Vuitton ausgetauscht wurden.\n<\/p>\n<p>\nStil: Schulter\/Crossbody\/Handtasche<br \/>\nHandtaschengr\u00f6\u00dfe: Small<br \/>\nMa\u00dfe (ca.): B25cm*H19cm*T17cm\n<\/p>\n<p>\nObermaterial: Kalbsleder<br \/>\nInnenmaterial: Textilinnenfutter\n<\/p>\n<p>\nDie Speedy geh\u00f6rt zu den Klassikern unter den Louis Vuitton Taschen &#8211; sie ist ein zeitloser, luxuri\u00f6ser und zugleich praktischer Alltagsbegleiter. Durch den vielfach verstellbaren Schultergurt kann die Tasche wahlweise Crossbody, lang oder kurz \u00fcber der Schulter oder durch Abnehmen des Gurtes auch in der Hand getragen werden. Das Tascheninnere teilt sich auf in ein gro\u00dfes Hauptfach, 2 Einsteckf\u00e4cher sowie ein Rei\u00dfverschlussfach.<\/p>","protected":false},"excerpt":{"rendered":"<table class=\"mlb-product-details\">\n<tbody>\n<tr>\n<td class=\"mlb-details-caption\">Model<\/td>\n<td class=\"mlb-details-value\">Speedy 25 &#8211; Monogram Empreinte (M40827)<\/td>\n<\/tr>\n<tr>\n<td class=\"mlb-details-caption\">Colour<\/td>\n<td class=\"mlb-details-value\">Jaipur\/Pink-Rot<\/td>\n<\/tr>\n<tr>\n<td class=\"mlb-details-caption\">Hardware<\/td>\n<td class=\"mlb-details-value\">Gold<\/td>\n<\/tr>\n<tr>\n<td class=\"mlb-details-caption\">Year<\/td>\n<td class=\"mlb-details-value\">2013<\/td>\n<\/tr>\n<tr>\n<td class=\"mlb-details-caption\">Accessoires<\/td>\n<td class=\"mlb-details-value\">Box, Staubbeutel, Rechnungskopien , Material Info, LV-Booklet, Schl\u00fcssel in Clochette, Schloss in kleinem Staubbeutel<\/td>\n<\/tr>\n<tr>\n<td class=\"mlb-details-caption\">Condition<\/td>\n<td class=\"mlb-details-value\">Very good condition<\/td>\n<\/tr>\n<\/tbody>\n<\/table>","protected":false},"featured_media":6464,"template":"","meta":[],"product_brand":[],"product_cat":[87,154,68,1431,85,99],"product_tag":[],"class_list":{"0":"post-6462","1":"product","2":"type-product","3":"status-publish","4":"has-post-thumbnail","6":"product_cat-crossbodytaschen","7":"product_cat-designer","8":"product_cat-handtaschen","9":"product_cat-louisvuitton","10":"product_cat-schultertaschen","11":"product_cat-taschen","12":"product_shipping_class-bis1000","14":"first","15":"outofstock","16":"sold-individually","17":"shipping-taxable","18":"purchasable","19":"product-type-simple"},"_links":{"self":[{"href":"https:\/\/baselle.com\/en\/wp-json\/wp\/v2\/product\/6462","targetHints":{"allow":["GET"]}}],"collection":[{"href":"https:\/\/baselle.com\/en\/wp-json\/wp\/v2\/product"}],"about":[{"href":"https:\/\/baselle.com\/en\/wp-json\/wp\/v2\/types\/product"}],"wp:featuredmedia":[{"embeddable":true,"href":"https:\/\/baselle.com\/en\/wp-json\/wp\/v2\/media\/6464"}],"wp:attachment":[{"href":"https:\/\/baselle.com\/en\/wp-json\/wp\/v2\/media?parent=6462"}],"wp:term":[{"taxonomy":"product_brand","embeddable":true,"href":"https:\/\/baselle.com\/en\/wp-json\/wp\/v2\/product_brand?post=6462"},{"taxonomy":"product_cat","embeddable":true,"href":"https:\/\/baselle.com\/en\/wp-json\/wp\/v2\/product_cat?post=6462"},{"taxonomy":"product_tag","embeddable":true,"href":"https:\/\/baselle.com\/en\/wp-json\/wp\/v2\/product_tag?post=6462"}],"curies":[{"name":"wp","href":"https:\/\/api.w.org\/{rel}","templated":true}]}}