{"id":6417,"date":"2017-05-09T18:07:10","date_gmt":"2017-05-09T16:07:10","guid":{"rendered":"https:\/\/baselle.com\/?post_type=product&#038;p=6417"},"modified":"2020-02-27T12:31:27","modified_gmt":"2020-02-27T11:31:27","slug":"louis-vuitton-neverfull-epi","status":"publish","type":"product","link":"https:\/\/baselle.com\/en\/product\/louis-vuitton-neverfull-epi\/","title":{"rendered":"Louis Vuitton Neverfull Epi"},"content":{"rendered":"<p>\nVery good condition:<br \/>\nDas Epi Leder ist rundum in einem sehr guten Zustand. Auch die Ecken am Taschenboden sind in einem hervorragenden Zustand. Das Innenfutter aus Mikrofaser weist stellenweise leichte Gebrauchspuren auf. Das Innenfutter weist jedoch keine L\u00f6cher\/Risse oder Ger\u00fcche auf. Die silberne Hardware ist in einem einwandfreien Zustand.\n<\/p>\n<p>\nStil: Schulter\/Shopper<br \/>\nHandtaschengr\u00f6\u00dfe: MM<br \/>\nMa\u00dfe (ca.): B32cm*H29cm*T19cm\n<\/p>\n<p>\nObermaterial: Rindsleder<br \/>\nInnenmaterial: Mikrofaserinnenfutter\n<\/p>\n<p>\nDie Neverfull ist DIE ikonische Tasche von Louis Vuitton. Mit diesem zeitlosen Modell liegst Du immer richtig. Die Tasche ist sehr leicht und ger\u00e4umig &#8211; perfekt f\u00fcr den Alltag &#8211; und sie verf\u00fcgt neben einem gro\u00dfen Innenfach \u00fcber eine abnehmbare Pochette.<\/p>","protected":false},"excerpt":{"rendered":"<table class=\"mlb-product-details\">\n<tbody>\n<tr>\n<td class=\"mlb-details-caption\">Model<\/td>\n<td class=\"mlb-details-value\">Neverfull MM Epi Leder &#8211; Rose Ballerine (M41324)<\/td>\n<\/tr>\n<tr>\n<td class=\"mlb-details-caption\">Colour<\/td>\n<td class=\"mlb-details-value\">Blassrosa\/Rose Ballerine<\/td>\n<\/tr>\n<tr>\n<td class=\"mlb-details-caption\">Hardware<\/td>\n<td class=\"mlb-details-value\">Silver<\/td>\n<\/tr>\n<tr>\n<td class=\"mlb-details-caption\">Year<\/td>\n<td class=\"mlb-details-value\">2015<\/td>\n<\/tr>\n<tr>\n<td class=\"mlb-details-caption\">Accessoires<\/td>\n<td class=\"mlb-details-value\">Staubbeutel, Pochette<\/td>\n<\/tr>\n<tr>\n<td class=\"mlb-details-caption\">Condition<\/td>\n<td class=\"mlb-details-value\">Very good condition<\/td>\n<\/tr>\n<\/tbody>\n<\/table>","protected":false},"featured_media":6419,"template":"","meta":[],"product_brand":[],"product_cat":[154,1431,85,99],"product_tag":[],"class_list":{"0":"post-6417","1":"product","2":"type-product","3":"status-publish","4":"has-post-thumbnail","6":"product_cat-designer","7":"product_cat-louisvuitton","8":"product_cat-schultertaschen","9":"product_cat-taschen","10":"product_shipping_class-bis1000","12":"first","13":"outofstock","14":"sold-individually","15":"shipping-taxable","16":"purchasable","17":"product-type-simple"},"_links":{"self":[{"href":"https:\/\/baselle.com\/en\/wp-json\/wp\/v2\/product\/6417","targetHints":{"allow":["GET"]}}],"collection":[{"href":"https:\/\/baselle.com\/en\/wp-json\/wp\/v2\/product"}],"about":[{"href":"https:\/\/baselle.com\/en\/wp-json\/wp\/v2\/types\/product"}],"wp:featuredmedia":[{"embeddable":true,"href":"https:\/\/baselle.com\/en\/wp-json\/wp\/v2\/media\/6419"}],"wp:attachment":[{"href":"https:\/\/baselle.com\/en\/wp-json\/wp\/v2\/media?parent=6417"}],"wp:term":[{"taxonomy":"product_brand","embeddable":true,"href":"https:\/\/baselle.com\/en\/wp-json\/wp\/v2\/product_brand?post=6417"},{"taxonomy":"product_cat","embeddable":true,"href":"https:\/\/baselle.com\/en\/wp-json\/wp\/v2\/product_cat?post=6417"},{"taxonomy":"product_tag","embeddable":true,"href":"https:\/\/baselle.com\/en\/wp-json\/wp\/v2\/product_tag?post=6417"}],"curies":[{"name":"wp","href":"https:\/\/api.w.org\/{rel}","templated":true}]}}