{"id":6353,"date":"2017-04-24T11:46:46","date_gmt":"2017-04-24T09:46:46","guid":{"rendered":"https:\/\/baselle.com\/?post_type=product&#038;p=6353"},"modified":"2019-02-22T16:47:51","modified_gmt":"2019-02-22T15:47:51","slug":"louis-vuitton-sarah-idylle","status":"publish","type":"product","link":"https:\/\/baselle.com\/en\/product\/louis-vuitton-sarah-idylle\/","title":{"rendered":"Louis Vuitton Sarah"},"content":{"rendered":"<p>\nVery good condition:<br \/>\nDer Monogram Idylle Stoff ist in einem sehr guten Zustand. Das Innere des Portemonnaies ist sauber und weist keine L\u00f6cher\/Risse auf. Die goldenen Messingbeschl\u00e4ge weisen durch den Gebrauch unvermeidbare Kratzer auf.\n<\/p>\n<p>\nPortemonnaie-Gr\u00f6\u00dfe: Mittel<br \/>\nMa\u00dfe (ca.): B19cm*H10cm*T1cm\n<\/p>\n<p>\nObermaterial: Mon. Idylle Stoff\/Bes\u00e4tze aus Rindsleder<br \/>\nInnenmaterial: Kalbsleder\n<\/p>\n<p>\nDas Sarah Portemonnaie bietet Platz f\u00fcr zehn Kreditkarten, zwei gro\u00dfe F\u00e4cher f\u00fcr Scheine, ein flaches Fach sowie ein Innenfach mit Rei\u00dfverschluss f\u00fcr M\u00fcnzen.<\/p>","protected":false},"excerpt":{"rendered":"<table class=\"mlb-product-details\">\n<tbody>\n<tr>\n<td class=\"mlb-details-caption\">Model<\/td>\n<td class=\"mlb-details-value\">Sarah Portemonnaie Mon. Idylle (M63008)<\/td>\n<\/tr>\n<tr>\n<td class=\"mlb-details-caption\">Colour<\/td>\n<td class=\"mlb-details-value\">Monogram Sepia<\/td>\n<\/tr>\n<tr>\n<td class=\"mlb-details-caption\">Hardware<\/td>\n<td class=\"mlb-details-value\">Gold<\/td>\n<\/tr>\n<tr>\n<td class=\"mlb-details-caption\">Year<\/td>\n<td class=\"mlb-details-value\">2010<\/td>\n<\/tr>\n<tr>\n<td class=\"mlb-details-caption\">Accessoires<\/td>\n<td class=\"mlb-details-value\">&#8211;<\/td>\n<\/tr>\n<tr>\n<td class=\"mlb-details-caption\">Condition<\/td>\n<td class=\"mlb-details-value\">Very good condition<\/td>\n<\/tr>\n<\/tbody>\n<\/table>","protected":false},"featured_media":6354,"template":"","meta":[],"product_brand":[],"product_cat":[57,154,1431,89],"product_tag":[102],"class_list":{"0":"post-6353","1":"product","2":"type-product","3":"status-publish","4":"has-post-thumbnail","6":"product_cat-accessories","7":"product_cat-designer","8":"product_cat-louisvuitton","9":"product_cat-portemonnaie","10":"product_tag-sale","11":"product_shipping_class-0-500","13":"first","14":"outofstock","15":"sale","16":"sold-individually","17":"shipping-taxable","18":"purchasable","19":"product-type-simple"},"_links":{"self":[{"href":"https:\/\/baselle.com\/en\/wp-json\/wp\/v2\/product\/6353","targetHints":{"allow":["GET"]}}],"collection":[{"href":"https:\/\/baselle.com\/en\/wp-json\/wp\/v2\/product"}],"about":[{"href":"https:\/\/baselle.com\/en\/wp-json\/wp\/v2\/types\/product"}],"wp:featuredmedia":[{"embeddable":true,"href":"https:\/\/baselle.com\/en\/wp-json\/wp\/v2\/media\/6354"}],"wp:attachment":[{"href":"https:\/\/baselle.com\/en\/wp-json\/wp\/v2\/media?parent=6353"}],"wp:term":[{"taxonomy":"product_brand","embeddable":true,"href":"https:\/\/baselle.com\/en\/wp-json\/wp\/v2\/product_brand?post=6353"},{"taxonomy":"product_cat","embeddable":true,"href":"https:\/\/baselle.com\/en\/wp-json\/wp\/v2\/product_cat?post=6353"},{"taxonomy":"product_tag","embeddable":true,"href":"https:\/\/baselle.com\/en\/wp-json\/wp\/v2\/product_tag?post=6353"}],"curies":[{"name":"wp","href":"https:\/\/api.w.org\/{rel}","templated":true}]}}