{"id":6342,"date":"2017-04-23T11:37:31","date_gmt":"2017-04-23T09:37:31","guid":{"rendered":"https:\/\/baselle.com\/?post_type=product&#038;p=6342"},"modified":"2020-02-27T12:17:00","modified_gmt":"2020-02-27T11:17:00","slug":"louis-vuitton-elegie-2","status":"publish","type":"product","link":"https:\/\/baselle.com\/en\/product\/louis-vuitton-elegie-2\/","title":{"rendered":"Louis Vuitton Elegie"},"content":{"rendered":"<p>\nVery good condition:<br \/>\nDer Monogram Idylle Stoff sowie die Bes\u00e4tze aus Rindsleder sind in einem sehr guten Zustand. Das Tascheninnere weist keine L\u00f6cher\/Risse auf. Die goldenen Messingbeschl\u00e4ge sind in einem guten Zustand &#8211; am Verschluss sind durch den Gebrauch unvermeidbare Kratzer vorhanden.\n<\/p>\n<p>\nStil: Schulter\/Shopper\/Crossbody<br \/>\nHandtaschengr\u00f6\u00dfe: MM<br \/>\nMa\u00dfe (ca.): B37cm*H36cm*T12cm\n<\/p>\n<p>\nObermaterial: Monogram Idylle; Besatz aus Rindsleder<br \/>\nInnenmaterial: Textilinnenfutter\n<\/p>\n<p>\nDie Elegie ist eine wundersch\u00f6ne, robuste und praktische Tasche zugleich:<br \/>\n&#8211; Sie kann lang wie kurz \u00fcber der Schulter oder Crossbody getragen werden;<br \/>\n&#8211; Durch ihr federleichtes Gewicht ist die Idylle-Tasche eine tolle Begleitung f\u00fcr den ganzt\u00e4gigen Stadtbummel;<br \/>\n&#8211; Aufgeteilt in ein gro\u00dfes Hauptfach, zwei Einsteckf\u00e4cher und einen D-Ring ist f\u00fcr Ordnung in der Tasche gesorgt.<\/p>","protected":false},"excerpt":{"rendered":"<table class=\"mlb-product-details\">\n<tbody>\n<tr>\n<td class=\"mlb-details-caption\">Model<\/td>\n<td class=\"mlb-details-value\">Elegie Monogram Idylle (M56698)<\/td>\n<\/tr>\n<tr>\n<td class=\"mlb-details-caption\">Colour<\/td>\n<td class=\"mlb-details-value\">Monogram Idylle Sepia<\/td>\n<\/tr>\n<tr>\n<td class=\"mlb-details-caption\">Hardware<\/td>\n<td class=\"mlb-details-value\">Gold<\/td>\n<\/tr>\n<tr>\n<td class=\"mlb-details-caption\">Year<\/td>\n<td class=\"mlb-details-value\">2011<\/td>\n<\/tr>\n<tr>\n<td class=\"mlb-details-caption\">Accessoires<\/td>\n<td class=\"mlb-details-value\">&#8211;<\/td>\n<\/tr>\n<tr>\n<td class=\"mlb-details-caption\">Condition<\/td>\n<td class=\"mlb-details-value\">Very good condition<\/td>\n<\/tr>\n<\/tbody>\n<\/table>","protected":false},"featured_media":6343,"template":"","meta":[],"product_brand":[],"product_cat":[87,154,1431,85,99],"product_tag":[102],"class_list":{"0":"post-6342","1":"product","2":"type-product","3":"status-publish","4":"has-post-thumbnail","6":"product_cat-crossbodytaschen","7":"product_cat-designer","8":"product_cat-louisvuitton","9":"product_cat-schultertaschen","10":"product_cat-taschen","11":"product_tag-sale","12":"product_shipping_class-bis2500","14":"first","15":"outofstock","16":"sale","17":"sold-individually","18":"shipping-taxable","19":"purchasable","20":"product-type-simple"},"_links":{"self":[{"href":"https:\/\/baselle.com\/en\/wp-json\/wp\/v2\/product\/6342","targetHints":{"allow":["GET"]}}],"collection":[{"href":"https:\/\/baselle.com\/en\/wp-json\/wp\/v2\/product"}],"about":[{"href":"https:\/\/baselle.com\/en\/wp-json\/wp\/v2\/types\/product"}],"wp:featuredmedia":[{"embeddable":true,"href":"https:\/\/baselle.com\/en\/wp-json\/wp\/v2\/media\/6343"}],"wp:attachment":[{"href":"https:\/\/baselle.com\/en\/wp-json\/wp\/v2\/media?parent=6342"}],"wp:term":[{"taxonomy":"product_brand","embeddable":true,"href":"https:\/\/baselle.com\/en\/wp-json\/wp\/v2\/product_brand?post=6342"},{"taxonomy":"product_cat","embeddable":true,"href":"https:\/\/baselle.com\/en\/wp-json\/wp\/v2\/product_cat?post=6342"},{"taxonomy":"product_tag","embeddable":true,"href":"https:\/\/baselle.com\/en\/wp-json\/wp\/v2\/product_tag?post=6342"}],"curies":[{"name":"wp","href":"https:\/\/api.w.org\/{rel}","templated":true}]}}