{"id":6281,"date":"2017-04-09T14:21:00","date_gmt":"2017-04-09T12:21:00","guid":{"rendered":"https:\/\/baselle.com\/?post_type=product&#038;p=6281"},"modified":"2020-02-27T12:32:03","modified_gmt":"2020-02-27T11:32:03","slug":"chanel-patchwork-flap-bag","status":"publish","type":"product","link":"https:\/\/baselle.com\/en\/product\/chanel-patchwork-flap-bag\/","title":{"rendered":"CHANEL Patchwork Flap Bag"},"content":{"rendered":"<p>Very good condition:<br \/>\nDas Au\u00dfenmaterial ist in einem sehr guten Zustand. Das Tascheninnere ist sauber und weist keine L\u00f6cher\/Risse auf. Die silberne Hardware ist in einem einwandfreien Zustand.<\/p>\n<p>Stil: Schulter\/Crossbody<br \/>\nHandtaschengr\u00f6\u00dfe: Jumbo<br \/>\nMa\u00dfe (ca.): B30cm*H20cm*T10cm<\/p>\n<p>Obermaterial: Tweed, Stoff, Leder<br \/>\nInnenmaterial: Textilinnenfutter<\/p>\n<p>Die Patchwork Jumbo Flap Bag aus der Cruise Collection 2011 war als limitierte Edition hei\u00df begehrt und sofort ausverkauft. Die vielen Farben und Stoffe machen aus dieser Tasche nach wie vor ein Lieblingsaccessoire. Eben wegen ihrer Farbvielfalt ist die Patchwork Bag zu unz\u00e4hligen Outfits und Farben kombinierbar und daher zu jeder Jahreszeit tragbar &#8211; ob im Fr\u00fchjahr, Sommer oder im Winter.<\/p>\n<p>Die Tasche kann lang oder kurz \u00fcber der Schulter oder auch Crossbody getragen werden. Das Tascheninnere teilt sich auf in ein gro\u00dfes Hauptfach, ein Rei\u00dfverschlussfach und ein Steckfach. \u00d6ffnen l\u00e4sst sich die Tasche durch einen \u00dcberschlag und verschlossen wird sie durch einen Magnetverschluss.<\/p>","protected":false},"excerpt":{"rendered":"<table class=\"mlb-product-details\">\n<tbody>\n<tr>\n<td class=\"mlb-details-caption\">Model<\/td>\n<td class=\"mlb-details-value\">Patchwork Jumbo Flap Bag<\/td>\n<\/tr>\n<tr>\n<td class=\"mlb-details-caption\">Colour<\/td>\n<td class=\"mlb-details-value\">Bunt<\/td>\n<\/tr>\n<tr>\n<td class=\"mlb-details-caption\">Hardware<\/td>\n<td class=\"mlb-details-value\">Silver<\/td>\n<\/tr>\n<tr>\n<td class=\"mlb-details-caption\">Year<\/td>\n<td class=\"mlb-details-value\">2011<\/td>\n<\/tr>\n<tr>\n<td class=\"mlb-details-caption\">Accessoires<\/td>\n<td class=\"mlb-details-value\">Hologramm, Staubbeutel, CC-Booklet<\/td>\n<\/tr>\n<tr>\n<td class=\"mlb-details-caption\">Condition<\/td>\n<td class=\"mlb-details-value\">Very good condition<\/td>\n<\/tr>\n<\/tbody>\n<\/table>","protected":false},"featured_media":6284,"template":"","meta":[],"product_brand":[],"product_cat":[1430,87,154,85,99],"product_tag":[],"class_list":{"0":"post-6281","1":"product","2":"type-product","3":"status-publish","4":"has-post-thumbnail","6":"product_cat-chanel","7":"product_cat-crossbodytaschen","8":"product_cat-designer","9":"product_cat-schultertaschen","10":"product_cat-taschen","12":"first","13":"outofstock","14":"sold-individually","15":"shipping-taxable","16":"purchasable","17":"product-type-simple"},"_links":{"self":[{"href":"https:\/\/baselle.com\/en\/wp-json\/wp\/v2\/product\/6281","targetHints":{"allow":["GET"]}}],"collection":[{"href":"https:\/\/baselle.com\/en\/wp-json\/wp\/v2\/product"}],"about":[{"href":"https:\/\/baselle.com\/en\/wp-json\/wp\/v2\/types\/product"}],"wp:featuredmedia":[{"embeddable":true,"href":"https:\/\/baselle.com\/en\/wp-json\/wp\/v2\/media\/6284"}],"wp:attachment":[{"href":"https:\/\/baselle.com\/en\/wp-json\/wp\/v2\/media?parent=6281"}],"wp:term":[{"taxonomy":"product_brand","embeddable":true,"href":"https:\/\/baselle.com\/en\/wp-json\/wp\/v2\/product_brand?post=6281"},{"taxonomy":"product_cat","embeddable":true,"href":"https:\/\/baselle.com\/en\/wp-json\/wp\/v2\/product_cat?post=6281"},{"taxonomy":"product_tag","embeddable":true,"href":"https:\/\/baselle.com\/en\/wp-json\/wp\/v2\/product_tag?post=6281"}],"curies":[{"name":"wp","href":"https:\/\/api.w.org\/{rel}","templated":true}]}}