{"id":6268,"date":"2017-04-08T12:50:18","date_gmt":"2017-04-08T10:50:18","guid":{"rendered":"https:\/\/baselle.com\/?post_type=product&#038;p=6268"},"modified":"2020-02-27T12:16:51","modified_gmt":"2020-02-27T11:16:51","slug":"louis-vuitton-marly-bb","status":"publish","type":"product","link":"https:\/\/baselle.com\/en\/product\/louis-vuitton-marly-bb\/","title":{"rendered":"Louis Vuitton Marly BB"},"content":{"rendered":"<p>\n<strong>Louis Vuitton Marly BB Epi Leder Handtasche Beschreibung<\/strong> <\/p>\n<p>Die originale Louis Vuitton Marly BB Epi Leder Handtasche besticht durch l\u00e4ssige Raffinesse und ist perfekt f\u00fcr die moderne Frau. Diese strukturierte Business-Tote ist aus robustem rotem Epi-Leder gefertigt und verf\u00fcgt \u00fcber eine eckige Silhouette. Weitere Merkmale dieses Modells sind das dezente LV-Logo, seitliche Druckkn\u00f6pfe, sch\u00fctzende Taschenf\u00fc\u00dfe sowie silberfarbene Hardware. Zudem garantieren die weichen Ledergriffe sowie der abnehmbare Schultergurt maximalen Tragekomfort im Alltag. <\/p>\n<p>Durch den versteckten Magnetverschluss l\u00e4sst sich die Louis Vuitton Marly BB zu einem rotfarbenen Innenfutter aus Mikrofaser \u00f6ffnen. Im Tascheninneren befindet sich ein Rei\u00dfverschlussfach sowie zwei Einsteckf\u00e4cher, die perfekt f\u00fcr das Aufbewahren Deiner wichtigsten Dinge sind. Ein elegantes Lieblingsst\u00fcck f\u00fcr den t\u00e4glichen Gebrauch.\n<\/p>\n<p>\n<strong>Mint condition<\/strong><br \/>\nDiese Louis Vuitton Marly BB Tasche aus zweiter Hand wurde nicht getragen. Dementsprechend sind keine Gebrauchspuren vorhanden. Das Epi Leder, das Tascheninnere sowie die silberne Hardware sind daher in einem einwandfreien Zustand.\n<\/p>\n<p>\n<strong>Style:<\/strong> Schulter\/Tote\/Crossbody<br \/>\n<strong>Size:<\/strong> BB<br \/>\n<strong>Dimensions (approx.):<\/strong> B32cm*H20cm*T12,5cm\n<\/p>\n<p>\n<strong>Exterior material:<\/strong> Genarbtes Epi Rindsleder;<br \/>\n<strong>Interior Material<\/strong> microfibre lining\n<\/p>\n<p>Die Bilder stellen die angebotene Tasche dar und sind Eigentum von MyLovelyBoutique. <\/p>\n<p>Follow us on <a href=\"https:\/\/www.instagram.com\/mylovelyboutique.de\/\" rel=\"noopener noreferrer\" target=\"_blank\"><span style=\"color: #e0adea;\">Instagram<\/span><\/a> und lass Dich von unseren Outfit-Ideen inspirieren. <\/p>","protected":false},"excerpt":{"rendered":"<table class=\"mlb-product-details\">\n<tbody>\n<tr>\n<td class=\"mlb-details-caption\">Model<\/td>\n<td class=\"mlb-details-value\">Marly BB &#8211; Epi Leder (M94619)<\/td>\n<\/tr>\n<tr>\n<td class=\"mlb-details-caption\">Colour<\/td>\n<td class=\"mlb-details-value\">Rot\/Coquelicot (Mohnblumen Rot)<\/td>\n<\/tr>\n<tr>\n<td class=\"mlb-details-caption\">Hardware<\/td>\n<td class=\"mlb-details-value\">Silver<\/td>\n<\/tr>\n<tr>\n<td class=\"mlb-details-caption\">Year<\/td>\n<td class=\"mlb-details-value\">2015<\/td>\n<\/tr>\n<tr>\n<td class=\"mlb-details-caption\">Accessoires<\/td>\n<td class=\"mlb-details-value\">Staubbeutel, LV-Booklet, Zertifikat, Clochette<\/td>\n<\/tr>\n<tr>\n<td class=\"mlb-details-caption\">Condition<\/td>\n<td class=\"mlb-details-value\">Mint condition<\/td>\n<\/tr>\n<\/tbody>\n<\/table>","protected":false},"featured_media":6270,"template":"","meta":[],"product_brand":[],"product_cat":[87,154,68,86,1431,99],"product_tag":[102],"class_list":{"0":"post-6268","1":"product","2":"type-product","3":"status-publish","4":"has-post-thumbnail","6":"product_cat-crossbodytaschen","7":"product_cat-designer","8":"product_cat-handtaschen","9":"product_cat-kleinetaschen","10":"product_cat-louisvuitton","11":"product_cat-taschen","12":"product_tag-sale","13":"product_shipping_class-bis1000","15":"first","16":"outofstock","17":"sale","18":"sold-individually","19":"shipping-taxable","20":"purchasable","21":"product-type-simple"},"_links":{"self":[{"href":"https:\/\/baselle.com\/en\/wp-json\/wp\/v2\/product\/6268","targetHints":{"allow":["GET"]}}],"collection":[{"href":"https:\/\/baselle.com\/en\/wp-json\/wp\/v2\/product"}],"about":[{"href":"https:\/\/baselle.com\/en\/wp-json\/wp\/v2\/types\/product"}],"wp:featuredmedia":[{"embeddable":true,"href":"https:\/\/baselle.com\/en\/wp-json\/wp\/v2\/media\/6270"}],"wp:attachment":[{"href":"https:\/\/baselle.com\/en\/wp-json\/wp\/v2\/media?parent=6268"}],"wp:term":[{"taxonomy":"product_brand","embeddable":true,"href":"https:\/\/baselle.com\/en\/wp-json\/wp\/v2\/product_brand?post=6268"},{"taxonomy":"product_cat","embeddable":true,"href":"https:\/\/baselle.com\/en\/wp-json\/wp\/v2\/product_cat?post=6268"},{"taxonomy":"product_tag","embeddable":true,"href":"https:\/\/baselle.com\/en\/wp-json\/wp\/v2\/product_tag?post=6268"}],"curies":[{"name":"wp","href":"https:\/\/api.w.org\/{rel}","templated":true}]}}