{"id":6156,"date":"2017-03-15T19:58:47","date_gmt":"2017-03-15T18:58:47","guid":{"rendered":"https:\/\/baselle.com\/?post_type=product&#038;p=6156"},"modified":"2019-02-22T16:48:00","modified_gmt":"2019-02-22T15:48:00","slug":"louis-vuitton-artsy-mm","status":"publish","type":"product","link":"https:\/\/baselle.com\/en\/product\/louis-vuitton-artsy-mm\/","title":{"rendered":"Louis Vuitton Artsy MM"},"content":{"rendered":"<p>\nVery good condition:<br \/>\nDas Monogram Empreinte Leder ist in einem hervorragenden Zustand. Das Tascheninnere ist sauber und weist keine L\u00f6cher\/Risse auf. Die goldene Hardware ist in einem einwandfreien Zustand.\n<\/p>\n<p>\nStil: Schulter\/Shopper<br \/>\nHandtaschengr\u00f6\u00dfe: MM<br \/>\nMa\u00dfe (ca.): B46cm*H32cm*T24cm\n<\/p>\n<p>\nObermaterial: Kalbsleder<br \/>\nInnenmaterial: Textilinnenfutter\n<\/p>\n<p>\nDie Artsy MM geh\u00f6rt zu den Klassikern unter den Louis Vuitton Taschen &#8211; sie ist ein zeitloser, luxuri\u00f6ser und zugleich praktischer Alltagsbegleiter. Die 6 Einsteckf\u00e4cher, ein Rei\u00dfverschlussfach sowie ein D-Ring sorgen f\u00fcr Ordnung in der Tasche. Der abnehmbare Anh\u00e4nger kann sowohl als Schmuck f\u00fcr die Tasche wie auch als Schl\u00fcsselring verwendet werden.<\/p>","protected":false},"excerpt":{"rendered":"<table class=\"mlb-product-details\">\n<tbody>\n<tr>\n<td class=\"mlb-details-caption\">Model<\/td>\n<td class=\"mlb-details-value\">Artsy MM &#8211; Monogram Empreinte (M94171)<\/td>\n<\/tr>\n<tr>\n<td class=\"mlb-details-caption\">Colour<\/td>\n<td class=\"mlb-details-value\">Terre\/Braun<\/td>\n<\/tr>\n<tr>\n<td class=\"mlb-details-caption\">Hardware<\/td>\n<td class=\"mlb-details-value\">Gold<\/td>\n<\/tr>\n<tr>\n<td class=\"mlb-details-caption\">Year<\/td>\n<td class=\"mlb-details-value\">2012<\/td>\n<\/tr>\n<tr>\n<td class=\"mlb-details-caption\">Accessoires<\/td>\n<td class=\"mlb-details-value\">Staubbeutel, Zertifikat, LV-Booklet<\/td>\n<\/tr>\n<tr>\n<td class=\"mlb-details-caption\">Condition<\/td>\n<td class=\"mlb-details-value\">Very good condition<\/td>\n<\/tr>\n<\/tbody>\n<\/table>","protected":false},"featured_media":6157,"template":"","meta":[],"product_brand":[],"product_cat":[154,68,1431,85,99],"product_tag":[],"class_list":{"0":"post-6156","1":"product","2":"type-product","3":"status-publish","4":"has-post-thumbnail","6":"product_cat-designer","7":"product_cat-handtaschen","8":"product_cat-louisvuitton","9":"product_cat-schultertaschen","10":"product_cat-taschen","12":"first","13":"outofstock","14":"sold-individually","15":"shipping-taxable","16":"purchasable","17":"product-type-simple"},"_links":{"self":[{"href":"https:\/\/baselle.com\/en\/wp-json\/wp\/v2\/product\/6156","targetHints":{"allow":["GET"]}}],"collection":[{"href":"https:\/\/baselle.com\/en\/wp-json\/wp\/v2\/product"}],"about":[{"href":"https:\/\/baselle.com\/en\/wp-json\/wp\/v2\/types\/product"}],"wp:featuredmedia":[{"embeddable":true,"href":"https:\/\/baselle.com\/en\/wp-json\/wp\/v2\/media\/6157"}],"wp:attachment":[{"href":"https:\/\/baselle.com\/en\/wp-json\/wp\/v2\/media?parent=6156"}],"wp:term":[{"taxonomy":"product_brand","embeddable":true,"href":"https:\/\/baselle.com\/en\/wp-json\/wp\/v2\/product_brand?post=6156"},{"taxonomy":"product_cat","embeddable":true,"href":"https:\/\/baselle.com\/en\/wp-json\/wp\/v2\/product_cat?post=6156"},{"taxonomy":"product_tag","embeddable":true,"href":"https:\/\/baselle.com\/en\/wp-json\/wp\/v2\/product_tag?post=6156"}],"curies":[{"name":"wp","href":"https:\/\/api.w.org\/{rel}","templated":true}]}}