{"id":6135,"date":"2017-03-10T18:42:56","date_gmt":"2017-03-10T17:42:56","guid":{"rendered":"https:\/\/baselle.com\/?post_type=product&#038;p=6135"},"modified":"2020-02-27T12:31:32","modified_gmt":"2020-02-27T11:31:32","slug":"chanel-graphic-flap-bag","status":"publish","type":"product","link":"https:\/\/baselle.com\/en\/product\/chanel-graphic-flap-bag\/","title":{"rendered":"CHANEL Graphic Flap Bag"},"content":{"rendered":"<p>\nGood condition:<br \/>\nDas Leder ist insgesamt in einem guten Zustand: Die Ecken sind in einem sehr guten Zustand; Das Innenfutter ist am oberen Rand aus Leder, dort ist das Leder durch Abnutzung aufgehellt (auf dem Foto ersichtlich). Da sich dieser Makel auf der Innenseite befindet, ist er nur bei genauem Hinsehen und von au\u00dfen \u00fcberhaupt nicht sichtbar. Das Tascheninnere aus Stoff ist sauber und ohne L\u00f6cher\/Risse. Die goldene Hardware ist in einem guten Zustand.\n<\/p>\n<p>\nStil: Schulter\/Crossbody<br \/>\nHandtaschengr\u00f6\u00dfe: Medium<br \/>\nMa\u00dfe (ca.): B26cm*H17cm*T6,5cm<br \/>\nTr\u00e4gerl\u00e4nge: einfach=94cm; doppelt=55cm\n<\/p>\n<p>\nObermaterial: Lammleder<br \/>\nInnenmaterial: Textilinnenfutter\n<\/p>\n<p>\nDiese zeitlose Tasche ist in den Farben Schwarz-Gold zu jeder Jahreszeit tragbar und ein treuer Begleiter f\u00fcrs Leben.<br \/> Die Graphic Flap Bag ist aufgeteilt in ein Hauptfach und ein Rei\u00dfverschlussfach. Verschlossen wird die Tasche durch das typische CC-Turnlock.<\/p>","protected":false},"excerpt":{"rendered":"<table class=\"mlb-product-details\">\n<tbody>\n<tr>\n<td class=\"mlb-details-caption\">Model<\/td>\n<td class=\"mlb-details-value\">Graphic Flap Bag Medium<\/td>\n<\/tr>\n<tr>\n<td class=\"mlb-details-caption\">Colour<\/td>\n<td class=\"mlb-details-value\">Black<\/td>\n<\/tr>\n<tr>\n<td class=\"mlb-details-caption\">Hardware<\/td>\n<td class=\"mlb-details-value\">Gold<\/td>\n<\/tr>\n<tr>\n<td class=\"mlb-details-caption\">Year<\/td>\n<td class=\"mlb-details-value\">2014<\/td>\n<\/tr>\n<tr>\n<td class=\"mlb-details-caption\">Accessoires<\/td>\n<td class=\"mlb-details-value\">Box, Staubbeutel, Hologramm, Authentizit\u00e4tskarte, Zertifikat<\/td>\n<\/tr>\n<tr>\n<td class=\"mlb-details-caption\">Condition<\/td>\n<td class=\"mlb-details-value\">Good condition<\/td>\n<\/tr>\n<\/tbody>\n<\/table>","protected":false},"featured_media":6199,"template":"","meta":[],"product_brand":[],"product_cat":[1430,87,154,85,99],"product_tag":[102],"class_list":{"0":"post-6135","1":"product","2":"type-product","3":"status-publish","4":"has-post-thumbnail","6":"product_cat-chanel","7":"product_cat-crossbodytaschen","8":"product_cat-designer","9":"product_cat-schultertaschen","10":"product_cat-taschen","11":"product_tag-sale","12":"product_shipping_class-bis1000","14":"first","15":"outofstock","16":"sale","17":"sold-individually","18":"shipping-taxable","19":"purchasable","20":"product-type-simple"},"_links":{"self":[{"href":"https:\/\/baselle.com\/en\/wp-json\/wp\/v2\/product\/6135","targetHints":{"allow":["GET"]}}],"collection":[{"href":"https:\/\/baselle.com\/en\/wp-json\/wp\/v2\/product"}],"about":[{"href":"https:\/\/baselle.com\/en\/wp-json\/wp\/v2\/types\/product"}],"wp:featuredmedia":[{"embeddable":true,"href":"https:\/\/baselle.com\/en\/wp-json\/wp\/v2\/media\/6199"}],"wp:attachment":[{"href":"https:\/\/baselle.com\/en\/wp-json\/wp\/v2\/media?parent=6135"}],"wp:term":[{"taxonomy":"product_brand","embeddable":true,"href":"https:\/\/baselle.com\/en\/wp-json\/wp\/v2\/product_brand?post=6135"},{"taxonomy":"product_cat","embeddable":true,"href":"https:\/\/baselle.com\/en\/wp-json\/wp\/v2\/product_cat?post=6135"},{"taxonomy":"product_tag","embeddable":true,"href":"https:\/\/baselle.com\/en\/wp-json\/wp\/v2\/product_tag?post=6135"}],"curies":[{"name":"wp","href":"https:\/\/api.w.org\/{rel}","templated":true}]}}