{"id":6059,"date":"2017-02-22T13:50:36","date_gmt":"2017-02-22T12:50:36","guid":{"rendered":"https:\/\/baselle.com\/?post_type=product&#038;p=6059"},"modified":"2020-02-27T12:31:42","modified_gmt":"2020-02-27T11:31:42","slug":"louis-vuitton-twicetwinset","status":"publish","type":"product","link":"https:\/\/baselle.com\/en\/product\/louis-vuitton-twicetwinset\/","title":{"rendered":"Louis Vuitton Twice\/Twinset"},"content":{"rendered":"<p>\nVery good condition:<br \/>\nDas Empreinte Leder ist in einem sehr guten Zustand. Die Ecken haben keinerlei Abrieb. Das Tascheninnere ist sauber und weist keine L\u00f6cher\/Risse auf. Die goldene Hardware ist in einem einwandfreien Zustand.\n<\/p>\n<p>\nStil: Schulter\/Crossbody<br \/>\nHandtaschengr\u00f6\u00dfe: Small<br \/>\nMa\u00dfe (ca.): B23cm*H17cm*T4cm\n<\/p>\n<p>\nObermaterial: Monogram Empreinte Leder; Besatz aus Kalbsleder<br \/>\nInnenmaterial: Mikrofaserinnenfutter\n<\/p>\n<p>\nDie Twice ist eine moderne, praktische und zugleich kompakte Tasche. Der Schulterriemen aus Leder ist in der L\u00e4nge verstellbar, so dass die Tasche immer super sitz &#8211; ob crossbody oder einfach \u00fcber der Schulter getragen. <br \/>\nDie Tasche teilt sich in drei F\u00e4cher auf und bringt so Ordnung in das Tascheninnere. Das vordere Fach wird durch einen \u00dcberschlag und Druckknopf verschlossen, in der Mitte ist ein Steckfach mit verstecktem Magnetverschluss und das Fach auf der R\u00fcckseite der Tasche schlie\u00dft sich durch einen Rei\u00dfverschluss.<\/p>","protected":false},"excerpt":{"rendered":"<table class=\"mlb-product-details\">\n<tbody>\n<tr>\n<td class=\"mlb-details-caption\">Model<\/td>\n<td class=\"mlb-details-value\"> Twinset Monogram Empreinte(M50261)<\/td>\n<\/tr>\n<tr>\n<td class=\"mlb-details-caption\">Colour<\/td>\n<td class=\"mlb-details-value\">Dahlia\/Fuchsia<\/td>\n<\/tr>\n<tr>\n<td class=\"mlb-details-caption\">Hardware<\/td>\n<td class=\"mlb-details-value\">Gold<\/td>\n<\/tr>\n<tr>\n<td class=\"mlb-details-caption\">Year<\/td>\n<td class=\"mlb-details-value\">2015<\/td>\n<\/tr>\n<tr>\n<td class=\"mlb-details-caption\">Accessoires<\/td>\n<td class=\"mlb-details-value\">Staubbeutel, Zertifikate, LV-Booklet<\/td>\n<\/tr>\n<tr>\n<td class=\"mlb-details-caption\">Condition<\/td>\n<td class=\"mlb-details-value\">Very good condition<\/td>\n<\/tr>\n<\/tbody>\n<\/table>","protected":false},"featured_media":6061,"template":"","meta":[],"product_brand":[],"product_cat":[87,154,86,1431,85,99],"product_tag":[102],"class_list":{"0":"post-6059","1":"product","2":"type-product","3":"status-publish","4":"has-post-thumbnail","6":"product_cat-crossbodytaschen","7":"product_cat-designer","8":"product_cat-kleinetaschen","9":"product_cat-louisvuitton","10":"product_cat-schultertaschen","11":"product_cat-taschen","12":"product_tag-sale","13":"product_shipping_class-bis2500","15":"first","16":"outofstock","17":"sale","18":"sold-individually","19":"shipping-taxable","20":"purchasable","21":"product-type-simple"},"_links":{"self":[{"href":"https:\/\/baselle.com\/en\/wp-json\/wp\/v2\/product\/6059","targetHints":{"allow":["GET"]}}],"collection":[{"href":"https:\/\/baselle.com\/en\/wp-json\/wp\/v2\/product"}],"about":[{"href":"https:\/\/baselle.com\/en\/wp-json\/wp\/v2\/types\/product"}],"wp:featuredmedia":[{"embeddable":true,"href":"https:\/\/baselle.com\/en\/wp-json\/wp\/v2\/media\/6061"}],"wp:attachment":[{"href":"https:\/\/baselle.com\/en\/wp-json\/wp\/v2\/media?parent=6059"}],"wp:term":[{"taxonomy":"product_brand","embeddable":true,"href":"https:\/\/baselle.com\/en\/wp-json\/wp\/v2\/product_brand?post=6059"},{"taxonomy":"product_cat","embeddable":true,"href":"https:\/\/baselle.com\/en\/wp-json\/wp\/v2\/product_cat?post=6059"},{"taxonomy":"product_tag","embeddable":true,"href":"https:\/\/baselle.com\/en\/wp-json\/wp\/v2\/product_tag?post=6059"}],"curies":[{"name":"wp","href":"https:\/\/api.w.org\/{rel}","templated":true}]}}