{"id":5920,"date":"2017-02-05T14:37:24","date_gmt":"2017-02-05T13:37:24","guid":{"rendered":"http:\/\/sportwagencheck24.com\/wordpress\/?post_type=product&#038;p=5920"},"modified":"2020-02-27T12:33:50","modified_gmt":"2020-02-27T11:33:50","slug":"chanel-rucksack-tweed-small","status":"publish","type":"product","link":"https:\/\/baselle.com\/en\/product\/chanel-rucksack-tweed-small\/","title":{"rendered":"CHANEL Rucksack Tweed"},"content":{"rendered":"<p>\nGood condition:<br \/>\nDas Tweed ist rundum in einem guten Zustand &#8211; ohne Besch\u00e4digungen. Das Tascheninnere ist sauber und ohne L\u00f6cher\/Risse. Das Hologramm im Inneren ist besch\u00e4digt und daher nur teilweise lesbar. Die goldene Hardware ist in einem sehr guten Zustand.\n<\/p>\n<p>\nStil: Rucksack<br \/>\nHandtaschengr\u00f6\u00dfe: Small<br \/>\nMa\u00dfe (ca.): B17cm*H19cm*T8cm\n<\/p>\n<p>\nObermaterial: Tweed<br \/>\nInnenmaterial: Leder\n<\/p>\n<p>\nDieser stylische Rucksack ist ein absolutes Sammlerst\u00fcck! In der Gr\u00f6\u00dfe &#8220;Small&#8221; und zugleich aus dem Material &#8220;Tweed&#8221; gefertigt, wird aus diesem wundersch\u00f6nen Rucksack ein Piece mit Seltenheitswert. Ein Hingucker und Accessoire f\u00fcr jeden Anlass!<\/p>","protected":false},"excerpt":{"rendered":"<table class=\"mlb-product-details\">\n<tbody>\n<tr>\n<td class=\"mlb-details-caption\">Model<\/td>\n<td class=\"mlb-details-value\">Backpack Tweed<\/td>\n<\/tr>\n<tr>\n<td class=\"mlb-details-caption\">Colour<\/td>\n<td class=\"mlb-details-value\">Schwarz-Wei\u00df<\/td>\n<\/tr>\n<tr>\n<td class=\"mlb-details-caption\">Hardware<\/td>\n<td class=\"mlb-details-value\">Gold<\/td>\n<\/tr>\n<tr>\n<td class=\"mlb-details-caption\">Year<\/td>\n<td class=\"mlb-details-value\"> <\/td>\n<\/tr>\n<tr>\n<td class=\"mlb-details-caption\">Accessoires<\/td>\n<td class=\"mlb-details-value\">Box, Staubbeutel, Hologramm (besch\u00e4digt)<\/td>\n<\/tr>\n<tr>\n<td class=\"mlb-details-caption\">Condition<\/td>\n<td class=\"mlb-details-value\">Good condition<\/td>\n<\/tr>\n<\/tbody>\n<\/table>","protected":false},"featured_media":6032,"template":"","meta":[],"product_brand":[],"product_cat":[1430,154,88,99],"product_tag":[102],"class_list":{"0":"post-5920","1":"product","2":"type-product","3":"status-publish","4":"has-post-thumbnail","6":"product_cat-chanel","7":"product_cat-designer","8":"product_cat-rucksaecke","9":"product_cat-taschen","10":"product_tag-sale","11":"product_shipping_class-bis1000","13":"first","14":"outofstock","15":"sale","16":"sold-individually","17":"shipping-taxable","18":"purchasable","19":"product-type-simple"},"_links":{"self":[{"href":"https:\/\/baselle.com\/en\/wp-json\/wp\/v2\/product\/5920","targetHints":{"allow":["GET"]}}],"collection":[{"href":"https:\/\/baselle.com\/en\/wp-json\/wp\/v2\/product"}],"about":[{"href":"https:\/\/baselle.com\/en\/wp-json\/wp\/v2\/types\/product"}],"wp:featuredmedia":[{"embeddable":true,"href":"https:\/\/baselle.com\/en\/wp-json\/wp\/v2\/media\/6032"}],"wp:attachment":[{"href":"https:\/\/baselle.com\/en\/wp-json\/wp\/v2\/media?parent=5920"}],"wp:term":[{"taxonomy":"product_brand","embeddable":true,"href":"https:\/\/baselle.com\/en\/wp-json\/wp\/v2\/product_brand?post=5920"},{"taxonomy":"product_cat","embeddable":true,"href":"https:\/\/baselle.com\/en\/wp-json\/wp\/v2\/product_cat?post=5920"},{"taxonomy":"product_tag","embeddable":true,"href":"https:\/\/baselle.com\/en\/wp-json\/wp\/v2\/product_tag?post=5920"}],"curies":[{"name":"wp","href":"https:\/\/api.w.org\/{rel}","templated":true}]}}