{"id":24663,"date":"2026-04-15T07:06:58","date_gmt":"2026-04-15T05:06:58","guid":{"rendered":"https:\/\/baselle.com\/?post_type=product&#038;p=24663"},"modified":"2026-05-01T22:45:23","modified_gmt":"2026-05-01T20:45:23","slug":"louis-vuitton-speedy-25-2","status":"publish","type":"product","link":"https:\/\/baselle.com\/en\/product\/louis-vuitton-speedy-25-2\/","title":{"rendered":"Louis Vuitton Speedy 25"},"content":{"rendered":"<p>\n<strong>Louis Vuitton Speedy 25 Bandouli\u00e8re Damier Ebene Handtasche Beschreibung<\/strong><\/p>\n<p>Diese originale Louis Vuitton Speedy 25 Bandouli\u00e8re Damier Ebene Handtasche geh\u00f6rt zu den zeitlosen Ikonen von Louis Vuitton. Das Modell ist aus beschichtetem Canvas und Rindslederbes\u00e4tzen gefertigt und verf\u00fcgt \u00fcber doppelt gerollte Griffe, einen abnehmbaren Schulterriemen sowie goldfarbene Beschl\u00e4ge. <\/p>\n<p>Durch einen Doppelrei\u00dfverschluss \u00f6ffnet sich die Speedy zu einem roten Textilinnenfutter mit einem Steckfach. Durch den verstellbaren Schulterriemen l\u00e4sst sie sich bequem \u00fcber der Schulter oder diagonal am K\u00f6rper tragen, so dass maximaler Tragekomfort garantiert ist. Die wundersch\u00f6ne Speedy Bandouli\u00e8re in Damier Ebene ist ein absolutes Lieblingspiece f\u00fcr den Alltag.\n<\/p>\n<p>\n<strong>Excellent condition<\/strong><br \/>\nDiese Louis Vuitton Speedy 30 Bandouli\u00e8re Damier Ebene Handtasche ist insgesamt in einem hervorragenden Zustand. Das beschichtete Canvas sowie die Rindslederbes\u00e4tze sind in einem einwandfreien Zustand. Die Tasche verf\u00fcgt \u00fcber ein Hot Stamping mit den Initialien &#8220;MS&#8221;.\n<\/p>\n<p>\n<strong>Style:<\/strong> Shoulder bag, handbag, crossbody<br \/>\n<strong>Size:<\/strong> 25<br \/>\n<strong>Dimensions (approx.):<\/strong> Breite 25 cm * H\u00f6he 19 cm * Tiefe 15 cm\n<\/p>\n<p>\n<strong>Exterior material:<\/strong> Beschichtetes Monogram Canvas, Rindsleder<br \/>\n<strong>Interior Material<\/strong> fabric lining\n<\/p>\n<p>The pictures represent the offered bag. The picture rights are held by BASELLE.<\/p>\n<p>Follow us on <a href=\"https:\/\/www.instagram.com\/baselle_com\/\" rel=\"noopener noreferrer\" target=\"_blank\"><span style=\"color: #96588a;\">Instagram<\/span><\/a> and get inspired. <\/p>","protected":false},"excerpt":{"rendered":"<table class=\"mlb-product-details\">\n<tbody>\n<tr>\n<td class=\"mlb-details-caption\">Model<\/td>\n<td class=\"mlb-details-value\">Speedy 25 Bandouli\u00e8re Damier Ebene<\/td>\n<\/tr>\n<tr>\n<td class=\"mlb-details-caption\">Colour<\/td>\n<td class=\"mlb-details-value\">Brown<\/td>\n<\/tr>\n<tr>\n<td class=\"mlb-details-caption\">Hardware<\/td>\n<td class=\"mlb-details-value\">Gold<\/td>\n<\/tr>\n<tr>\n<td class=\"mlb-details-caption\">Year<\/td>\n<td class=\"mlb-details-value\">2015<\/td>\n<\/tr>\n<tr>\n<td class=\"mlb-details-caption\">Accessoires<\/td>\n<td class=\"mlb-details-value\">Rechnung, Box, Staubbeutel, abnehmbarer Schulterriemen, Schloss + Schl\u00fcssel im kleinen Staubbeutel<\/td>\n<\/tr>\n<tr>\n<td class=\"mlb-details-caption\">Condition<\/td>\n<td class=\"mlb-details-value\">Excellent condition<\/td>\n<\/tr>\n<\/tbody>\n<\/table>","protected":false},"featured_media":24711,"template":"","meta":[],"product_brand":[],"product_cat":[87,154,68,1431,85,99],"product_tag":[111],"class_list":{"0":"post-24663","1":"product","2":"type-product","3":"status-publish","4":"has-post-thumbnail","6":"product_cat-crossbodytaschen","7":"product_cat-designer","8":"product_cat-handtaschen","9":"product_cat-louisvuitton","10":"product_cat-schultertaschen","11":"product_cat-taschen","12":"product_tag-neu","13":"product_shipping_class-bis2500","15":"first","16":"instock","17":"sold-individually","18":"shipping-taxable","19":"purchasable","20":"product-type-simple"},"_links":{"self":[{"href":"https:\/\/baselle.com\/en\/wp-json\/wp\/v2\/product\/24663","targetHints":{"allow":["GET"]}}],"collection":[{"href":"https:\/\/baselle.com\/en\/wp-json\/wp\/v2\/product"}],"about":[{"href":"https:\/\/baselle.com\/en\/wp-json\/wp\/v2\/types\/product"}],"wp:featuredmedia":[{"embeddable":true,"href":"https:\/\/baselle.com\/en\/wp-json\/wp\/v2\/media\/24711"}],"wp:attachment":[{"href":"https:\/\/baselle.com\/en\/wp-json\/wp\/v2\/media?parent=24663"}],"wp:term":[{"taxonomy":"product_brand","embeddable":true,"href":"https:\/\/baselle.com\/en\/wp-json\/wp\/v2\/product_brand?post=24663"},{"taxonomy":"product_cat","embeddable":true,"href":"https:\/\/baselle.com\/en\/wp-json\/wp\/v2\/product_cat?post=24663"},{"taxonomy":"product_tag","embeddable":true,"href":"https:\/\/baselle.com\/en\/wp-json\/wp\/v2\/product_tag?post=24663"}],"curies":[{"name":"wp","href":"https:\/\/api.w.org\/{rel}","templated":true}]}}