{"id":24461,"date":"2026-01-22T05:31:49","date_gmt":"2026-01-22T04:31:49","guid":{"rendered":"https:\/\/baselle.com\/?post_type=product&#038;p=24461"},"modified":"2026-04-07T03:48:10","modified_gmt":"2026-04-07T01:48:10","slug":"hermes-in-the-loop-23-24461","status":"publish","type":"product","link":"https:\/\/baselle.com\/en\/product\/hermes-in-the-loop-23-24461\/","title":{"rendered":"Herm\u00e8s In-The-Loop 23"},"content":{"rendered":"<p>\n<strong>Herm\u00e8s In-The-Loop 23 Leder Handtasche Beschreibung<\/strong><\/p>\n<p>Diese originale Herm\u00e8s In-The-Loop 23 Leder Handtasche ist ein zur\u00fcckhaltend elegantes Modell und eignet sich perfekt f\u00fcr den Alltag. Diese Handtasche ist aus robustem Cl\u00e9mence-Jungstierleder sowie Swift-Kalbsleder gefertigt und verf\u00fcgt \u00fcber eine &#8220;Cha\u00eene d\u00b4Ancre&#8221;-Kettengliedschlie\u00dfe mit Goldauflage. Die In-The-Loop 23 \u00f6ffnet sich zu einem Ton-in-Ton Tascheninneren mit einem Steckfach.\n<\/p>\n<p>\n<strong>Excellent condition<\/strong><br \/>\nDiese Herm\u00e8s In-The-Loop 23 Handtasche ist in einem hervorragenden Zustand.\n<\/p>\n<p>\n<strong>Style:<\/strong> Handbag<br \/>\n<strong>Size:<\/strong> 23<br \/>\n<strong>Dimensions (approx.):<\/strong> Breite 23 cm * H\u00f6he 25 cm * Tiefe 15 cm\n<\/p>\n<p>\n<strong>Exterior material:<\/strong> Cl\u00e9mence and swift leather <br \/>\n<strong>Interior Material<\/strong> Leather lining\n<\/p>\n<p>The pictures represent the offered bag. The picture rights are held by BASELLE. <\/p>\n<p>Follow us on <a href=\"https:\/\/www.instagram.com\/baselle_com\/\" rel=\"noopener noreferrer\" target=\"_blank\">Instagram<\/a> and get inspired. <\/p>","protected":false},"excerpt":{"rendered":"<table class=\"mlb-product-details\">\n<tbody>\n<tr>\n<td class=\"mlb-details-caption\">Model<\/td>\n<td class=\"mlb-details-value\">In-The-Loop 23<\/td>\n<\/tr>\n<tr>\n<td class=\"mlb-details-caption\">Colour<\/td>\n<td class=\"mlb-details-value\">Braun\/Gold<\/td>\n<\/tr>\n<tr>\n<td class=\"mlb-details-caption\">Hardware<\/td>\n<td class=\"mlb-details-value\">Goldauflage<\/td>\n<\/tr>\n<tr>\n<td class=\"mlb-details-caption\">Year<\/td>\n<td class=\"mlb-details-value\">2025<\/td>\n<\/tr>\n<tr>\n<td class=\"mlb-details-caption\">Accessoires<\/td>\n<td class=\"mlb-details-value\">Invoice, box, dustbag<\/td>\n<\/tr>\n<tr>\n<td class=\"mlb-details-caption\">Condition<\/td>\n<td class=\"mlb-details-value\">Excellent condition<\/td>\n<\/tr>\n<\/tbody>\n<\/table>","protected":false},"featured_media":24477,"template":"","meta":[],"product_brand":[],"product_cat":[154,68,3671,99],"product_tag":[],"class_list":{"0":"post-24461","1":"product","2":"type-product","3":"status-publish","4":"has-post-thumbnail","6":"product_cat-designer","7":"product_cat-handtaschen","8":"product_cat-hermes","9":"product_cat-taschen","10":"product_shipping_class-bis5000","12":"first","13":"instock","14":"sold-individually","15":"shipping-taxable","16":"purchasable","17":"product-type-simple"},"_links":{"self":[{"href":"https:\/\/baselle.com\/en\/wp-json\/wp\/v2\/product\/24461","targetHints":{"allow":["GET"]}}],"collection":[{"href":"https:\/\/baselle.com\/en\/wp-json\/wp\/v2\/product"}],"about":[{"href":"https:\/\/baselle.com\/en\/wp-json\/wp\/v2\/types\/product"}],"wp:featuredmedia":[{"embeddable":true,"href":"https:\/\/baselle.com\/en\/wp-json\/wp\/v2\/media\/24477"}],"wp:attachment":[{"href":"https:\/\/baselle.com\/en\/wp-json\/wp\/v2\/media?parent=24461"}],"wp:term":[{"taxonomy":"product_brand","embeddable":true,"href":"https:\/\/baselle.com\/en\/wp-json\/wp\/v2\/product_brand?post=24461"},{"taxonomy":"product_cat","embeddable":true,"href":"https:\/\/baselle.com\/en\/wp-json\/wp\/v2\/product_cat?post=24461"},{"taxonomy":"product_tag","embeddable":true,"href":"https:\/\/baselle.com\/en\/wp-json\/wp\/v2\/product_tag?post=24461"}],"curies":[{"name":"wp","href":"https:\/\/api.w.org\/{rel}","templated":true}]}}