{"id":24065,"date":"2025-10-03T23:36:30","date_gmt":"2025-10-03T21:36:30","guid":{"rendered":"https:\/\/baselle.com\/?post_type=product&#038;p=24065"},"modified":"2026-02-13T05:04:43","modified_gmt":"2026-02-13T04:04:43","slug":"louis-vuitton-bond-street-bb-24065","status":"publish","type":"product","link":"https:\/\/baselle.com\/en\/product\/louis-vuitton-bond-street-bb-24065\/","title":{"rendered":"Louis Vuitton Bond Street BB"},"content":{"rendered":"<p>\n<strong>Louis Vuitton Bond Street Damier Ebene Beige Handtasche Beschreibung<\/strong><\/p>\n<p>Diese originale Louis Vuitton Bond Street Damier Ebene Beige Handtasche ist eine schicke Lieblingstasche f\u00fcr die moderne Frau. Dieses Modell ist aus Damier Ebene beschichtetem Canvas und genarbtem Kalbsleder gefertigt und verf\u00fcgt \u00fcber aufgesetzte Nieten mit LV-Gravur sowie goldfarbene Hardware. <\/p>\n<p>The magnetic closure opens to reveal a black textile lining with two slip pockets. The Bond Street can be carried by hand, over the shoulder, or crossbody, ensuring maximum comfort. A beautiful handbag that can be worn in any season and on many occasions.\n<\/p>\n<p>\n<strong>Excellent condition<\/strong><br \/>\nThis pre-loved Louis Vuitton Bond Street BB Damier Ebene Beige handbag is in excellent condition. The canvas and calfskin leather are in perfect condition. The gold-colored hardware is shiny. The inside of the bag is clean, odor-free, and has no holes or tears.\n<\/p>\n<p>\n<strong>Style:<\/strong> Shoulder bag, handbag, crossbody<br \/>\n<strong>Size:<\/strong> BB<br \/>\n<strong>Dimensions (approx.):<\/strong> width 23 cm * height 17 cm * depth 9 cm\n<\/p>\n<p>\n<strong>Exterior material:<\/strong> Canvas, calfskin leather<br \/>\n<strong>Interior Material<\/strong> fabric lining\n<\/p>\n<p>The pictures represent the offered bag. The picture rights are held by BASELLE. <\/p>\n<p>Follow us on <a href=\"https:\/\/www.instagram.com\/baselle_com\/\" rel=\"noopener noreferrer\" target=\"_blank\"><strong>Instagram<\/strong><\/a> and get inspired. <\/p>","protected":false},"excerpt":{"rendered":"<table class=\"mlb-product-details\">\n<tbody>\n<tr>\n<td class=\"mlb-details-caption\">Model<\/td>\n<td class=\"mlb-details-value\">Bond Street BB<\/td>\n<\/tr>\n<tr>\n<td class=\"mlb-details-caption\">Colour<\/td>\n<td class=\"mlb-details-value\">Brown, beige, black<\/td>\n<\/tr>\n<tr>\n<td class=\"mlb-details-caption\">Hardware<\/td>\n<td class=\"mlb-details-value\">Gold<\/td>\n<\/tr>\n<tr>\n<td class=\"mlb-details-caption\">Year<\/td>\n<td class=\"mlb-details-value\">2020<\/td>\n<\/tr>\n<tr>\n<td class=\"mlb-details-caption\">Accessoires<\/td>\n<td class=\"mlb-details-value\">Invoice, box, dustbag<\/td>\n<\/tr>\n<tr>\n<td class=\"mlb-details-caption\">Condition<\/td>\n<td class=\"mlb-details-value\">Excellent condition<\/td>\n<\/tr>\n<\/tbody>\n<\/table>","protected":false},"featured_media":24084,"template":"","meta":[],"product_brand":[],"product_cat":[87,154,68,1431,85,99],"product_tag":[],"class_list":{"0":"post-24065","1":"product","2":"type-product","3":"status-publish","4":"has-post-thumbnail","6":"product_cat-crossbodytaschen","7":"product_cat-designer","8":"product_cat-handtaschen","9":"product_cat-louisvuitton","10":"product_cat-schultertaschen","11":"product_cat-taschen","12":"product_shipping_class-bis2500","14":"first","15":"instock","16":"sold-individually","17":"shipping-taxable","18":"purchasable","19":"product-type-simple"},"_links":{"self":[{"href":"https:\/\/baselle.com\/en\/wp-json\/wp\/v2\/product\/24065","targetHints":{"allow":["GET"]}}],"collection":[{"href":"https:\/\/baselle.com\/en\/wp-json\/wp\/v2\/product"}],"about":[{"href":"https:\/\/baselle.com\/en\/wp-json\/wp\/v2\/types\/product"}],"wp:featuredmedia":[{"embeddable":true,"href":"https:\/\/baselle.com\/en\/wp-json\/wp\/v2\/media\/24084"}],"wp:attachment":[{"href":"https:\/\/baselle.com\/en\/wp-json\/wp\/v2\/media?parent=24065"}],"wp:term":[{"taxonomy":"product_brand","embeddable":true,"href":"https:\/\/baselle.com\/en\/wp-json\/wp\/v2\/product_brand?post=24065"},{"taxonomy":"product_cat","embeddable":true,"href":"https:\/\/baselle.com\/en\/wp-json\/wp\/v2\/product_cat?post=24065"},{"taxonomy":"product_tag","embeddable":true,"href":"https:\/\/baselle.com\/en\/wp-json\/wp\/v2\/product_tag?post=24065"}],"curies":[{"name":"wp","href":"https:\/\/api.w.org\/{rel}","templated":true}]}}