{"id":23513,"date":"2025-04-27T10:04:10","date_gmt":"2025-04-27T08:04:10","guid":{"rendered":"https:\/\/baselle.com\/?post_type=product&#038;p=23513"},"modified":"2025-12-15T09:23:49","modified_gmt":"2025-12-15T08:23:49","slug":"chanel-vintage-chain-belt-23513","status":"publish","type":"product","link":"https:\/\/baselle.com\/en\/product\/chanel-vintage-chain-belt-23513\/","title":{"rendered":"CHANEL Vintage Chain Belt"},"content":{"rendered":"<p>\n<strong>CHANEL Vintage Belt Chain \/ Necklace Description<\/strong> <\/p>\n<p>Diese originale CHANEL Vintage G\u00fcrtelkette \/ Halskette ist aus mehreren goldenen Metallketten gefertigt und verf\u00fcgt \u00fcber einen Coco Parf\u00fcm Flacon am Abschluss. Die oberen beiden Kettenglieder sind fest zusammengeschwei\u00dft, w\u00e4hrend darunter eine k\u00fcrzere sowie eine l\u00e4ngere Kette jeweils nur am Abschluss befestigt ist.\n<\/p>\n<p>\n<strong>Excellent condition<\/strong><br \/>\nThis pre-loved CHANEL vintage belt chain\/necklace is in excellent condition.\n<\/p>\n<p>\n<strong>Dimensions (approx.):<\/strong> Gesamtl\u00e4nge = 70 cm\n<\/p>\n<p>\n<strong>Materials:<\/strong> Metal\n<\/p>\n<p>The pictures represent the offered chain belt. The picture rights are held by BASELLE. <\/p>\n<p>Follow us on <a href=\"https:\/\/www.instagram.com\/baselle_com\/\" rel=\"noopener noreferrer\" target=\"_blank\">Instagram<\/a> and get inspired. <\/p>","protected":false},"excerpt":{"rendered":"<table class=\"mlb-product-details\">\n<tbody>\n<tr>\n<td class=\"mlb-details-caption\">Model<\/td>\n<td class=\"mlb-details-value\">Vintage Parfum Flacon G\u00fcrtelkette \/ Halskette<\/td>\n<\/tr>\n<tr>\n<td class=\"mlb-details-caption\">Colour<\/td>\n<td class=\"mlb-details-value\">Gold<\/td>\n<\/tr>\n<tr>\n<td class=\"mlb-details-caption\">Hardware<\/td>\n<td class=\"mlb-details-value\">Metal gold plated<\/td>\n<\/tr>\n<tr>\n<td class=\"mlb-details-caption\">Year<\/td>\n<td class=\"mlb-details-value\">Vintage<\/td>\n<\/tr>\n<tr>\n<td class=\"mlb-details-caption\">Accessoires<\/td>\n<td class=\"mlb-details-value\">Box<\/td>\n<\/tr>\n<tr>\n<td class=\"mlb-details-caption\">Condition<\/td>\n<td class=\"mlb-details-value\">Excellent condition<\/td>\n<\/tr>\n<\/tbody>\n<\/table>","protected":false},"featured_media":23519,"template":"","meta":[],"product_brand":[],"product_cat":[57,1430,154,3690,3678,3676],"product_tag":[],"class_list":{"0":"post-23513","1":"product","2":"type-product","3":"status-publish","4":"has-post-thumbnail","6":"product_cat-accessories","7":"product_cat-chanel","8":"product_cat-designer","9":"product_cat-guertel","10":"product_cat-halsketten","11":"product_cat-schmuck","12":"product_shipping_class-bis1000","14":"first","15":"instock","16":"sold-individually","17":"shipping-taxable","18":"purchasable","19":"product-type-simple"},"_links":{"self":[{"href":"https:\/\/baselle.com\/en\/wp-json\/wp\/v2\/product\/23513","targetHints":{"allow":["GET"]}}],"collection":[{"href":"https:\/\/baselle.com\/en\/wp-json\/wp\/v2\/product"}],"about":[{"href":"https:\/\/baselle.com\/en\/wp-json\/wp\/v2\/types\/product"}],"wp:featuredmedia":[{"embeddable":true,"href":"https:\/\/baselle.com\/en\/wp-json\/wp\/v2\/media\/23519"}],"wp:attachment":[{"href":"https:\/\/baselle.com\/en\/wp-json\/wp\/v2\/media?parent=23513"}],"wp:term":[{"taxonomy":"product_brand","embeddable":true,"href":"https:\/\/baselle.com\/en\/wp-json\/wp\/v2\/product_brand?post=23513"},{"taxonomy":"product_cat","embeddable":true,"href":"https:\/\/baselle.com\/en\/wp-json\/wp\/v2\/product_cat?post=23513"},{"taxonomy":"product_tag","embeddable":true,"href":"https:\/\/baselle.com\/en\/wp-json\/wp\/v2\/product_tag?post=23513"}],"curies":[{"name":"wp","href":"https:\/\/api.w.org\/{rel}","templated":true}]}}