{"id":23371,"date":"2025-03-19T06:43:43","date_gmt":"2025-03-19T05:43:43","guid":{"rendered":"https:\/\/baselle.com\/?post_type=product&#038;p=23371"},"modified":"2025-06-28T01:58:20","modified_gmt":"2025-06-27T23:58:20","slug":"chanel-raffia-jumbo-flap-bag-handtasche-23371","status":"publish","type":"product","link":"https:\/\/baselle.com\/en\/product\/chanel-raffia-jumbo-flap-bag-handtasche-23371\/","title":{"rendered":"CHANEL Raffia Flap Bag"},"content":{"rendered":"<p>\n<strong>CHANEL Raffia Jumbo Flap Bag Handtasche Beschreibung<\/strong><\/p>\n<p>Diese originale CHANEL Raffia Jumbo Flap Bag Handtasche ist eine aufwendig verarbeitete Handtasche im typisch zeitlosen Stil von Chanel. In ihrer Gr\u00f6\u00dfe bietet sie genug Platz f\u00fcr alles, was \u201cFrau\u201d braucht und eignet sich daher perfekt f\u00fcr ausgewogene Shopping-Tage oder f\u00fcr die Arbeit. Die Timeless ist aus robustem Raffia gefertigt und verf\u00fcgt \u00fcber Stickereidetails, gewebte Kettenriemen, einem CC-Turnlock und hellgoldene Hardware-Akzente.<\/p>\n<p>Der CC-Turnlock-Verschluss \u00f6ffnet sich zu einem hellbeigen Seidenfutter, aufgeteilt in ein Hauptfach, ein Steckfach und ein Rei\u00dfverschlussfach. Am Taschenr\u00fccken befindet sich ein weiteres aufgesetztes Steckfach. Die Jumbo Single Flap Bag kann \u00fcber der Schulter sowie diagonal am K\u00f6rper getragen werden, so dass maximaler Tragekomfort garantiert ist.\n<\/p>\n<p>\n<strong>Very good condition:<\/strong><br \/>\nDiese CHANEL Raffia Jumbo Flap Bag Handtasche aus zweiter Hand ist insgesamt in einem sehr guten Zustand. Das Raffia ist in einem sehr sch\u00f6nen gepflegten Zustand. Die goldenen Hardware-Akzente sind ebenfalls in einem sehr guten Zustand. Das Tascheninnere ist ohne Ger\u00fcche und weist keine L\u00f6cher\/Risse auf.\n<\/p>\n<p>\n<strong>Style:<\/strong> Crossbody, Schultertasche<br \/>\n<strong>Size:<\/strong> Jumbo<br \/>\n<strong>Dimensions (approx.):<\/strong> Breite 30 cm * H\u00f6he 19,5 cm * Tiefe 10 cm<br \/>\n<strong>Shoulder strap (approx.):<\/strong> einfach = 125 cm, doppelt = 70 cm\n<\/p>\n<p>\n<strong>Exterior material:<\/strong> Raffia<br \/>\n<strong>Interior Material<\/strong> silk\n<\/p>\n<p>The pictures represent the offered bag. The picture rights are held by BASELLE. <\/p>\n<p>Follow us on <a href=\"https:\/\/www.instagram.com\/baselle_com\/\" rel=\"noopener noreferrer\" target=\"_blank\"><strong>Instagram<\/strong><\/a> and get inspired. <\/p>","protected":false},"excerpt":{"rendered":"<table class=\"mlb-product-details\">\n<tbody>\n<tr>\n<td class=\"mlb-details-caption\">Model<\/td>\n<td class=\"mlb-details-value\">Raffia Jumbo Flap Bag<\/td>\n<\/tr>\n<tr>\n<td class=\"mlb-details-caption\">Colour<\/td>\n<td class=\"mlb-details-value\">Beige\/Neutral, Wei\u00df<\/td>\n<\/tr>\n<tr>\n<td class=\"mlb-details-caption\">Hardware<\/td>\n<td class=\"mlb-details-value\">Gold<\/td>\n<\/tr>\n<tr>\n<td class=\"mlb-details-caption\">Year<\/td>\n<td class=\"mlb-details-value\">2010<\/td>\n<\/tr>\n<tr>\n<td class=\"mlb-details-caption\">Accessoires<\/td>\n<td class=\"mlb-details-value\">Dustbag, serialnumber with hologram<\/td>\n<\/tr>\n<tr>\n<td class=\"mlb-details-caption\">Condition<\/td>\n<td class=\"mlb-details-value\">Very good condition<\/td>\n<\/tr>\n<\/tbody>\n<\/table>","protected":false},"featured_media":23381,"template":"","meta":[],"product_brand":[],"product_cat":[1430,87,154,85,99],"product_tag":[],"class_list":{"0":"post-23371","1":"product","2":"type-product","3":"status-publish","4":"has-post-thumbnail","6":"product_cat-chanel","7":"product_cat-crossbodytaschen","8":"product_cat-designer","9":"product_cat-schultertaschen","10":"product_cat-taschen","11":"product_shipping_class-bis5000","13":"first","14":"instock","15":"sold-individually","16":"shipping-taxable","17":"purchasable","18":"product-type-simple"},"_links":{"self":[{"href":"https:\/\/baselle.com\/en\/wp-json\/wp\/v2\/product\/23371","targetHints":{"allow":["GET"]}}],"collection":[{"href":"https:\/\/baselle.com\/en\/wp-json\/wp\/v2\/product"}],"about":[{"href":"https:\/\/baselle.com\/en\/wp-json\/wp\/v2\/types\/product"}],"wp:featuredmedia":[{"embeddable":true,"href":"https:\/\/baselle.com\/en\/wp-json\/wp\/v2\/media\/23381"}],"wp:attachment":[{"href":"https:\/\/baselle.com\/en\/wp-json\/wp\/v2\/media?parent=23371"}],"wp:term":[{"taxonomy":"product_brand","embeddable":true,"href":"https:\/\/baselle.com\/en\/wp-json\/wp\/v2\/product_brand?post=23371"},{"taxonomy":"product_cat","embeddable":true,"href":"https:\/\/baselle.com\/en\/wp-json\/wp\/v2\/product_cat?post=23371"},{"taxonomy":"product_tag","embeddable":true,"href":"https:\/\/baselle.com\/en\/wp-json\/wp\/v2\/product_tag?post=23371"}],"curies":[{"name":"wp","href":"https:\/\/api.w.org\/{rel}","templated":true}]}}