{"id":23156,"date":"2025-02-23T17:17:22","date_gmt":"2025-02-23T16:17:22","guid":{"rendered":"https:\/\/baselle.com\/?post_type=product&#038;p=23156"},"modified":"2025-03-11T08:06:40","modified_gmt":"2025-03-11T07:06:40","slug":"louis-vuitton-sully-mm-23156","status":"publish","type":"product","link":"https:\/\/baselle.com\/en\/product\/louis-vuitton-sully-mm-23156\/","title":{"rendered":"Louis Vuitton Sully MM"},"content":{"rendered":"<p>\n<strong>Louis Vuitton Sully MM Monogram Canvas Handtasche Beschreibung<\/strong><\/p>\n<p>Diese originale Louis Vuitton Sully MM Monogram Canvas Handtasche ist ein leger stilvolles Modell f\u00fcr die moderne Frau. Durch ihr leichtes Gewicht ist sie die perfekte Begleitung f\u00fcr ausgewogene Shopping Tage sowie f\u00fcr die Arbeit. <\/p>\n<p>Ein flacher Schulterriemen garantiert Dir maximalen Tragekomfort im Alltag, ob in der Hand oder \u00fcber der Schulter getragen. Der Zwei-Wege-Rei\u00dfverschluss \u00f6ffnet sich zu einem braunen Innenraum aus Textil mit einem drei Steckf\u00e4chern.\n<\/p>\n<p>\n<strong>Very good condition:<\/strong><br \/>\nDiese Louis Vuitton Sully MM Monogram Canvas Handtasche aus zweiter Hand ist insgesamt in einem sehr guten Zustand.  Das beschichtete Canvas ist in einem sch\u00f6nen gepflegten Zustand. Die naturbelassenen Rindslederbes\u00e4tze haben eine sch\u00f6ne gleichm\u00e4\u00dfige honigfarbene Patina. Das Tascheninnere ist sauber, ohne Ger\u00fcche und weist keine L\u00f6cher\/Risse auf.\n<\/p>\n<p>\n<strong>Style:<\/strong> Shoulder bag, handbag<br \/>\n<strong>Size:<\/strong> MM<br \/>\n<strong>Dimensions (approx.):<\/strong> Breite 36 cm * H\u00f6he 34 cm * Tiefe 12 cm\n<\/p>\n<p>\n<strong>Exterior material:<\/strong> Monogram canvas, leather<br \/>\n<strong>Interior Material<\/strong> fabric lining\n<\/p>\n<p>The pictures represent the offered bag. The picture rights are held by BASELLE.<\/p>\n<p>Follow us on <a href=\"https:\/\/www.instagram.com\/baselle_com\/\" target=\"_blank\" rel=\"noopener noreferrer\"><strong>Instagram<\/strong><\/a> and get inspired.<\/p>","protected":false},"excerpt":{"rendered":"<table class=\"mlb-product-details\">\n<tbody>\n<tr>\n<td class=\"mlb-details-caption\">Model<\/td>\n<td class=\"mlb-details-value\">Sully MM Monogram Canvas<\/td>\n<\/tr>\n<tr>\n<td class=\"mlb-details-caption\">Colour<\/td>\n<td class=\"mlb-details-value\">Brown<\/td>\n<\/tr>\n<tr>\n<td class=\"mlb-details-caption\">Hardware<\/td>\n<td class=\"mlb-details-value\">Gold<\/td>\n<\/tr>\n<tr>\n<td class=\"mlb-details-caption\">Year<\/td>\n<td class=\"mlb-details-value\">2012<\/td>\n<\/tr>\n<tr>\n<td class=\"mlb-details-caption\">Accessoires<\/td>\n<td class=\"mlb-details-value\">Box, dustbag<\/td>\n<\/tr>\n<tr>\n<td class=\"mlb-details-caption\">Condition<\/td>\n<td class=\"mlb-details-value\">Very good condition<\/td>\n<\/tr>\n<\/tbody>\n<\/table>","protected":false},"featured_media":23183,"template":"","meta":[],"product_brand":[],"product_cat":[154,68,1431,85,99],"product_tag":[],"class_list":{"0":"post-23156","1":"product","2":"type-product","3":"status-publish","4":"has-post-thumbnail","6":"product_cat-designer","7":"product_cat-handtaschen","8":"product_cat-louisvuitton","9":"product_cat-schultertaschen","10":"product_cat-taschen","11":"product_shipping_class-bis2500","13":"first","14":"outofstock","15":"sold-individually","16":"shipping-taxable","17":"purchasable","18":"product-type-simple"},"_links":{"self":[{"href":"https:\/\/baselle.com\/en\/wp-json\/wp\/v2\/product\/23156","targetHints":{"allow":["GET"]}}],"collection":[{"href":"https:\/\/baselle.com\/en\/wp-json\/wp\/v2\/product"}],"about":[{"href":"https:\/\/baselle.com\/en\/wp-json\/wp\/v2\/types\/product"}],"wp:featuredmedia":[{"embeddable":true,"href":"https:\/\/baselle.com\/en\/wp-json\/wp\/v2\/media\/23183"}],"wp:attachment":[{"href":"https:\/\/baselle.com\/en\/wp-json\/wp\/v2\/media?parent=23156"}],"wp:term":[{"taxonomy":"product_brand","embeddable":true,"href":"https:\/\/baselle.com\/en\/wp-json\/wp\/v2\/product_brand?post=23156"},{"taxonomy":"product_cat","embeddable":true,"href":"https:\/\/baselle.com\/en\/wp-json\/wp\/v2\/product_cat?post=23156"},{"taxonomy":"product_tag","embeddable":true,"href":"https:\/\/baselle.com\/en\/wp-json\/wp\/v2\/product_tag?post=23156"}],"curies":[{"name":"wp","href":"https:\/\/api.w.org\/{rel}","templated":true}]}}