{"id":22862,"date":"2025-01-03T22:20:57","date_gmt":"2025-01-03T21:20:57","guid":{"rendered":"https:\/\/baselle.com\/?post_type=product&#038;p=22862"},"modified":"2025-03-08T09:19:20","modified_gmt":"2025-03-08T08:19:20","slug":"chanel-vanity-case-beauty-kosmetiktasche-22862","status":"publish","type":"product","link":"https:\/\/baselle.com\/en\/product\/chanel-vanity-case-beauty-kosmetiktasche-22862\/","title":{"rendered":"Chanel Vanity Case"},"content":{"rendered":"<p>\n<strong>CHANEL Vanity Case Beauty Kosmetiktasche Leder Beschreibung<\/strong><\/p>\n<p>Diese originale CHANEL Vanity Case Beauty Kosmetiktasche ist ein praktisches Accessoire und in einem solch tadellosen Zustand kaum noch zu finden. Sie ist aus dem beliebten Caviar Leder gefertigt und verf\u00fcgt \u00fcber ein gro\u00dfes CC-Logo sowie goldfarbene Hardware-Akzente. Der Rei\u00dfverschluss mit CC-Signatur \u00f6ffnet dieses Kosmetikt\u00e4schchen zu einem wei\u00dfen Lederinnenfutter.\n<\/p>\n<p>\n<strong>Mint condition<\/strong><br \/>\nDiese CHANEL Vanity Case Beauty Kosmetiktasche ist in einem neuwertigen Zustand.\n<\/p>\n<p>\n<strong>Style:<\/strong> Cosmetic pouch<br \/>\n<strong>Size:<\/strong> Medium<br \/>\n<strong>Dimensions (approx.):<\/strong> Breite 15 cm * H\u00f6he 17 cm * Tiefe 13 cm\n<\/p>\n<p>\n<strong>Exterior material:<\/strong> Genarbtes Leder<br \/>\n<strong>Interior Material<\/strong> Leather lining\n<\/p>\n<p>The pictures represent the offered bag. The picture rights are held by BASELLE. <\/p>\n<p>Follow us on <a href=\"https:\/\/www.instagram.com\/baselle_com\/\" rel=\"noopener noreferrer\" target=\"_blank\"><strong>Instagram<\/strong><\/a> and get inspired. <\/p>","protected":false},"excerpt":{"rendered":"<table class=\"mlb-product-details\">\n<tbody>\n<tr>\n<td class=\"mlb-details-caption\">Model<\/td>\n<td class=\"mlb-details-value\">Vanity Beauty Case<\/td>\n<\/tr>\n<tr>\n<td class=\"mlb-details-caption\">Colour<\/td>\n<td class=\"mlb-details-value\">Pink<\/td>\n<\/tr>\n<tr>\n<td class=\"mlb-details-caption\">Hardware<\/td>\n<td class=\"mlb-details-value\">Gold<\/td>\n<\/tr>\n<tr>\n<td class=\"mlb-details-caption\">Year<\/td>\n<td class=\"mlb-details-value\">2004<\/td>\n<\/tr>\n<tr>\n<td class=\"mlb-details-caption\">Accessoires<\/td>\n<td class=\"mlb-details-value\">Box, Staubbeutel, Authentizit\u00e4tskarte<\/td>\n<\/tr>\n<tr>\n<td class=\"mlb-details-caption\">Condition<\/td>\n<td class=\"mlb-details-value\">Mint condition<\/td>\n<\/tr>\n<\/tbody>\n<\/table>","protected":false},"featured_media":22892,"template":"","meta":[],"product_brand":[],"product_cat":[57,1430,154,68,86,90,99],"product_tag":[],"class_list":{"0":"post-22862","1":"product","2":"type-product","3":"status-publish","4":"has-post-thumbnail","6":"product_cat-accessories","7":"product_cat-chanel","8":"product_cat-designer","9":"product_cat-handtaschen","10":"product_cat-kleinetaschen","11":"product_cat-kleinlederwaren","12":"product_cat-taschen","13":"product_shipping_class-bis2500","15":"first","16":"outofstock","17":"sold-individually","18":"shipping-taxable","19":"purchasable","20":"product-type-simple"},"_links":{"self":[{"href":"https:\/\/baselle.com\/en\/wp-json\/wp\/v2\/product\/22862","targetHints":{"allow":["GET"]}}],"collection":[{"href":"https:\/\/baselle.com\/en\/wp-json\/wp\/v2\/product"}],"about":[{"href":"https:\/\/baselle.com\/en\/wp-json\/wp\/v2\/types\/product"}],"wp:featuredmedia":[{"embeddable":true,"href":"https:\/\/baselle.com\/en\/wp-json\/wp\/v2\/media\/22892"}],"wp:attachment":[{"href":"https:\/\/baselle.com\/en\/wp-json\/wp\/v2\/media?parent=22862"}],"wp:term":[{"taxonomy":"product_brand","embeddable":true,"href":"https:\/\/baselle.com\/en\/wp-json\/wp\/v2\/product_brand?post=22862"},{"taxonomy":"product_cat","embeddable":true,"href":"https:\/\/baselle.com\/en\/wp-json\/wp\/v2\/product_cat?post=22862"},{"taxonomy":"product_tag","embeddable":true,"href":"https:\/\/baselle.com\/en\/wp-json\/wp\/v2\/product_tag?post=22862"}],"curies":[{"name":"wp","href":"https:\/\/api.w.org\/{rel}","templated":true}]}}