{"id":22774,"date":"2024-12-08T22:46:24","date_gmt":"2024-12-08T21:46:24","guid":{"rendered":"https:\/\/baselle.com\/?post_type=product&#038;p=22774"},"modified":"2025-09-01T11:04:36","modified_gmt":"2025-09-01T09:04:36","slug":"hermes-in-the-loop-18-leder-handtasche-new-white-22774","status":"publish","type":"product","link":"https:\/\/baselle.com\/en\/product\/hermes-in-the-loop-18-leder-handtasche-new-white-22774\/","title":{"rendered":"Herm\u00e8s In-The-Loop 18"},"content":{"rendered":"<p>\n<strong>Herm\u00e8s In-The-Loop 18 Leder Handtasche Beschreibung<\/strong><\/p>\n<p>Diese originale Herm\u00e8s In-The-Loop 18 Leder Handtasche ist ein zur\u00fcckhaltend elegantes Modell und eignet sich perfekt f\u00fcr den Alltag. Trotz der kompakten Gr\u00f6\u00dfe ist sie ein wahres Platzwunder. Diese Handtasche ist aus robustem Cl\u00e9mence-Jungstierleder sowie Swift-Kalbsleder gefertigt und verf\u00fcgt \u00fcber eine &#8220;Cha\u00eene d\u00b4Ancre&#8221;-Kettengliedschlie\u00dfe mit Palladiumauflage. Die In-The-Loop 18 \u00f6ffnet sich zu einem Ton-in-Ton Tascheninneren mit einem Steckfach.\n<\/p>\n<p>\n<strong>Mint condition<\/strong><br \/>\nDiese Herm\u00e8s In-The-Loop 18 Handtasche ist in einem neuwertigen Zustand.\n<\/p>\n<p>\n<strong>Style:<\/strong> Handbag<br \/>\n<strong>Size:<\/strong> 18<br \/>\n<strong>Dimensions (approx.):<\/strong> width 18 cm * height 19,5 cm * depth 12 cm\n<\/p>\n<p>\n<strong>Exterior material:<\/strong> Cl\u00e9mence and swift leather <br \/>\n<strong>Interior Material<\/strong> Leather lining\n<\/p>\n<p>The pictures represent the offered bag. The picture rights are held by BASELLE. <\/p>\n<p>Follow us on <a href=\"https:\/\/www.instagram.com\/baselle_com\/\" rel=\"noopener noreferrer\" target=\"_blank\">Instagram<\/a> and get inspired. <\/p>","protected":false},"excerpt":{"rendered":"<table class=\"mlb-product-details\">\n<tbody>\n<tr>\n<td class=\"mlb-details-caption\">Model<\/td>\n<td class=\"mlb-details-value\">In-The-Loop 18<\/td>\n<\/tr>\n<tr>\n<td class=\"mlb-details-caption\">Colour<\/td>\n<td class=\"mlb-details-value\">New White<\/td>\n<\/tr>\n<tr>\n<td class=\"mlb-details-caption\">Hardware<\/td>\n<td class=\"mlb-details-value\">Silver and palladium-plated<\/td>\n<\/tr>\n<tr>\n<td class=\"mlb-details-caption\">Year<\/td>\n<td class=\"mlb-details-value\">2023<\/td>\n<\/tr>\n<tr>\n<td class=\"mlb-details-caption\">Accessoires<\/td>\n<td class=\"mlb-details-value\">Invoice, box, dustbag<\/td>\n<\/tr>\n<tr>\n<td class=\"mlb-details-caption\">Condition<\/td>\n<td class=\"mlb-details-value\">Mint condition<\/td>\n<\/tr>\n<\/tbody>\n<\/table>","protected":false},"featured_media":22795,"template":"","meta":[],"product_brand":[],"product_cat":[154,68,3671,99],"product_tag":[],"class_list":{"0":"post-22774","1":"product","2":"type-product","3":"status-publish","4":"has-post-thumbnail","6":"product_cat-designer","7":"product_cat-handtaschen","8":"product_cat-hermes","9":"product_cat-taschen","10":"product_shipping_class-bis5000","12":"first","13":"outofstock","14":"sold-individually","15":"shipping-taxable","16":"purchasable","17":"product-type-simple"},"_links":{"self":[{"href":"https:\/\/baselle.com\/en\/wp-json\/wp\/v2\/product\/22774","targetHints":{"allow":["GET"]}}],"collection":[{"href":"https:\/\/baselle.com\/en\/wp-json\/wp\/v2\/product"}],"about":[{"href":"https:\/\/baselle.com\/en\/wp-json\/wp\/v2\/types\/product"}],"wp:featuredmedia":[{"embeddable":true,"href":"https:\/\/baselle.com\/en\/wp-json\/wp\/v2\/media\/22795"}],"wp:attachment":[{"href":"https:\/\/baselle.com\/en\/wp-json\/wp\/v2\/media?parent=22774"}],"wp:term":[{"taxonomy":"product_brand","embeddable":true,"href":"https:\/\/baselle.com\/en\/wp-json\/wp\/v2\/product_brand?post=22774"},{"taxonomy":"product_cat","embeddable":true,"href":"https:\/\/baselle.com\/en\/wp-json\/wp\/v2\/product_cat?post=22774"},{"taxonomy":"product_tag","embeddable":true,"href":"https:\/\/baselle.com\/en\/wp-json\/wp\/v2\/product_tag?post=22774"}],"curies":[{"name":"wp","href":"https:\/\/api.w.org\/{rel}","templated":true}]}}