{"id":22687,"date":"2024-11-15T19:32:47","date_gmt":"2024-11-15T18:32:47","guid":{"rendered":"https:\/\/baselle.com\/?post_type=product&#038;p=22687"},"modified":"2025-08-16T08:31:43","modified_gmt":"2025-08-16T06:31:43","slug":"gucci-gg-black-crossbody-bag","status":"publish","type":"product","link":"https:\/\/baselle.com\/en\/product\/gucci-gg-black-crossbody-bag\/","title":{"rendered":"Gucci GG Crossbody Bag"},"content":{"rendered":"<p><strong>Gucci GG Black Crossbody Bag Handtasche Beschreibung<\/strong><\/p>\n<p>Diese originale Gucci GG Black Crossbody Bag Handtasche ist eine sportlich praktische Handtasche. In ihrer kompakten Gr\u00f6\u00dfe bietet sie ausreichend Platz f\u00fcr Portemonnaie, Schl\u00fcssel und Smartphone. Die Crossbody Bag ist aus schwarzem GG Supreme Canvas gefertigt und verf\u00fcgt \u00fcber einen abnehmbaren Nylon-Schulterriemen und silberne Hardware-Akzente.<\/p>\n<p>Der Rei\u00dfverschluss \u00f6ffnet sich zu einem schwarzen Tascheninneren mit einem Steckfach. Die GG Crossbody Bag kann \u00fcber der Schulter sowie Crossbody getragen werden, so dass maximaler Tragekomfort garantiert ist. <\/p>\n<p><strong>Excellent condition<\/strong><br \/>\nDiese Gucci GG Black Crossbody Bag Handtasche aus zweiter Hand ist insgesamt in einem hervorragenden Zustand. Das Supreme Canvas und das Leder sind in einem einwandfreien Zustand. Das Tascheninnere ist sauber und ohne Besch\u00e4digungen. Auch die silbernen Hardware-Akzente sind in einem sch\u00f6nen gl\u00e4nzenden Zustand.<\/p>\n<p><strong>Style:<\/strong> Shoulder bag, clutch, crossbody<br \/>\n<strong>Size:<\/strong> Small<br \/>\n<strong>Dimensions (approx.):<\/strong> Breite 23 cm * H\u00f6he 14 cm * Tiefe 7 cm<br \/>\n<strong>Shoulder chain:<\/strong> 112 cm<\/p>\n<p><strong>Exterior material:<\/strong> GG Supreme Canvas, Lederbes\u00e4tze<br \/>\n<strong>Interior Material<\/strong> fabric lining<\/p>\n<p>The pictures represent the offered bag. The picture rights are held by BASELLE.<\/p>\n<p>Follow us on <a href=\"https:\/\/www.instagram.com\/baselle_com\/\" rel=\"noopener noreferrer\" target=\"_blank\"><strong>Instagram<\/strong><\/a> and get inspired. <\/p>","protected":false},"excerpt":{"rendered":"<table class=\"mlb-product-details\">\n<tbody>\n<tr>\n<td class=\"mlb-details-caption\">Model<\/td>\n<td class=\"mlb-details-value\">GG Crossbody Bag<\/td>\n<\/tr>\n<tr>\n<td class=\"mlb-details-caption\">Colour<\/td>\n<td class=\"mlb-details-value\">Black<\/td>\n<\/tr>\n<tr>\n<td class=\"mlb-details-caption\">Hardware<\/td>\n<td class=\"mlb-details-value\">Silver<\/td>\n<\/tr>\n<tr>\n<td class=\"mlb-details-caption\">Year<\/td>\n<td class=\"mlb-details-value\">2024<\/td>\n<\/tr>\n<tr>\n<td class=\"mlb-details-caption\">Accessoires<\/td>\n<td class=\"mlb-details-value\">Invoice, box, dustbag, serialnumber<\/td>\n<\/tr>\n<tr>\n<td class=\"mlb-details-caption\">Condition<\/td>\n<td class=\"mlb-details-value\">Excellent condition<\/td>\n<\/tr>\n<\/tbody>\n<\/table>","protected":false},"featured_media":22699,"template":"","meta":[],"product_brand":[],"product_cat":[87,154,3691,86,85,99],"product_tag":[],"class_list":{"0":"post-22687","1":"product","2":"type-product","3":"status-publish","4":"has-post-thumbnail","6":"product_cat-crossbodytaschen","7":"product_cat-designer","8":"product_cat-gucci","9":"product_cat-kleinetaschen","10":"product_cat-schultertaschen","11":"product_cat-taschen","12":"product_shipping_class-bis1000","14":"first","15":"outofstock","16":"sold-individually","17":"shipping-taxable","18":"purchasable","19":"product-type-simple"},"_links":{"self":[{"href":"https:\/\/baselle.com\/en\/wp-json\/wp\/v2\/product\/22687","targetHints":{"allow":["GET"]}}],"collection":[{"href":"https:\/\/baselle.com\/en\/wp-json\/wp\/v2\/product"}],"about":[{"href":"https:\/\/baselle.com\/en\/wp-json\/wp\/v2\/types\/product"}],"wp:featuredmedia":[{"embeddable":true,"href":"https:\/\/baselle.com\/en\/wp-json\/wp\/v2\/media\/22699"}],"wp:attachment":[{"href":"https:\/\/baselle.com\/en\/wp-json\/wp\/v2\/media?parent=22687"}],"wp:term":[{"taxonomy":"product_brand","embeddable":true,"href":"https:\/\/baselle.com\/en\/wp-json\/wp\/v2\/product_brand?post=22687"},{"taxonomy":"product_cat","embeddable":true,"href":"https:\/\/baselle.com\/en\/wp-json\/wp\/v2\/product_cat?post=22687"},{"taxonomy":"product_tag","embeddable":true,"href":"https:\/\/baselle.com\/en\/wp-json\/wp\/v2\/product_tag?post=22687"}],"curies":[{"name":"wp","href":"https:\/\/api.w.org\/{rel}","templated":true}]}}