{"id":22597,"date":"2024-11-05T16:58:18","date_gmt":"2024-11-05T15:58:18","guid":{"rendered":"https:\/\/baselle.com\/?post_type=product&#038;p=22597"},"modified":"2025-08-08T09:03:59","modified_gmt":"2025-08-08T07:03:59","slug":"hermes-carre-decoupages-22597","status":"publish","type":"product","link":"https:\/\/baselle.com\/en\/product\/hermes-carre-decoupages-22597\/","title":{"rendered":"Herm\u00e8s Carr\u00e9 &#8220;D\u00e9coupages&#8221;"},"content":{"rendered":"<p><strong>Herm\u00e8s Carr\u00e9 \u201cD\u00e9coupages\u201d Description<\/strong><\/p>\n<p>This authentic Herm\u00e8s Carr\u00e9 \"D\u00e9coupages\u201d is a timeless and classic accessory for every season. The scarf can be worn around the neck, as a belt or as an accessory on a handbag. It is made from soft, high-quality silk with hand-rolled hems. <\/p>\n<p><strong>Excellent condition<\/strong><br \/>\nThis Herm\u00e8s Carr\u00e9 \u201cD\u00e9coupages\u201d is in excellent overall condition.  <\/p>\n<p><strong>Dimensions (approx.):<\/strong> 90 * 90 cm<\/p>\n<p><strong>Material:<\/strong> 100 % silk<\/p>\n<p>The pictures represent the offered scarf. The picture rights are held by BASELLE.<\/p>\n<p>Follow us on <a href=\"https:\/\/www.instagram.com\/baselle_com\/\" rel=\"noopener noreferrer\" target=\"_blank\">Instagram<\/a> and get inspired. <\/p>","protected":false},"excerpt":{"rendered":"<table class=\"mlb-product-details\">\n<tbody>\n<tr>\n<td class=\"mlb-details-caption\">Model<\/td>\n<td class=\"mlb-details-value\">Carr\u00e9 &#8220;D\u00e9coupages&#8221;<\/td>\n<\/tr>\n<tr>\n<td class=\"mlb-details-caption\">Colour<\/td>\n<td class=\"mlb-details-value\">Mint green, multicolor<\/td>\n<\/tr>\n<tr>\n<td class=\"mlb-details-caption\">Hardware<\/td>\n<td class=\"mlb-details-value\">&#8211;<\/td>\n<\/tr>\n<tr>\n<td class=\"mlb-details-caption\">Year<\/td>\n<td class=\"mlb-details-value\">&#8211;<\/td>\n<\/tr>\n<tr>\n<td class=\"mlb-details-caption\">Accessoires<\/td>\n<td class=\"mlb-details-value\">&#8211;<\/td>\n<\/tr>\n<tr>\n<td class=\"mlb-details-caption\">Condition<\/td>\n<td class=\"mlb-details-value\">Excellent condition<\/td>\n<\/tr>\n<\/tbody>\n<\/table>","protected":false},"featured_media":23627,"template":"","meta":[],"product_brand":[],"product_cat":[57,154,3671,70],"product_tag":[],"class_list":{"0":"post-22597","1":"product","2":"type-product","3":"status-publish","4":"has-post-thumbnail","6":"product_cat-accessories","7":"product_cat-designer","8":"product_cat-hermes","9":"product_cat-schalstuecher","10":"product_shipping_class-0-500","12":"first","13":"outofstock","14":"sold-individually","15":"shipping-taxable","16":"purchasable","17":"product-type-simple"},"_links":{"self":[{"href":"https:\/\/baselle.com\/en\/wp-json\/wp\/v2\/product\/22597","targetHints":{"allow":["GET"]}}],"collection":[{"href":"https:\/\/baselle.com\/en\/wp-json\/wp\/v2\/product"}],"about":[{"href":"https:\/\/baselle.com\/en\/wp-json\/wp\/v2\/types\/product"}],"wp:featuredmedia":[{"embeddable":true,"href":"https:\/\/baselle.com\/en\/wp-json\/wp\/v2\/media\/23627"}],"wp:attachment":[{"href":"https:\/\/baselle.com\/en\/wp-json\/wp\/v2\/media?parent=22597"}],"wp:term":[{"taxonomy":"product_brand","embeddable":true,"href":"https:\/\/baselle.com\/en\/wp-json\/wp\/v2\/product_brand?post=22597"},{"taxonomy":"product_cat","embeddable":true,"href":"https:\/\/baselle.com\/en\/wp-json\/wp\/v2\/product_cat?post=22597"},{"taxonomy":"product_tag","embeddable":true,"href":"https:\/\/baselle.com\/en\/wp-json\/wp\/v2\/product_tag?post=22597"}],"curies":[{"name":"wp","href":"https:\/\/api.w.org\/{rel}","templated":true}]}}