{"id":22512,"date":"2024-10-25T16:07:22","date_gmt":"2024-10-25T14:07:22","guid":{"rendered":"https:\/\/baselle.com\/?post_type=product&#038;p=22512"},"modified":"2025-04-04T19:45:02","modified_gmt":"2025-04-04T17:45:02","slug":"louis-vuitton-trianon-pm-creme-22512","status":"publish","type":"product","link":"https:\/\/baselle.com\/en\/product\/louis-vuitton-trianon-pm-creme-22512\/","title":{"rendered":"Louis Vuitton Trianon PM"},"content":{"rendered":"<p>\n<strong>Louis Vuitton Trianon PM Monogram Empreinte Description<\/strong><\/p>\n<p>This authentic Louis Vuitton Trianon PM Monogram Empreinte leather handbag is a stylish model for the busy woman. Its compact size and numerous compartments make it the perfect alternative to the classic tote. <\/p>\n<p>It impresses with its timelessly elegant color and features gold-colored hardware accents, double rolled handles and a detachable and adjustable shoulder strap.\nThe zipper opens to a brown interior with two slip pockets for storing everyday essentials.<br \/>\nDer Rei\u00dfverschluss \u00f6ffnet sich zu einem braunen Innenraum mit zwei Steckf\u00e4chern f\u00fcr die Aufbewahrung von Dingen des t\u00e4glichen Bedarfs.\n<\/p>\n<p>\n<strong>Mint condition<\/strong><br \/>\nThis pre-loved Louis Vuitton Trianon PM Monogram Empreinte leather handbag is in mint condition.\n<\/p>\n<p>\n<strong>Style:<\/strong> shoulder bag, handbag<br \/>\n<strong>Size:<\/strong> PM<br \/>\n<strong>Dimensions (approx.):<\/strong> width 28 cm * height 18 cm * depth 8 cm\n<\/p>\n<p>\n<strong>Exterior material:<\/strong> Grained cowhide leather<br \/>\n<strong>Interior Material<\/strong> microfibre lining\n<\/p>\n<p>The pictures represent the offered bag. The picture rights are held by BASELLE.<\/p>\n<p>Follow us on <a href=\"https:\/\/www.instagram.com\/baselle_com\/\" rel=\"noopener noreferrer\" target=\"_blank\">Instagram<\/a> and get inspired. <\/p>","protected":false},"excerpt":{"rendered":"<table class=\"mlb-product-details\">\n<tbody>\n<tr>\n<td class=\"mlb-details-caption\">Model<\/td>\n<td class=\"mlb-details-value\">Trianon PM<\/td>\n<\/tr>\n<tr>\n<td class=\"mlb-details-caption\">Colour<\/td>\n<td class=\"mlb-details-value\">Creme<\/td>\n<\/tr>\n<tr>\n<td class=\"mlb-details-caption\">Hardware<\/td>\n<td class=\"mlb-details-value\">Gold<\/td>\n<\/tr>\n<tr>\n<td class=\"mlb-details-caption\">Year<\/td>\n<td class=\"mlb-details-value\">2023<\/td>\n<\/tr>\n<tr>\n<td class=\"mlb-details-caption\">Accessoires<\/td>\n<td class=\"mlb-details-value\">Invoice, box, dustbag, shoulder strap<\/td>\n<\/tr>\n<tr>\n<td class=\"mlb-details-caption\">Condition<\/td>\n<td class=\"mlb-details-value\">Mint condition<\/td>\n<\/tr>\n<\/tbody>\n<\/table>","protected":false},"featured_media":22524,"template":"","meta":[],"product_brand":[],"product_cat":[87,154,68,1431,85,99],"product_tag":[],"class_list":{"0":"post-22512","1":"product","2":"type-product","3":"status-publish","4":"has-post-thumbnail","6":"product_cat-crossbodytaschen","7":"product_cat-designer","8":"product_cat-handtaschen","9":"product_cat-louisvuitton","10":"product_cat-schultertaschen","11":"product_cat-taschen","12":"product_shipping_class-bis2500","14":"first","15":"outofstock","16":"sold-individually","17":"shipping-taxable","18":"purchasable","19":"product-type-simple"},"_links":{"self":[{"href":"https:\/\/baselle.com\/en\/wp-json\/wp\/v2\/product\/22512","targetHints":{"allow":["GET"]}}],"collection":[{"href":"https:\/\/baselle.com\/en\/wp-json\/wp\/v2\/product"}],"about":[{"href":"https:\/\/baselle.com\/en\/wp-json\/wp\/v2\/types\/product"}],"wp:featuredmedia":[{"embeddable":true,"href":"https:\/\/baselle.com\/en\/wp-json\/wp\/v2\/media\/22524"}],"wp:attachment":[{"href":"https:\/\/baselle.com\/en\/wp-json\/wp\/v2\/media?parent=22512"}],"wp:term":[{"taxonomy":"product_brand","embeddable":true,"href":"https:\/\/baselle.com\/en\/wp-json\/wp\/v2\/product_brand?post=22512"},{"taxonomy":"product_cat","embeddable":true,"href":"https:\/\/baselle.com\/en\/wp-json\/wp\/v2\/product_cat?post=22512"},{"taxonomy":"product_tag","embeddable":true,"href":"https:\/\/baselle.com\/en\/wp-json\/wp\/v2\/product_tag?post=22512"}],"curies":[{"name":"wp","href":"https:\/\/api.w.org\/{rel}","templated":true}]}}