{"id":22497,"date":"2024-10-21T23:52:09","date_gmt":"2024-10-21T21:52:09","guid":{"rendered":"https:\/\/baselle.com\/?post_type=product&#038;p=22497"},"modified":"2024-12-03T01:05:30","modified_gmt":"2024-12-03T00:05:30","slug":"dior-lady-d-joy-medium-22497","status":"publish","type":"product","link":"https:\/\/baselle.com\/en\/product\/dior-lady-d-joy-medium-22497\/","title":{"rendered":"Dior Lady D-Joy Medium"},"content":{"rendered":"<p>\n<strong>Dior Lady D-Joy Medium Denim Eyelet Handtasche Beschreibung<\/strong><\/p>\n<p>Diese originale Dior Lady D-Joy Medium Denim Eyelet Handtasche vereint elegantes Design mit l\u00e4ssigem Tragekomfort. Sie ist aus robustem Denim mit silbernen \u00d6sen gefertigt und verf\u00fcgt \u00fcber eine stilvolle Schulterkette, D.I.O.R. Metallanh\u00e4nger und silberne Hardware-Akzente. Die Handtasche \u00f6ffnet sich zu einem kompakten Tascheninneren mit einem Steckfach. Der abnehmbare Schulterriemen verspricht maximalen Tragekomfort und macht die Lady D-Joy Handtasche zum idealen Begleiter f\u00fcr unterwegs.\n<\/p>\n<p>\n<strong>Mint condition<\/strong><br \/>\nDiese Dior Lady D-Joy Medium Denim Eyelet Handtasche aus zweiter Hand ist in einem neuwertigen Zustand. \n<\/p>\n<p>\n<strong>Style:<\/strong> Shoulder bag, handbag, crossbody<br \/>\n<strong>Size:<\/strong> Medium<br \/>\n<strong>Dimensions (approx.):<\/strong> Breite 26 cm * H\u00f6he 13,5 cm * Tiefe 5 cm\n<\/p>\n<p>\n<strong>Exterior material:<\/strong> Denim<br \/>\n<strong>Interior Material<\/strong> Denim\n<\/p>\n<p>The pictures represent the offered bag. The picture rights are held by BASELLE. <\/p>\n<p>Follow us on <a href=\"https:\/\/www.instagram.com\/baselle_com\/\" rel=\"noopener noreferrer\" target=\"_blank\">Instagram<\/a> and get inspired.<\/p>","protected":false},"excerpt":{"rendered":"<table class=\"mlb-product-details\">\n<tbody>\n<tr>\n<td class=\"mlb-details-caption\">Model<\/td>\n<td class=\"mlb-details-value\">Lady D-Joy Denim Eyelet<\/td>\n<\/tr>\n<tr>\n<td class=\"mlb-details-caption\">Colour<\/td>\n<td class=\"mlb-details-value\">Marine\/Dark Blue<\/td>\n<\/tr>\n<tr>\n<td class=\"mlb-details-caption\">Hardware<\/td>\n<td class=\"mlb-details-value\">Silver<\/td>\n<\/tr>\n<tr>\n<td class=\"mlb-details-caption\">Year<\/td>\n<td class=\"mlb-details-value\">2022<\/td>\n<\/tr>\n<tr>\n<td class=\"mlb-details-caption\">Accessoires<\/td>\n<td class=\"mlb-details-value\">Staubbeutel, abnehmbarer Schulterriemen, abnehmbare Kette<\/td>\n<\/tr>\n<tr>\n<td class=\"mlb-details-caption\">Condition<\/td>\n<td class=\"mlb-details-value\">Mint condition<\/td>\n<\/tr>\n<\/tbody>\n<\/table>","protected":false},"featured_media":22498,"template":"","meta":[],"product_brand":[],"product_cat":[87,154,3689,68,86,85,99],"product_tag":[],"class_list":{"0":"post-22497","1":"product","2":"type-product","3":"status-publish","4":"has-post-thumbnail","6":"product_cat-crossbodytaschen","7":"product_cat-designer","8":"product_cat-dior","9":"product_cat-handtaschen","10":"product_cat-kleinetaschen","11":"product_cat-schultertaschen","12":"product_cat-taschen","13":"product_shipping_class-bis5000","15":"first","16":"outofstock","17":"sold-individually","18":"shipping-taxable","19":"purchasable","20":"product-type-simple"},"_links":{"self":[{"href":"https:\/\/baselle.com\/en\/wp-json\/wp\/v2\/product\/22497","targetHints":{"allow":["GET"]}}],"collection":[{"href":"https:\/\/baselle.com\/en\/wp-json\/wp\/v2\/product"}],"about":[{"href":"https:\/\/baselle.com\/en\/wp-json\/wp\/v2\/types\/product"}],"wp:featuredmedia":[{"embeddable":true,"href":"https:\/\/baselle.com\/en\/wp-json\/wp\/v2\/media\/22498"}],"wp:attachment":[{"href":"https:\/\/baselle.com\/en\/wp-json\/wp\/v2\/media?parent=22497"}],"wp:term":[{"taxonomy":"product_brand","embeddable":true,"href":"https:\/\/baselle.com\/en\/wp-json\/wp\/v2\/product_brand?post=22497"},{"taxonomy":"product_cat","embeddable":true,"href":"https:\/\/baselle.com\/en\/wp-json\/wp\/v2\/product_cat?post=22497"},{"taxonomy":"product_tag","embeddable":true,"href":"https:\/\/baselle.com\/en\/wp-json\/wp\/v2\/product_tag?post=22497"}],"curies":[{"name":"wp","href":"https:\/\/api.w.org\/{rel}","templated":true}]}}