{"id":22449,"date":"2024-10-12T15:59:30","date_gmt":"2024-10-12T13:59:30","guid":{"rendered":"https:\/\/baselle.com\/?post_type=product&#038;p=22449"},"modified":"2025-03-02T10:25:11","modified_gmt":"2025-03-02T09:25:11","slug":"hermes-roulis-mini-22449","status":"publish","type":"product","link":"https:\/\/baselle.com\/en\/product\/hermes-roulis-mini-22449\/","title":{"rendered":"Herm\u00e8s Roulis Mini"},"content":{"rendered":"<p>\n<strong>Herm\u00e8s Roulis Mini Leder Handtasche Beschreibung<\/strong><\/p>\n<p>Diese originale Herm\u00e8s Roulis Mini Leder Handtasche ist ein zeitlos elegantes und wundersch\u00f6nes Modell. Sie ist aus Swift-Kalbsleder gefertigt und verf\u00fcgt \u00fcber einen Palladium-Verschluss. Die Handtasche \u00f6ffnet sich zu einem Ton-in-Ton Lederfutter mit drei F\u00e4chern. Ein weiteres Steckfach befindet sich auf dem Taschenr\u00fccken. <\/p>\n<p>Die schlichte Roulis kann diagonal am K\u00f6rper sowie kurz oder lang \u00fcber der Schulter getragen werden und verspricht maximalen Tragekomfort.<br \/>\nDer aktuelle Neupreis bei Herm\u00e8s liegt bei 6.400 \u20ac.\n<\/p>\n<p>\n<strong>Mint condition<\/strong><br \/>\nDiese Herm\u00e8s Roulis Mini Handtasche ist in einem neuwertigen Zustand.\n<\/p>\n<p>\n<strong>Style:<\/strong> Shoulder bag, clutch, crossbody<br \/>\n<strong>Size:<\/strong> Mini<br \/>\n<strong>Dimensions (approx.):<\/strong> Breite 18 cm * H\u00f6he 15 cm * Tiefe 6 cm\n<\/p>\n<p>\n<strong>Exterior material:<\/strong> Swift calfskin leather <br \/>\n<strong>Interior Material<\/strong> Leather lining\n<\/p>\n<p>The pictures represent the offered bag. The picture rights are held by BASELLE. <\/p>\n<p>Follow us on <a href=\"https:\/\/www.instagram.com\/baselle_com\/\" rel=\"noopener noreferrer\" target=\"_blank\"><strong>Instagram<\/strong><\/a> and get inspired. <\/p>","protected":false},"excerpt":{"rendered":"<table class=\"mlb-product-details\">\n<tbody>\n<tr>\n<td class=\"mlb-details-caption\">Model<\/td>\n<td class=\"mlb-details-value\">Roulis Mini<\/td>\n<\/tr>\n<tr>\n<td class=\"mlb-details-caption\">Colour<\/td>\n<td class=\"mlb-details-value\">Magnolia<\/td>\n<\/tr>\n<tr>\n<td class=\"mlb-details-caption\">Hardware<\/td>\n<td class=\"mlb-details-value\">Silver and palladium-plated<\/td>\n<\/tr>\n<tr>\n<td class=\"mlb-details-caption\">Year<\/td>\n<td class=\"mlb-details-value\">2022<\/td>\n<\/tr>\n<tr>\n<td class=\"mlb-details-caption\">Accessoires<\/td>\n<td class=\"mlb-details-value\">Invoice, box, dustbag<\/td>\n<\/tr>\n<tr>\n<td class=\"mlb-details-caption\">Condition<\/td>\n<td class=\"mlb-details-value\">Mint condition<\/td>\n<\/tr>\n<\/tbody>\n<\/table>","protected":false},"featured_media":22450,"template":"","meta":[],"product_brand":[],"product_cat":[87,154,3671,86,85,99],"product_tag":[],"class_list":{"0":"post-22449","1":"product","2":"type-product","3":"status-publish","4":"has-post-thumbnail","6":"product_cat-crossbodytaschen","7":"product_cat-designer","8":"product_cat-hermes","9":"product_cat-kleinetaschen","10":"product_cat-schultertaschen","11":"product_cat-taschen","12":"product_shipping_class-bis5000","14":"first","15":"outofstock","16":"sold-individually","17":"shipping-taxable","18":"purchasable","19":"product-type-simple"},"_links":{"self":[{"href":"https:\/\/baselle.com\/en\/wp-json\/wp\/v2\/product\/22449","targetHints":{"allow":["GET"]}}],"collection":[{"href":"https:\/\/baselle.com\/en\/wp-json\/wp\/v2\/product"}],"about":[{"href":"https:\/\/baselle.com\/en\/wp-json\/wp\/v2\/types\/product"}],"wp:featuredmedia":[{"embeddable":true,"href":"https:\/\/baselle.com\/en\/wp-json\/wp\/v2\/media\/22450"}],"wp:attachment":[{"href":"https:\/\/baselle.com\/en\/wp-json\/wp\/v2\/media?parent=22449"}],"wp:term":[{"taxonomy":"product_brand","embeddable":true,"href":"https:\/\/baselle.com\/en\/wp-json\/wp\/v2\/product_brand?post=22449"},{"taxonomy":"product_cat","embeddable":true,"href":"https:\/\/baselle.com\/en\/wp-json\/wp\/v2\/product_cat?post=22449"},{"taxonomy":"product_tag","embeddable":true,"href":"https:\/\/baselle.com\/en\/wp-json\/wp\/v2\/product_tag?post=22449"}],"curies":[{"name":"wp","href":"https:\/\/api.w.org\/{rel}","templated":true}]}}