{"id":22406,"date":"2024-10-06T16:44:31","date_gmt":"2024-10-06T14:44:31","guid":{"rendered":"https:\/\/baselle.com\/?post_type=product&#038;p=22406"},"modified":"2024-12-03T01:05:45","modified_gmt":"2024-12-03T00:05:45","slug":"hermes-neo-evelyne-16-handtasche-22406","status":"publish","type":"product","link":"https:\/\/baselle.com\/en\/product\/hermes-neo-evelyne-16-handtasche-22406\/","title":{"rendered":"Herm\u00e8s N\u00e9o \u00c9velyne 16"},"content":{"rendered":"<p>\n<strong>Herm\u00e8s N\u00e9o \u00c9velyne 16 Handtasche Beschreibung<\/strong><\/p>\n<p>Diese originale Herm\u00e8s N\u00e9o \u00c9velyne 16 Handtasche vereint schlichtes Design mit l\u00e4ssigem Tragekomfort. Sie ist aus Toile Officier und Swift-Kalbsleder gefertigt und verf\u00fcgt \u00fcber einen abnehmbaren Schulterriemen und silberne Hardware-Akzente.  <\/p>\n<p>Die Evelyne Handtasche \u00f6ffnet sich durch einen Druckknopfverschluss zu einem Tascheninneren in der Farbe Cassis. Dieses elegante T\u00e4schchen kann mit dem originalen Schulterriemen ausschlie\u00dflich modern \u00fcber der Schulter werden. Um sie crossbody zu tragen, m\u00fcsste ein separater Schulterriemen angebracht werden.\n<\/p>\n<p>\n<strong>New condition:<\/strong><br \/>\nDiese Herm\u00e8s N\u00e9o \u00c9velyne 16 Handtasche ist neu und ungetragen.\n<\/p>\n<p>\n<strong>Style:<\/strong> Shoulder Bag<br \/>\n<strong>Size:<\/strong> 16<br \/>\n<strong>Dimensions (approx.):<\/strong> Breite 16 cm * H\u00f6he 18 cm * Tiefe 5 cm<br \/>\n<strong>Strap length:<\/strong> 52,5 cm\n<\/p>\n<p>\n<strong>Exterior material:<\/strong> Toile Officier, Swift-Kalbsleder<br \/>\n<strong>Interior Material<\/strong> Toile Officier\n<\/p>\n<p>The pictures represent the offered bag. The picture rights are held by BASELLE. <\/p>\n<p>Follow us on <a href=\"https:\/\/www.instagram.com\/baselle_com\/\" rel=\"noopener noreferrer\" target=\"_blank\"><strong>Instagram<\/strong><\/a> and get inspired. <\/p>","protected":false},"excerpt":{"rendered":"<table class=\"mlb-product-details\">\n<tbody>\n<tr>\n<td class=\"mlb-details-caption\">Model<\/td>\n<td class=\"mlb-details-value\">N\u00e9o \u00c9velyne 16<\/td>\n<\/tr>\n<tr>\n<td class=\"mlb-details-caption\">Colour<\/td>\n<td class=\"mlb-details-value\">Dune, Caban, Cassis<\/td>\n<\/tr>\n<tr>\n<td class=\"mlb-details-caption\">Hardware<\/td>\n<td class=\"mlb-details-value\">Silver and palladium-plated<\/td>\n<\/tr>\n<tr>\n<td class=\"mlb-details-caption\">Year<\/td>\n<td class=\"mlb-details-value\">2024<\/td>\n<\/tr>\n<tr>\n<td class=\"mlb-details-caption\">Accessoires<\/td>\n<td class=\"mlb-details-value\">Invoice, box, dustbag, removalbe shoulder strap<\/td>\n<\/tr>\n<tr>\n<td class=\"mlb-details-caption\">Condition<\/td>\n<td class=\"mlb-details-value\">New condition<\/td>\n<\/tr>\n<\/tbody>\n<\/table>","protected":false},"featured_media":22415,"template":"","meta":[],"product_brand":[],"product_cat":[154,3671,86,85,99],"product_tag":[],"class_list":{"0":"post-22406","1":"product","2":"type-product","3":"status-publish","4":"has-post-thumbnail","6":"product_cat-designer","7":"product_cat-hermes","8":"product_cat-kleinetaschen","9":"product_cat-schultertaschen","10":"product_cat-taschen","11":"product_shipping_class-bis5000","13":"first","14":"outofstock","15":"sold-individually","16":"shipping-taxable","17":"purchasable","18":"product-type-simple"},"_links":{"self":[{"href":"https:\/\/baselle.com\/en\/wp-json\/wp\/v2\/product\/22406","targetHints":{"allow":["GET"]}}],"collection":[{"href":"https:\/\/baselle.com\/en\/wp-json\/wp\/v2\/product"}],"about":[{"href":"https:\/\/baselle.com\/en\/wp-json\/wp\/v2\/types\/product"}],"wp:featuredmedia":[{"embeddable":true,"href":"https:\/\/baselle.com\/en\/wp-json\/wp\/v2\/media\/22415"}],"wp:attachment":[{"href":"https:\/\/baselle.com\/en\/wp-json\/wp\/v2\/media?parent=22406"}],"wp:term":[{"taxonomy":"product_brand","embeddable":true,"href":"https:\/\/baselle.com\/en\/wp-json\/wp\/v2\/product_brand?post=22406"},{"taxonomy":"product_cat","embeddable":true,"href":"https:\/\/baselle.com\/en\/wp-json\/wp\/v2\/product_cat?post=22406"},{"taxonomy":"product_tag","embeddable":true,"href":"https:\/\/baselle.com\/en\/wp-json\/wp\/v2\/product_tag?post=22406"}],"curies":[{"name":"wp","href":"https:\/\/api.w.org\/{rel}","templated":true}]}}