{"id":21293,"date":"2024-06-25T00:38:52","date_gmt":"2024-06-24T22:38:52","guid":{"rendered":"https:\/\/baselle.com\/?post_type=product&#038;p=21293"},"modified":"2025-09-01T11:04:01","modified_gmt":"2025-09-01T09:04:01","slug":"louis-vuitton-palm-springs-mini-21293","status":"publish","type":"product","link":"https:\/\/baselle.com\/en\/product\/louis-vuitton-palm-springs-mini-21293\/","title":{"rendered":"Louis Vuitton Palm Springs Mini"},"content":{"rendered":"<p>\n<strong>Louis Vuitton Palm Springs Mini Monogram Reverse Canvas Rucksack Beschreibung<\/strong><\/p>\n<p>Dieser originale Louis Vuitton Palm Springs Mini Monogram Reverse Canvas Rucksack ist ein kompaktes Accessoire f\u00fcr den t\u00e4glichen Gebrauch. Die Kombination aus trendigem Design mit moderner Funktionalit\u00e4t machen aus diesem Rucksack den perfekten City-Begleiter. Er ist aus beschichtetem Canvas gefertigt und verf\u00fcgt \u00fcber schwarze Kalbsleder-Akzente, einen gepolstertem Ledergriff, eine Schalschlaufe und goldfarbene Hardware. <\/p>\n<p>Die Schulterriemen sind verstellbar und k\u00f6nnen beliebig angebracht werden, so dass der Mini Palm Springs diagonal am K\u00f6rper, bequem \u00fcber der Schulter oder als Rucksack getragen werden kann. Die verschiedenen Trageweisen garantieren Dir maximalen Tragekomfort im Alltag.Der Rei\u00dfverschluss \u00f6ffnet sich zu einem schwarzen Innenraum aus Textilinnenfutter mit einem Steckfach. Zus\u00e4tzlichen Stauraum bietet das aufgesetzte Rei\u00dfverschlussfach auf der Vorderseite des Palm Springs Rucksacks.\n<\/p>\n<p>\n<strong>Excellent condition<\/strong><br \/>\nDieser  Louis Vuitton Palm Springs Mini Monogram Reverse Canvas Rucksack aus zweiter Hand ist insgesamt in einem hervorragenden Zustand. Das beschichtete Canvas sowie die Kalbsleder-Bes\u00e4tze sind in einem einwandfreien Zustand. Das Tascheninnere ist sauber, ohne Ger\u00fcche und weist keine L\u00f6cher\/Risse auf\n<\/p>\n<p>\n<strong>Style:<\/strong> Backpack<br \/>\n<strong>Size:<\/strong> Mini<br \/>\n<strong>Dimensions (approx.):<\/strong> Breite 17 cm * H\u00f6he 22 cm * Tiefe 10 cm\n<\/p>\n<p>\n<strong>Exterior material:<\/strong> Canvas, calfskin leather<br \/>\n<strong>Interior Material<\/strong> fabric lining\n<\/p>\n<p>The pictures represent the offered backpack. The picture rights are held by BASELLE.<\/p>\n<p>Follow us on <a href=\"https:\/\/www.instagram.com\/baselle_com\/\" rel=\"noopener noreferrer\" target=\"_blank\">Instagram<\/a> and get inspired. <\/p>","protected":false},"excerpt":{"rendered":"<table class=\"mlb-product-details\">\n<tbody>\n<tr>\n<td class=\"mlb-details-caption\">Model<\/td>\n<td class=\"mlb-details-value\">Palm Springs Mini<\/td>\n<\/tr>\n<tr>\n<td class=\"mlb-details-caption\">Colour<\/td>\n<td class=\"mlb-details-value\">Brown, Black<\/td>\n<\/tr>\n<tr>\n<td class=\"mlb-details-caption\">Hardware<\/td>\n<td class=\"mlb-details-value\">Gold<\/td>\n<\/tr>\n<tr>\n<td class=\"mlb-details-caption\">Year<\/td>\n<td class=\"mlb-details-value\">2021<\/td>\n<\/tr>\n<tr>\n<td class=\"mlb-details-caption\">Accessoires<\/td>\n<td class=\"mlb-details-value\">Invoice, box, dustbag<\/td>\n<\/tr>\n<tr>\n<td class=\"mlb-details-caption\">Condition<\/td>\n<td class=\"mlb-details-value\">Excellent condition<\/td>\n<\/tr>\n<\/tbody>\n<\/table>","protected":false},"featured_media":21295,"template":"","meta":[],"product_brand":[],"product_cat":[87,154,68,86,1431,88,85,99],"product_tag":[],"class_list":{"0":"post-21293","1":"product","2":"type-product","3":"status-publish","4":"has-post-thumbnail","6":"product_cat-crossbodytaschen","7":"product_cat-designer","8":"product_cat-handtaschen","9":"product_cat-kleinetaschen","10":"product_cat-louisvuitton","11":"product_cat-rucksaecke","12":"product_cat-schultertaschen","13":"product_cat-taschen","14":"product_shipping_class-bis2500","16":"first","17":"outofstock","18":"sold-individually","19":"shipping-taxable","20":"purchasable","21":"product-type-simple"},"_links":{"self":[{"href":"https:\/\/baselle.com\/en\/wp-json\/wp\/v2\/product\/21293","targetHints":{"allow":["GET"]}}],"collection":[{"href":"https:\/\/baselle.com\/en\/wp-json\/wp\/v2\/product"}],"about":[{"href":"https:\/\/baselle.com\/en\/wp-json\/wp\/v2\/types\/product"}],"wp:featuredmedia":[{"embeddable":true,"href":"https:\/\/baselle.com\/en\/wp-json\/wp\/v2\/media\/21295"}],"wp:attachment":[{"href":"https:\/\/baselle.com\/en\/wp-json\/wp\/v2\/media?parent=21293"}],"wp:term":[{"taxonomy":"product_brand","embeddable":true,"href":"https:\/\/baselle.com\/en\/wp-json\/wp\/v2\/product_brand?post=21293"},{"taxonomy":"product_cat","embeddable":true,"href":"https:\/\/baselle.com\/en\/wp-json\/wp\/v2\/product_cat?post=21293"},{"taxonomy":"product_tag","embeddable":true,"href":"https:\/\/baselle.com\/en\/wp-json\/wp\/v2\/product_tag?post=21293"}],"curies":[{"name":"wp","href":"https:\/\/api.w.org\/{rel}","templated":true}]}}