{"id":20613,"date":"2024-05-06T17:06:42","date_gmt":"2024-05-06T15:06:42","guid":{"rendered":"https:\/\/baselle.com\/?post_type=product&#038;p=20613"},"modified":"2024-05-28T16:49:40","modified_gmt":"2024-05-28T14:49:40","slug":"chanel-23a-crystal-cc-flower-pendant-necklace-halskette-20613","status":"publish","type":"product","link":"https:\/\/baselle.com\/en\/product\/chanel-23a-crystal-cc-flower-pendant-necklace-halskette-20613\/","title":{"rendered":"CHANEL 23A CC Halskette"},"content":{"rendered":"<p><strong>CHANEL 23A Crystal CC Flower Pendant Necklace Beschreibung<\/strong><\/p>\n<p>Dieses originale CHANEL 23A Crystal CC Flower Pendant Necklace ist &#8220;Made in Italy&#8221;. Die Halskette ist aus hellgoldenem Metall gefertigt und verf\u00fcgt \u00fcber zwei sch\u00f6ne mit Strasssteinchen besetzte Anh\u00e4nger. <\/p>\n<p><strong>Mint condition<\/strong><br \/>\nDieses CHANEL 23A Crystal CC Flower Pendant Necklace aus zweiter Hand ist in einem neuwertigen Zustand.<\/p>\n<p><strong>Total length of the chain (approx.):<\/strong> 47 cm (7 cm verstellbar)<br \/>\n<strong>Gr\u00f6\u00dfe CC-Logo (ca.):<\/strong> 1 cm <\/p>\n<p><strong>Material:<\/strong> Metal, rhinestones <\/p>\n<p>The pictures represent the offered necklace. The picture rights are held by MyLovelyBoutique.com. <\/p>\n<p>Follow us on <a href=\"https:\/\/www.instagram.com\/mylovelyboutique.de\/\" rel=\"noopener noreferrer\" target=\"_blank\"><strong>Instagram<\/strong><\/a> and get inspired.<\/p>","protected":false},"excerpt":{"rendered":"<table class=\"mlb-product-details\">\n<tbody>\n<tr>\n<td class=\"mlb-details-caption\">Model<\/td>\n<td class=\"mlb-details-value\">23A Crystal CC Flower Pendant Necklace<\/td>\n<\/tr>\n<tr>\n<td class=\"mlb-details-caption\">Colour<\/td>\n<td class=\"mlb-details-value\">Light gold<\/td>\n<\/tr>\n<tr>\n<td class=\"mlb-details-caption\">Hardware<\/td>\n<td class=\"mlb-details-value\">Metal, rhinestones<\/td>\n<\/tr>\n<tr>\n<td class=\"mlb-details-caption\">Year<\/td>\n<td class=\"mlb-details-value\">2023<\/td>\n<\/tr>\n<tr>\n<td class=\"mlb-details-caption\">Accessoires<\/td>\n<td class=\"mlb-details-value\">Invoice, box, dustbag<\/td>\n<\/tr>\n<tr>\n<td class=\"mlb-details-caption\">Condition<\/td>\n<td class=\"mlb-details-value\">Mint condition<\/td>\n<\/tr>\n<\/tbody>\n<\/table>","protected":false},"featured_media":20627,"template":"","meta":[],"product_brand":[],"product_cat":[1430,154,3678,3676],"product_tag":[],"class_list":{"0":"post-20613","1":"product","2":"type-product","3":"status-publish","4":"has-post-thumbnail","6":"product_cat-chanel","7":"product_cat-designer","8":"product_cat-halsketten","9":"product_cat-schmuck","10":"product_shipping_class-bis1000","12":"first","13":"outofstock","14":"sold-individually","15":"shipping-taxable","16":"purchasable","17":"product-type-simple"},"_links":{"self":[{"href":"https:\/\/baselle.com\/en\/wp-json\/wp\/v2\/product\/20613","targetHints":{"allow":["GET"]}}],"collection":[{"href":"https:\/\/baselle.com\/en\/wp-json\/wp\/v2\/product"}],"about":[{"href":"https:\/\/baselle.com\/en\/wp-json\/wp\/v2\/types\/product"}],"wp:featuredmedia":[{"embeddable":true,"href":"https:\/\/baselle.com\/en\/wp-json\/wp\/v2\/media\/20627"}],"wp:attachment":[{"href":"https:\/\/baselle.com\/en\/wp-json\/wp\/v2\/media?parent=20613"}],"wp:term":[{"taxonomy":"product_brand","embeddable":true,"href":"https:\/\/baselle.com\/en\/wp-json\/wp\/v2\/product_brand?post=20613"},{"taxonomy":"product_cat","embeddable":true,"href":"https:\/\/baselle.com\/en\/wp-json\/wp\/v2\/product_cat?post=20613"},{"taxonomy":"product_tag","embeddable":true,"href":"https:\/\/baselle.com\/en\/wp-json\/wp\/v2\/product_tag?post=20613"}],"curies":[{"name":"wp","href":"https:\/\/api.w.org\/{rel}","templated":true}]}}