{"id":20202,"date":"2024-04-28T00:01:24","date_gmt":"2024-04-27T22:01:24","guid":{"rendered":"https:\/\/baselle.com\/?post_type=product&#038;p=20202"},"modified":"2024-05-28T16:49:45","modified_gmt":"2024-05-28T14:49:45","slug":"chanel-funky-town-large-flap-bag-20202","status":"publish","type":"product","link":"https:\/\/baselle.com\/en\/product\/chanel-funky-town-large-flap-bag-20202\/","title":{"rendered":"Chanel Funky Town Large Flap Bag"},"content":{"rendered":"<p>\n<strong>CHANEL Funky Town Large Flap Bag Handtasche Beschreibung<\/strong><\/p>\n<p>Diese originale CHANEL Funky Town Large Flap Bag Handtasche besticht durch ihren modernen Look. Sie ist aus Lammleder gefertigt und verf\u00fcgt goldene Hardware-Akzente mit Ruthenium-Finish. Die Chunky Chain setzt bei diesem Modell ein besonderes Highlight. <\/p>\n<p>Die CHANEL Flap Bag \u00f6ffnet sich zu einem schwarzen Innenfutter mit einem Rei\u00dfverschlussfach und einem Steckfach. Ein weiteres aufgesetztes Steckfach befindet sich auf dem Taschenr\u00fccken. Die Tasche kann bequem \u00fcber der Schulter getragen werden.\n<\/p>\n<p>\n<strong>Very good condition:<\/strong><br \/>\nDiese CHANEL Funky Town Large Flap Bag Handtasche ist insgesamt in einem sehr guten Zustand. Die Tasche wurde kaum getragen, weshalb das Lammleder sowie die goldfarbene Hardware in einem sehr sch\u00f6nen Zustand ist. Das Tascheninnere ist sauber, ohne Ger\u00fcche und weist keine L\u00f6cher\/Risse auf.\n<\/p>\n<p>\n<strong>Style:<\/strong>Shoulder Bag<br \/>\n<strong>Size:<\/strong> Large<br \/>\n<strong>Dimensions (approx.):<\/strong> Breite 27 cm * H\u00f6he 18 cm * Tiefe 8 cm<br \/>\n<strong>Strap length:<\/strong> 69 cm\n<\/p>\n<p>\n<strong>Exterior material:<\/strong> Lambskin leather<br \/>\n<strong>Interior Material<\/strong> Lammleder, Textilinnenfutter\n<\/p>\n<p>The pictures represent the offered bag. The picture rights are held by MyLovelyBoutique.com. <\/p>\n<p>Follow us on <a href=\"https:\/\/www.instagram.com\/mylovelyboutique.de\/\" rel=\"noopener noreferrer\" target=\"_blank\"><strong>Instagram<\/strong><\/a> and get inspired. <\/p>","protected":false},"excerpt":{"rendered":"<table class=\"mlb-product-details\">\n<tbody>\n<tr>\n<td class=\"mlb-details-caption\">Model<\/td>\n<td class=\"mlb-details-value\">CHANEL Funky Town Large Flap Bag<\/td>\n<\/tr>\n<tr>\n<td class=\"mlb-details-caption\">Colour<\/td>\n<td class=\"mlb-details-value\">Black<\/td>\n<\/tr>\n<tr>\n<td class=\"mlb-details-caption\">Hardware<\/td>\n<td class=\"mlb-details-value\">Aged Gold<\/td>\n<\/tr>\n<tr>\n<td class=\"mlb-details-caption\">Year<\/td>\n<td class=\"mlb-details-value\">2022<\/td>\n<\/tr>\n<tr>\n<td class=\"mlb-details-caption\">Accessoires<\/td>\n<td class=\"mlb-details-value\">Box, dustbag, RFID Chip<\/td>\n<\/tr>\n<tr>\n<td class=\"mlb-details-caption\">Condition<\/td>\n<td class=\"mlb-details-value\">Very good condition<\/td>\n<\/tr>\n<\/tbody>\n<\/table>","protected":false},"featured_media":20203,"template":"","meta":[],"product_brand":[],"product_cat":[1430,154,85,99],"product_tag":[],"class_list":{"0":"post-20202","1":"product","2":"type-product","3":"status-publish","4":"has-post-thumbnail","6":"product_cat-chanel","7":"product_cat-designer","8":"product_cat-schultertaschen","9":"product_cat-taschen","10":"product_shipping_class-bis5000","12":"first","13":"outofstock","14":"sold-individually","15":"shipping-taxable","16":"purchasable","17":"product-type-simple"},"_links":{"self":[{"href":"https:\/\/baselle.com\/en\/wp-json\/wp\/v2\/product\/20202","targetHints":{"allow":["GET"]}}],"collection":[{"href":"https:\/\/baselle.com\/en\/wp-json\/wp\/v2\/product"}],"about":[{"href":"https:\/\/baselle.com\/en\/wp-json\/wp\/v2\/types\/product"}],"wp:featuredmedia":[{"embeddable":true,"href":"https:\/\/baselle.com\/en\/wp-json\/wp\/v2\/media\/20203"}],"wp:attachment":[{"href":"https:\/\/baselle.com\/en\/wp-json\/wp\/v2\/media?parent=20202"}],"wp:term":[{"taxonomy":"product_brand","embeddable":true,"href":"https:\/\/baselle.com\/en\/wp-json\/wp\/v2\/product_brand?post=20202"},{"taxonomy":"product_cat","embeddable":true,"href":"https:\/\/baselle.com\/en\/wp-json\/wp\/v2\/product_cat?post=20202"},{"taxonomy":"product_tag","embeddable":true,"href":"https:\/\/baselle.com\/en\/wp-json\/wp\/v2\/product_tag?post=20202"}],"curies":[{"name":"wp","href":"https:\/\/api.w.org\/{rel}","templated":true}]}}