{"id":20069,"date":"2024-04-27T00:34:08","date_gmt":"2024-04-26T22:34:08","guid":{"rendered":"https:\/\/baselle.com\/?post_type=product&#038;p=20069"},"modified":"2024-05-28T16:49:34","modified_gmt":"2024-05-28T14:49:34","slug":"chanel-23p-heart-crystal-cc-half-circle-drop-earrings-20069","status":"publish","type":"product","link":"https:\/\/baselle.com\/en\/product\/chanel-23p-heart-crystal-cc-half-circle-drop-earrings-20069\/","title":{"rendered":"CHANEL 23P Heart Crystal CC Drop Earrings"},"content":{"rendered":"<p><strong>CHANEL 23P Heart Crystal CC Half Circle Drop Earrings Beschreibung<\/strong><\/p>\n<p>Diese originalen CHANEL 23P Heart Crystal CC Half Circle Drop Earrings sind ein sehr gesuchtes Modell und eignen sich perfekt als Geschenk. Dieses Schmuckst\u00fcck ist aus hellgoldenen mit Herz verzierten Kreolen gefertigt und verf\u00fcgt \u00fcber h\u00e4ngende CC-Logos. <\/p>\n<p><strong>Mint condition<\/strong><br \/>\nDiese CHANEL 23P Heart Crystal CC Drop Earrings aus zweiter Hand sind in einem neuwertigen Zustand.<\/p>\n<p><strong>Dimensions (approx.):<\/strong> L\u00e4nge = 3,2 cm, Durchmesser Kreolen = 1,8 cm, CC-Logo = 1,7 cm<\/p>\n<p><strong>Material:<\/strong>Geh\u00e4mmertes Metall, Strass <\/p>\n<p>The pictures represent the offered earrings. The picture rights are held by MyLovelyBoutique.com. <\/p>\n<p>Follow us on <a href=\"https:\/\/www.instagram.com\/mylovelyboutique.de\/\" rel=\"noopener noreferrer\" target=\"_blank\"><strong>Instagram<\/strong><\/a> and get inspired.<\/p>","protected":false},"excerpt":{"rendered":"<table class=\"mlb-product-details\">\n<tbody>\n<tr>\n<td class=\"mlb-details-caption\">Model<\/td>\n<td class=\"mlb-details-value\">CHANEL 23P Heart Crystal CC Half Circle Drop Earrings<\/td>\n<\/tr>\n<tr>\n<td class=\"mlb-details-caption\">Colour<\/td>\n<td class=\"mlb-details-value\">Light gold<\/td>\n<\/tr>\n<tr>\n<td class=\"mlb-details-caption\">Hardware<\/td>\n<td class=\"mlb-details-value\">Metal, rhinestones<\/td>\n<\/tr>\n<tr>\n<td class=\"mlb-details-caption\">Year<\/td>\n<td class=\"mlb-details-value\">2023<\/td>\n<\/tr>\n<tr>\n<td class=\"mlb-details-caption\">Accessoires<\/td>\n<td class=\"mlb-details-value\">Invoice, box, dustbag<\/td>\n<\/tr>\n<tr>\n<td class=\"mlb-details-caption\">Condition<\/td>\n<td class=\"mlb-details-value\">Mint condition<\/td>\n<\/tr>\n<\/tbody>\n<\/table>","protected":false},"featured_media":20186,"template":"","meta":[],"product_brand":[],"product_cat":[1430,154,3677,3676],"product_tag":[],"class_list":{"0":"post-20069","1":"product","2":"type-product","3":"status-publish","4":"has-post-thumbnail","6":"product_cat-chanel","7":"product_cat-designer","8":"product_cat-ohrringe","9":"product_cat-schmuck","10":"product_shipping_class-bis1000","12":"first","13":"outofstock","14":"sold-individually","15":"shipping-taxable","16":"purchasable","17":"product-type-simple"},"_links":{"self":[{"href":"https:\/\/baselle.com\/en\/wp-json\/wp\/v2\/product\/20069","targetHints":{"allow":["GET"]}}],"collection":[{"href":"https:\/\/baselle.com\/en\/wp-json\/wp\/v2\/product"}],"about":[{"href":"https:\/\/baselle.com\/en\/wp-json\/wp\/v2\/types\/product"}],"wp:featuredmedia":[{"embeddable":true,"href":"https:\/\/baselle.com\/en\/wp-json\/wp\/v2\/media\/20186"}],"wp:attachment":[{"href":"https:\/\/baselle.com\/en\/wp-json\/wp\/v2\/media?parent=20069"}],"wp:term":[{"taxonomy":"product_brand","embeddable":true,"href":"https:\/\/baselle.com\/en\/wp-json\/wp\/v2\/product_brand?post=20069"},{"taxonomy":"product_cat","embeddable":true,"href":"https:\/\/baselle.com\/en\/wp-json\/wp\/v2\/product_cat?post=20069"},{"taxonomy":"product_tag","embeddable":true,"href":"https:\/\/baselle.com\/en\/wp-json\/wp\/v2\/product_tag?post=20069"}],"curies":[{"name":"wp","href":"https:\/\/api.w.org\/{rel}","templated":true}]}}