{"id":19930,"date":"2024-04-19T20:53:12","date_gmt":"2024-04-19T18:53:12","guid":{"rendered":"https:\/\/baselle.com\/?post_type=product&#038;p=19930"},"modified":"2024-05-22T00:49:27","modified_gmt":"2024-05-21T22:49:27","slug":"hermes-garden-party-30-leder-handtasche-19930","status":"publish","type":"product","link":"https:\/\/baselle.com\/en\/product\/hermes-garden-party-30-leder-handtasche-19930\/","title":{"rendered":"Herm\u00e8s Garden Party 30"},"content":{"rendered":"<p>\n<strong>Herm\u00e8s Garden Party 30 Leder Handtasche Beschreibung<\/strong><\/p>\n<p>Diese originale Herm\u00e8s Garden Party 30 Leder Handtasche vereint schlichtes Design mit l\u00e4ssigem Tragekomfort. Sie ist aus N\u00e9gonda-Kalbsleder gefertigt und verf\u00fcgt \u00fcber doppelte Ledergriffe und silberne Hardware-Akzente.<\/p>\n<p>Die Garden Party Handtasche \u00f6ffnet sich durch einen Druckknopfverschluss zu einem hellen Stofffutter mit einem Rei\u00dfverschlussfach. Sie kann an der Hand oder in der Armbeuge getragen werden und verspricht maximalen Tragekomfort.\n<\/p>\n<p>\n<strong>New condition:<\/strong><br \/>\nDiese Herm\u00e8s Garden Party 30 Handtasche ist neu und ungetragen.\n<\/p>\n<p>\n<strong>Style:<\/strong> Handbag<br \/>\n<strong>Size:<\/strong> 30<br \/>\n<strong>Dimensions (approx.):<\/strong> Breite 30 cm * H\u00f6he 21 cm * Tiefe 13 cm\n<\/p>\n<p>\n<strong>Exterior material:<\/strong> N\u00e9gonda-Kalbsleder<br \/>\n<strong>Interior Material<\/strong> Stoffinnenfutter\n<\/p>\n<p>The pictures represent the offered bag. The picture rights are held by MyLovelyBoutique.com. <\/p>\n<p>Follow us on <a href=\"https:\/\/www.instagram.com\/mylovelyboutique.de\/\" rel=\"noopener noreferrer\" target=\"_blank\">Instagram<\/a> and get inspired. <\/p>","protected":false},"excerpt":{"rendered":"<table class=\"mlb-product-details\">\n<tbody>\n<tr>\n<td class=\"mlb-details-caption\">Model<\/td>\n<td class=\"mlb-details-value\">Garden Party 30<\/td>\n<\/tr>\n<tr>\n<td class=\"mlb-details-caption\">Colour<\/td>\n<td class=\"mlb-details-value\">Orange<\/td>\n<\/tr>\n<tr>\n<td class=\"mlb-details-caption\">Hardware<\/td>\n<td class=\"mlb-details-value\">Silver and palladium-plated<\/td>\n<\/tr>\n<tr>\n<td class=\"mlb-details-caption\">Year<\/td>\n<td class=\"mlb-details-value\">2024<\/td>\n<\/tr>\n<tr>\n<td class=\"mlb-details-caption\">Accessoires<\/td>\n<td class=\"mlb-details-value\">Invoice, box, dustbag<\/td>\n<\/tr>\n<tr>\n<td class=\"mlb-details-caption\">Condition<\/td>\n<td class=\"mlb-details-value\">New condition<\/td>\n<\/tr>\n<\/tbody>\n<\/table>","protected":false},"featured_media":19933,"template":"","meta":[],"product_brand":[],"product_cat":[154,68,3671,99],"product_tag":[],"class_list":{"0":"post-19930","1":"product","2":"type-product","3":"status-publish","4":"has-post-thumbnail","6":"product_cat-designer","7":"product_cat-handtaschen","8":"product_cat-hermes","9":"product_cat-taschen","10":"product_shipping_class-bis5000","12":"first","13":"outofstock","14":"sold-individually","15":"shipping-taxable","16":"purchasable","17":"product-type-simple"},"_links":{"self":[{"href":"https:\/\/baselle.com\/en\/wp-json\/wp\/v2\/product\/19930","targetHints":{"allow":["GET"]}}],"collection":[{"href":"https:\/\/baselle.com\/en\/wp-json\/wp\/v2\/product"}],"about":[{"href":"https:\/\/baselle.com\/en\/wp-json\/wp\/v2\/types\/product"}],"wp:featuredmedia":[{"embeddable":true,"href":"https:\/\/baselle.com\/en\/wp-json\/wp\/v2\/media\/19933"}],"wp:attachment":[{"href":"https:\/\/baselle.com\/en\/wp-json\/wp\/v2\/media?parent=19930"}],"wp:term":[{"taxonomy":"product_brand","embeddable":true,"href":"https:\/\/baselle.com\/en\/wp-json\/wp\/v2\/product_brand?post=19930"},{"taxonomy":"product_cat","embeddable":true,"href":"https:\/\/baselle.com\/en\/wp-json\/wp\/v2\/product_cat?post=19930"},{"taxonomy":"product_tag","embeddable":true,"href":"https:\/\/baselle.com\/en\/wp-json\/wp\/v2\/product_tag?post=19930"}],"curies":[{"name":"wp","href":"https:\/\/api.w.org\/{rel}","templated":true}]}}