{"id":19874,"date":"2024-04-23T11:52:43","date_gmt":"2024-04-23T09:52:43","guid":{"rendered":"https:\/\/baselle.com\/?post_type=product&#038;p=19874"},"modified":"2025-03-01T08:35:48","modified_gmt":"2025-03-01T07:35:48","slug":"chanel-19p-cc-pendant-necklace-19874","status":"publish","type":"product","link":"https:\/\/baselle.com\/en\/product\/chanel-19p-cc-pendant-necklace-19874\/","title":{"rendered":"Chanel 19P CC Pendant Halskette"},"content":{"rendered":"<p><strong>CHANEL 19P CC Pendant Necklace Beschreibung<\/strong><\/p>\n<p>Dieses originale CHANEL 19P CC Pendant Necklace ist &#8220;Made in France&#8221;. Die Halskette ist aus schwarz-silbernem Metall gefertigt und verf\u00fcgt \u00fcber einen mit schwarzen und transparenten Strasssteinchen besetzten CC-Logo Anh\u00e4nger. Sie kann auf zwei verschiedenen L\u00e4ngen getragen werden (60 cm \/ 41,5 cm)<\/p>\n<p><strong>Mint condition<\/strong><br \/>\nDieses CHANEL 19P Pendant Necklace aus zweiter Hand ist in einem neuwertigen Zustand.<\/p>\n<p><strong>Total length of the chain (approx.):<\/strong> 60 cm<br \/>\n<strong>Diameter CC-Logo (approx.):<\/strong> 2,3 cm <\/p>\n<p><strong>Material:<\/strong> Metal, rhinestones <\/p>\n<p>The pictures represent the offered necklace. The picture rights are held by BASELLE. <\/p>\n<p>Follow us on <a href=\"https:\/\/www.instagram.com\/baselle:com\/\" rel=\"noopener noreferrer\" target=\"_blank\"><strong>Instagram<\/strong><\/a> and get inspired.<\/p>","protected":false},"excerpt":{"rendered":"<table class=\"mlb-product-details\">\n<tbody>\n<tr>\n<td class=\"mlb-details-caption\">Model<\/td>\n<td class=\"mlb-details-value\">19P CC Pendant Necklace<\/td>\n<\/tr>\n<tr>\n<td class=\"mlb-details-caption\">Colour<\/td>\n<td class=\"mlb-details-value\">Black<\/td>\n<\/tr>\n<tr>\n<td class=\"mlb-details-caption\">Hardware<\/td>\n<td class=\"mlb-details-value\">Metal, rhinestones<\/td>\n<\/tr>\n<tr>\n<td class=\"mlb-details-caption\">Year<\/td>\n<td class=\"mlb-details-value\">2019<\/td>\n<\/tr>\n<tr>\n<td class=\"mlb-details-caption\">Accessoires<\/td>\n<td class=\"mlb-details-value\">Invoice, box, dustbag<\/td>\n<\/tr>\n<tr>\n<td class=\"mlb-details-caption\">Condition<\/td>\n<td class=\"mlb-details-value\">Mint condition<\/td>\n<\/tr>\n<\/tbody>\n<\/table>","protected":false},"featured_media":23226,"template":"","meta":[],"product_brand":[],"product_cat":[1430,154,3678,3676],"product_tag":[],"class_list":{"0":"post-19874","1":"product","2":"type-product","3":"status-publish","4":"has-post-thumbnail","6":"product_cat-chanel","7":"product_cat-designer","8":"product_cat-halsketten","9":"product_cat-schmuck","10":"product_shipping_class-bis1000","12":"first","13":"instock","14":"sold-individually","15":"shipping-taxable","16":"purchasable","17":"product-type-simple"},"_links":{"self":[{"href":"https:\/\/baselle.com\/en\/wp-json\/wp\/v2\/product\/19874","targetHints":{"allow":["GET"]}}],"collection":[{"href":"https:\/\/baselle.com\/en\/wp-json\/wp\/v2\/product"}],"about":[{"href":"https:\/\/baselle.com\/en\/wp-json\/wp\/v2\/types\/product"}],"wp:featuredmedia":[{"embeddable":true,"href":"https:\/\/baselle.com\/en\/wp-json\/wp\/v2\/media\/23226"}],"wp:attachment":[{"href":"https:\/\/baselle.com\/en\/wp-json\/wp\/v2\/media?parent=19874"}],"wp:term":[{"taxonomy":"product_brand","embeddable":true,"href":"https:\/\/baselle.com\/en\/wp-json\/wp\/v2\/product_brand?post=19874"},{"taxonomy":"product_cat","embeddable":true,"href":"https:\/\/baselle.com\/en\/wp-json\/wp\/v2\/product_cat?post=19874"},{"taxonomy":"product_tag","embeddable":true,"href":"https:\/\/baselle.com\/en\/wp-json\/wp\/v2\/product_tag?post=19874"}],"curies":[{"name":"wp","href":"https:\/\/api.w.org\/{rel}","templated":true}]}}