{"id":19872,"date":"2024-04-19T13:46:16","date_gmt":"2024-04-19T11:46:16","guid":{"rendered":"https:\/\/baselle.com\/?post_type=product&#038;p=19872"},"modified":"2024-12-22T15:35:25","modified_gmt":"2024-12-22T14:35:25","slug":"louis-vuitton-essential-v-armband-19872","status":"publish","type":"product","link":"https:\/\/baselle.com\/en\/product\/louis-vuitton-essential-v-armband-19872\/","title":{"rendered":"Louis Vuitton Essential V Armband"},"content":{"rendered":"<p><strong>Louis Vuitton Essential V Armband Beschreibung<\/strong><\/p>\n<p>Dieses originale Louis Vuitton Essential V Armband besticht durch die unverkennbare V Signatur und dem LV Monogram. Das Armband ist aus Canvas und Kalbsleder gefertigt und verf\u00fcgt \u00fcber goldene Beschl\u00e4ge. <\/p>\n<p><strong>Mint condition<\/strong><br \/>\nDieses Louis Vuitton Essential V Armband aus zweiter Hand ist in einem neuwertigen Zustand.<\/p>\n<p><strong>Size:<\/strong> 17 (ca. 1 cm verstellbar)<\/p>\n<p><strong>Material:<\/strong> Canvas, calfskin leather<\/p>\n<p>The pictures represent the offered bracelet. The picture rights are held by MyLovelyBoutique.com. <\/p>\n<p>Follow us on <a href=\"https:\/\/www.instagram.com\/mylovelyboutique.de\/\" rel=\"noopener noreferrer\" target=\"_blank\"><strong>Instagram<\/strong><\/a> and get inspired.<\/p>","protected":false},"excerpt":{"rendered":"<table class=\"mlb-product-details\">\n<tbody>\n<tr>\n<td class=\"mlb-details-caption\">Model<\/td>\n<td class=\"mlb-details-value\">Essential V Armband<\/td>\n<\/tr>\n<tr>\n<td class=\"mlb-details-caption\">Colour<\/td>\n<td class=\"mlb-details-value\">Brown<\/td>\n<\/tr>\n<tr>\n<td class=\"mlb-details-caption\">Hardware<\/td>\n<td class=\"mlb-details-value\">Gold<\/td>\n<\/tr>\n<tr>\n<td class=\"mlb-details-caption\">Year<\/td>\n<td class=\"mlb-details-value\">2019<\/td>\n<\/tr>\n<tr>\n<td class=\"mlb-details-caption\">Accessoires<\/td>\n<td class=\"mlb-details-value\">Invoice, box, dustbag<\/td>\n<\/tr>\n<tr>\n<td class=\"mlb-details-caption\">Condition<\/td>\n<td class=\"mlb-details-value\">Mint condition<\/td>\n<\/tr>\n<\/tbody>\n<\/table>","protected":false},"featured_media":19925,"template":"","meta":[],"product_brand":[],"product_cat":[3680,154,1431,3676],"product_tag":[],"class_list":{"0":"post-19872","1":"product","2":"type-product","3":"status-publish","4":"has-post-thumbnail","6":"product_cat-armbaender","7":"product_cat-designer","8":"product_cat-louisvuitton","9":"product_cat-schmuck","10":"product_shipping_class-0-500","12":"first","13":"outofstock","14":"sold-individually","15":"shipping-taxable","16":"purchasable","17":"product-type-simple"},"_links":{"self":[{"href":"https:\/\/baselle.com\/en\/wp-json\/wp\/v2\/product\/19872","targetHints":{"allow":["GET"]}}],"collection":[{"href":"https:\/\/baselle.com\/en\/wp-json\/wp\/v2\/product"}],"about":[{"href":"https:\/\/baselle.com\/en\/wp-json\/wp\/v2\/types\/product"}],"wp:featuredmedia":[{"embeddable":true,"href":"https:\/\/baselle.com\/en\/wp-json\/wp\/v2\/media\/19925"}],"wp:attachment":[{"href":"https:\/\/baselle.com\/en\/wp-json\/wp\/v2\/media?parent=19872"}],"wp:term":[{"taxonomy":"product_brand","embeddable":true,"href":"https:\/\/baselle.com\/en\/wp-json\/wp\/v2\/product_brand?post=19872"},{"taxonomy":"product_cat","embeddable":true,"href":"https:\/\/baselle.com\/en\/wp-json\/wp\/v2\/product_cat?post=19872"},{"taxonomy":"product_tag","embeddable":true,"href":"https:\/\/baselle.com\/en\/wp-json\/wp\/v2\/product_tag?post=19872"}],"curies":[{"name":"wp","href":"https:\/\/api.w.org\/{rel}","templated":true}]}}